{"id":701134,"date":"2025-08-27T15:06:02","date_gmt":"2025-08-27T12:06:02","guid":{"rendered":"https:\/\/roveyayinevi.com.tr\/index.php\/urun\/kotu-bir-yilin-guncesi\/"},"modified":"2026-04-16T02:10:40","modified_gmt":"2026-04-15T23:10:40","slug":"kotu-bir-yilin-guncesi","status":"publish","type":"product","link":"https:\/\/roveyayinevi.com.tr\/index.php\/urun\/kotu-bir-yilin-guncesi\/","title":{"rendered":"K\u00f6t\u00fc Bir Y\u0131l\u0131n G\u00fcncesi"},"content":{"rendered":"<p>Kitab\u0131n kahraman\u0131 olan yetmi\u015f iki ya\u015f\u0131ndaki Avustralyal\u0131 \u00fcnl\u00fc bir yazardan, \u00c7arp\u0131c\u0131 Fikirler adl\u0131 bir kitaba katk\u0131da bulunmas\u0131 rica edilir. O da bunu f\u0131rsat bilir; Makyavelizmden, anar\u015fizme, El Kaide\u2019den devlet ile vatanda\u015f aras\u0131ndaki ili\u015fkilerin niteli\u011fine, Amerika ile \u0130ngiltere\u2019nin Ortado\u011fu\u2019daki sava\u015flar\u0131na Avustralya\u2019n\u0131n su\u00e7 ortakl\u0131\u011f\u0131 etmesine kadar sorgulamad\u0131\u011f\u0131 konu kalmaz. Bu arada yazar\u0131n \u00f6zel ya\u015fam\u0131nda da beklenmedik geli\u015fmeler olmaktad\u0131r. 2003 Nobel \u00d6d\u00fcl\u00fc sahibi Coetzee, bu roman\u0131nda ilgin\u00e7 bir bi\u00e7im denemesi ger\u00e7ekle\u015ftiriyor. Romandaki yazar\u0131n kitaba yazd\u0131klar\u0131, yazar\u0131n ve yaz\u0131lar\u0131 temize \u00e7eken kad\u0131n\u0131n d\u00fc\u015f\u00fcnceleri ile kad\u0131n\u0131n sevgilisinin yakla\u015f\u0131m\u0131 ayn\u0131 sayfa i\u00e7inde \u00fc\u00e7 farkl\u0131 b\u00f6l\u00fcmde s\u00fcrd\u00fcr\u00fcl\u00fcyor. \u00c7arp\u0131c\u0131 Fikirler deki g\u00f6r\u00fc\u015flerin Coetzee\u2019nin kendi d\u00fc\u015f\u00fcnceleri ve g\u00fcn\u00fcm\u00fcz\u00fcn d\u00fcnyas\u0131na bak\u0131\u015f\u0131 olmas\u0131, romana belgesel bir tat da kat\u0131yor. K\u00f6t\u00fc Bir Y\u0131l\u0131n G\u00fcncesi, gerek bu niteli\u011fi gerekse de\u011fi\u015fik bi\u00e7imi nedeniyle ilgin\u00e7 bir okuma deneyimi ve keyfi olacakt\u0131r. \ufffc<\/p>\n","protected":false},"excerpt":{"rendered":"<p>Kitab\u0131n kahraman\u0131 olan yetmi\u015f iki ya\u015f\u0131ndaki Avustralyal\u0131 \u00fcnl\u00fc bir yazardan, \u00c7arp\u0131c\u0131 Fikirler adl\u0131 bir kitaba katk\u0131da bulunmas\u0131 rica edilir. O da bunu f\u0131rsat bilir; Makyavelizmden, anar\u015fizme,<span class=\"excerpt-hellip\"> [\u2026]<\/span><\/p>\n","protected":false},"featured_media":0,"template":"","meta":{"_monsterinsights_skip_tracking":false,"_monsterinsights_sitenote_active":false,"_monsterinsights_sitenote_note":"","_monsterinsights_sitenote_category":0},"product_brand":[],"product_cat":[12291,12711],"product_tag":[],"class_list":{"0":"post-701134","1":"product","2":"type-product","3":"status-publish","5":"product_cat-edebiyat","6":"product_cat-roman-oyku","7":"pa_cilt-ciltsiz","8":"pa_tur-kitap","9":"pa_yayinevi-can-yayinlari","10":"pa_yazar-j-m-coetzee","12":"first","13":"instock","14":"sale","15":"shipping-taxable","16":"purchasable","17":"product-type-simple"},"_links":{"self":[{"href":"https:\/\/roveyayinevi.com.tr\/index.php\/wp-json\/wp\/v2\/product\/701134","targetHints":{"allow":["GET"]}}],"collection":[{"href":"https:\/\/roveyayinevi.com.tr\/index.php\/wp-json\/wp\/v2\/product"}],"about":[{"href":"https:\/\/roveyayinevi.com.tr\/index.php\/wp-json\/wp\/v2\/types\/product"}],"wp:attachment":[{"href":"https:\/\/roveyayinevi.com.tr\/index.php\/wp-json\/wp\/v2\/media?parent=701134"}],"wp:term":[{"taxonomy":"product_brand","embeddable":true,"href":"https:\/\/roveyayinevi.com.tr\/index.php\/wp-json\/wp\/v2\/product_brand?post=701134"},{"taxonomy":"product_cat","embeddable":true,"href":"https:\/\/roveyayinevi.com.tr\/index.php\/wp-json\/wp\/v2\/product_cat?post=701134"},{"taxonomy":"product_tag","embeddable":true,"href":"https:\/\/roveyayinevi.com.tr\/index.php\/wp-json\/wp\/v2\/product_tag?post=701134"}],"curies":[{"name":"wp","href":"https:\/\/api.w.org\/{rel}","templated":true}]}}