{"id":701133,"date":"2025-08-27T15:06:01","date_gmt":"2025-08-27T12:06:01","guid":{"rendered":"https:\/\/roveyayinevi.com.tr\/index.php\/urun\/koku\/"},"modified":"2026-04-16T02:10:40","modified_gmt":"2026-04-15T23:10:40","slug":"koku","status":"publish","type":"product","link":"https:\/\/roveyayinevi.com.tr\/index.php\/urun\/koku\/","title":{"rendered":"Koku"},"content":{"rendered":"<p>XVIII. y\u00fczy\u0131l Fransa. Kitab\u0131n kahraman\u0131 Jean-Baptiste Grenouille, t\u00fcm insanc\u0131l duyumlardan ve duygulardan yoksun, yaln\u0131z kokulara kar\u015f\u0131 g\u00f6r\u00fclmedik \u00f6l\u00e7\u00fcde duyarl\u0131, istedi\u011fi kokular\u0131 \u00fcretebilmek i\u00e7in cinayet i\u015flemekten bile \u00e7ekinmeyen bir katildir. Herkesin, her \u015feyin kokusunu almak, diledi\u011fi t\u00fcm kokular\u0131 \u00fcretmek konusunda ger\u00e7ek bir d\u00e2hi olan bu gen\u00e7 adam, kendi kokusunun olmad\u0131\u011f\u0131n\u0131, bulundu\u011fu yerlerde insanlar\u0131n kendisinden \u00e7\u0131kan kokuyu alamad\u0131klar\u0131n\u0131 anlad\u0131\u011f\u0131 g\u00fcn d\u00fcnyas\u0131n\u0131 yitirmi\u015ftir. Tek \u00e7\u0131kar yol, ba\u015fkalar\u0131na sanki insanm\u0131\u015f izlenimi verecek kokular s\u00fcr\u00fcnmektir. Toplum i\u00e7inde bir birey olarak var olamam\u0131\u015f, ama kendi benli\u011fi d\u0131\u015f\u0131nda her istedi\u011fini yaratabilmi\u015f bir d\u00e2hiyi sergileyen bu g\u00f6rkemli alegorinin ola\u011fan\u00fcst\u00fc bir ak\u0131c\u0131l\u0131kla eri\u015filen son b\u00f6l\u00fcm\u00fc, benzeri herhalde ancak Kafka\u2019n\u0131n eserinde g\u00f6r\u00fclebilecek bir insanl\u0131k tragedyas\u0131n\u0131n anlat\u0131s\u0131d\u0131r. <\/p>\n","protected":false},"excerpt":{"rendered":"<p>XVIII. y\u00fczy\u0131l Fransa. Kitab\u0131n kahraman\u0131 Jean-Baptiste Grenouille, t\u00fcm insanc\u0131l duyumlardan ve duygulardan yoksun, yaln\u0131z kokulara kar\u015f\u0131 g\u00f6r\u00fclmedik \u00f6l\u00e7\u00fcde duyarl\u0131, istedi\u011fi kokular\u0131 \u00fcretebilmek i\u00e7in cinayet i\u015flemekten bile<span class=\"excerpt-hellip\"> [\u2026]<\/span><\/p>\n","protected":false},"featured_media":0,"template":"","meta":{"_monsterinsights_skip_tracking":false,"_monsterinsights_sitenote_active":false,"_monsterinsights_sitenote_note":"","_monsterinsights_sitenote_category":0},"product_brand":[],"product_cat":[12782,12291],"product_tag":[],"class_list":{"0":"post-701133","1":"product","2":"type-product","3":"status-publish","5":"product_cat-alman-edebiyati","6":"product_cat-edebiyat","7":"pa_cilt-ciltsiz","8":"pa_tur-kitap","9":"pa_yayinevi-can-yayinlari","10":"pa_yazar-patrick-suskind","12":"first","13":"instock","14":"sale","15":"shipping-taxable","16":"purchasable","17":"product-type-simple"},"_links":{"self":[{"href":"https:\/\/roveyayinevi.com.tr\/index.php\/wp-json\/wp\/v2\/product\/701133","targetHints":{"allow":["GET"]}}],"collection":[{"href":"https:\/\/roveyayinevi.com.tr\/index.php\/wp-json\/wp\/v2\/product"}],"about":[{"href":"https:\/\/roveyayinevi.com.tr\/index.php\/wp-json\/wp\/v2\/types\/product"}],"wp:attachment":[{"href":"https:\/\/roveyayinevi.com.tr\/index.php\/wp-json\/wp\/v2\/media?parent=701133"}],"wp:term":[{"taxonomy":"product_brand","embeddable":true,"href":"https:\/\/roveyayinevi.com.tr\/index.php\/wp-json\/wp\/v2\/product_brand?post=701133"},{"taxonomy":"product_cat","embeddable":true,"href":"https:\/\/roveyayinevi.com.tr\/index.php\/wp-json\/wp\/v2\/product_cat?post=701133"},{"taxonomy":"product_tag","embeddable":true,"href":"https:\/\/roveyayinevi.com.tr\/index.php\/wp-json\/wp\/v2\/product_tag?post=701133"}],"curies":[{"name":"wp","href":"https:\/\/api.w.org\/{rel}","templated":true}]}}