{"id":701131,"date":"2025-08-27T15:06:01","date_gmt":"2025-08-27T12:06:01","guid":{"rendered":"https:\/\/roveyayinevi.com.tr\/index.php\/urun\/perde\/"},"modified":"2026-04-16T02:10:40","modified_gmt":"2026-04-15T23:10:40","slug":"perde","status":"publish","type":"product","link":"https:\/\/roveyayinevi.com.tr\/index.php\/urun\/perde\/","title":{"rendered":"Perde"},"content":{"rendered":"<p>Yazd\u0131\u011f\u0131 romanlar \u00e7ok geni\u015f bir okur kitlesince okunan ve y\u00fczy\u0131l\u0131m\u0131z\u0131n en \u00f6nemli yazarlar\u0131 aras\u0131nda g\u00f6sterilen Milan Kundera, Perde adl\u0131 yedi b\u00f6l\u00fcmden olu\u015fan bu denemesinde, Sapt\u0131r\u0131lm\u0131\u015f Vasiyetler ve Roman Sanat\u0131\u2019ndan son bir kez daha roman\u0131 kendi evreni i\u00e7inde de ele al\u0131yor. Bu kez roman\u0131 tarihsel evrimi i\u00e7inde, Cervantes\u2019den Marquez\u2019e, Rabelais\u2019den Flaubert\u2019e, Musil\u2019den Stendhal\u2019e t\u00fcr\u00fcn\u00fcn yap\u0131 ta\u015flar\u0131n\u0131 olu\u015fturan yazarlar ve yap\u0131tlar\u0131 aras\u0131nda dola\u015farak incelerken bir yandan da, kendisinden \u00f6nce Goethe\u2019nin b\u00fcy\u00fck bir \u00f6ng\u00f6r\u00fcyle dile getirdi\u011fi D\u00fcnya Edebiyat\u0131 kavram\u0131n\u0131n niteliklerini sorguluyor. Roman\u0131n ve ya\u015fam\u0131n asl\u0131nda tek ve ayn\u0131 oldu\u011funu bir kez daha kan\u0131tl\u0131yor. T\u00fcm bunlar\u0131 dile getirirken de \u00f6\u011fretici bir s\u00f6ylemin tuzaklar\u0131na d\u00fc\u015fmeden, kimi zaman k\u0131zarak, kimi zaman heyecanlanarak, zaman zaman da co\u015farak okuyucusunu unutulmaz olan\u0131n y\u0131k\u0131lmaz \u015fatosu roman\u0131n derinliklerinde bir yolculu\u011fa \u00e7\u0131kar\u0131yor. \ufffcTan\u0131t\u0131m Metni<\/p>\n","protected":false},"excerpt":{"rendered":"<p>Yazd\u0131\u011f\u0131 romanlar \u00e7ok geni\u015f bir okur kitlesince okunan ve y\u00fczy\u0131l\u0131m\u0131z\u0131n en \u00f6nemli yazarlar\u0131 aras\u0131nda g\u00f6sterilen Milan Kundera, Perde adl\u0131 yedi b\u00f6l\u00fcmden olu\u015fan bu denemesinde, Sapt\u0131r\u0131lm\u0131\u015f Vasiyetler<span class=\"excerpt-hellip\"> [\u2026]<\/span><\/p>\n","protected":false},"featured_media":0,"template":"","meta":{"_monsterinsights_skip_tracking":false,"_monsterinsights_sitenote_active":false,"_monsterinsights_sitenote_note":"","_monsterinsights_sitenote_category":0},"product_brand":[],"product_cat":[12777,12291],"product_tag":[],"class_list":{"0":"post-701131","1":"product","2":"type-product","3":"status-publish","5":"product_cat-deneme","6":"product_cat-edebiyat","7":"pa_cilt-ciltsiz","8":"pa_tur-kitap","9":"pa_yayinevi-can-yayinlari","10":"pa_yazar-milan-kundera","12":"first","13":"instock","14":"sale","15":"shipping-taxable","16":"purchasable","17":"product-type-simple"},"_links":{"self":[{"href":"https:\/\/roveyayinevi.com.tr\/index.php\/wp-json\/wp\/v2\/product\/701131","targetHints":{"allow":["GET"]}}],"collection":[{"href":"https:\/\/roveyayinevi.com.tr\/index.php\/wp-json\/wp\/v2\/product"}],"about":[{"href":"https:\/\/roveyayinevi.com.tr\/index.php\/wp-json\/wp\/v2\/types\/product"}],"wp:attachment":[{"href":"https:\/\/roveyayinevi.com.tr\/index.php\/wp-json\/wp\/v2\/media?parent=701131"}],"wp:term":[{"taxonomy":"product_brand","embeddable":true,"href":"https:\/\/roveyayinevi.com.tr\/index.php\/wp-json\/wp\/v2\/product_brand?post=701131"},{"taxonomy":"product_cat","embeddable":true,"href":"https:\/\/roveyayinevi.com.tr\/index.php\/wp-json\/wp\/v2\/product_cat?post=701131"},{"taxonomy":"product_tag","embeddable":true,"href":"https:\/\/roveyayinevi.com.tr\/index.php\/wp-json\/wp\/v2\/product_tag?post=701131"}],"curies":[{"name":"wp","href":"https:\/\/api.w.org\/{rel}","templated":true}]}}