{"id":701129,"date":"2025-08-27T15:06:00","date_gmt":"2025-08-27T12:06:00","guid":{"rendered":"https:\/\/roveyayinevi.com.tr\/index.php\/urun\/narcissusun-zencisi\/"},"modified":"2026-04-16T02:10:40","modified_gmt":"2026-04-15T23:10:40","slug":"narcissusun-zencisi","status":"publish","type":"product","link":"https:\/\/roveyayinevi.com.tr\/index.php\/urun\/narcissusun-zencisi\/","title":{"rendered":"Narcissus\u2019un Zencisi"},"content":{"rendered":"<p>Narcissus\u2019un Zencisi, deniz edebiyat\u0131n\u0131n en b\u00fcy\u00fck ad\u0131, en usta kalemi olarak tan\u0131mlanan Joseph Conrad\u2019\u0131n bir uzun \u00f6yk\u00fcs\u00fcd\u00fcr. Yazar\u0131n ki\u015fisel deneyimlerinden kaynaklanan bu \u00f6yk\u00fcy\u00fc okurken, f\u0131rt\u0131nal\u0131 bir denizde dalgalar\u0131n \u00fczerinize do\u011fru geldi\u011fini, g\u00fcvertesinde \u00e7aresizlik i\u00e7inde k\u0131vrand\u0131\u011f\u0131n\u0131z teknenin alabora olma tehlikesiyle kar\u015f\u0131la\u015ft\u0131\u011f\u0131n\u0131 sanki oradaym\u0131\u015f\u00e7as\u0131na hissedeceksiniz.   Gemi m\u00fcrettebat\u0131yla el ele verip teknenizi kurtarmaya \u00e7al\u0131\u015facak, bu arada sizin varl\u0131\u011f\u0131n\u0131z\u0131 umursamayan patrona kar\u015f\u0131 yine birlikte h\u0131n\u00e7lanacaks\u0131n\u0131z.   \u00dczerleri beyaz k\u00f6p\u00fcklerle ta\u00e7lanm\u0131\u015f dalgalar\u0131n pe\u015f pe\u015fe \u015fahlan\u0131p devrilmesini, g\u00f6rkemli bir deniz tablosuna bakar gibi izleyeceksiniz. <\/p>\n","protected":false},"excerpt":{"rendered":"<p>Narcissus\u2019un Zencisi, deniz edebiyat\u0131n\u0131n en b\u00fcy\u00fck ad\u0131, en usta kalemi olarak tan\u0131mlanan Joseph Conrad\u2019\u0131n bir uzun \u00f6yk\u00fcs\u00fcd\u00fcr. Yazar\u0131n ki\u015fisel deneyimlerinden kaynaklanan bu \u00f6yk\u00fcy\u00fc okurken, f\u0131rt\u0131nal\u0131 bir<span class=\"excerpt-hellip\"> [\u2026]<\/span><\/p>\n","protected":false},"featured_media":0,"template":"","meta":{"_monsterinsights_skip_tracking":false,"_monsterinsights_sitenote_active":false,"_monsterinsights_sitenote_note":"","_monsterinsights_sitenote_category":0},"product_brand":[],"product_cat":[12291,12866],"product_tag":[],"class_list":{"0":"post-701129","1":"product","2":"type-product","3":"status-publish","5":"product_cat-edebiyat","6":"product_cat-ingiliz-edebiyati","7":"pa_cilt-ciltsiz","8":"pa_tur-kitap","9":"pa_yayinevi-can-yayinlari","10":"pa_yazar-joseph-conrad","12":"first","13":"instock","14":"sale","15":"shipping-taxable","16":"purchasable","17":"product-type-simple"},"_links":{"self":[{"href":"https:\/\/roveyayinevi.com.tr\/index.php\/wp-json\/wp\/v2\/product\/701129","targetHints":{"allow":["GET"]}}],"collection":[{"href":"https:\/\/roveyayinevi.com.tr\/index.php\/wp-json\/wp\/v2\/product"}],"about":[{"href":"https:\/\/roveyayinevi.com.tr\/index.php\/wp-json\/wp\/v2\/types\/product"}],"wp:attachment":[{"href":"https:\/\/roveyayinevi.com.tr\/index.php\/wp-json\/wp\/v2\/media?parent=701129"}],"wp:term":[{"taxonomy":"product_brand","embeddable":true,"href":"https:\/\/roveyayinevi.com.tr\/index.php\/wp-json\/wp\/v2\/product_brand?post=701129"},{"taxonomy":"product_cat","embeddable":true,"href":"https:\/\/roveyayinevi.com.tr\/index.php\/wp-json\/wp\/v2\/product_cat?post=701129"},{"taxonomy":"product_tag","embeddable":true,"href":"https:\/\/roveyayinevi.com.tr\/index.php\/wp-json\/wp\/v2\/product_tag?post=701129"}],"curies":[{"name":"wp","href":"https:\/\/api.w.org\/{rel}","templated":true}]}}