{"id":701128,"date":"2025-08-27T15:06:00","date_gmt":"2025-08-27T12:06:00","guid":{"rendered":"https:\/\/roveyayinevi.com.tr\/index.php\/urun\/murver-agaci\/"},"modified":"2026-04-16T02:10:40","modified_gmt":"2026-04-15T23:10:40","slug":"murver-agaci","status":"publish","type":"product","link":"https:\/\/roveyayinevi.com.tr\/index.php\/urun\/murver-agaci\/","title":{"rendered":"M\u00fcrver A\u011fac\u0131"},"content":{"rendered":"<p>Masallar, hayalet \u00f6yk\u00fcleri, dedektiflik hik\u00e2yeleri ve t\u00f6re komedileri&#8230; Bu kitapta toplanan ve Oscar Wilde\u2019a bir edebiyat yazar olarak isim kazand\u0131ran \u00f6yk\u00fclerde, bir\u00e7ok edeb\u00ee \u00fcslup bir araya getirilerek benzersiz bir ustal\u0131kla \u00f6r\u00fcl\u00fcyor. <\/p>\n","protected":false},"excerpt":{"rendered":"<p>Masallar, hayalet \u00f6yk\u00fcleri, dedektiflik hik\u00e2yeleri ve t\u00f6re komedileri&#8230; Bu kitapta toplanan ve Oscar Wilde\u2019a bir edebiyat yazar olarak isim kazand\u0131ran \u00f6yk\u00fclerde, bir\u00e7ok edeb\u00ee \u00fcslup bir araya<span class=\"excerpt-hellip\"> [\u2026]<\/span><\/p>\n","protected":false},"featured_media":0,"template":"","meta":{"_monsterinsights_skip_tracking":false,"_monsterinsights_sitenote_active":false,"_monsterinsights_sitenote_note":"","_monsterinsights_sitenote_category":0},"product_brand":[],"product_cat":[12291,12866],"product_tag":[],"class_list":{"0":"post-701128","1":"product","2":"type-product","3":"status-publish","5":"product_cat-edebiyat","6":"product_cat-ingiliz-edebiyati","7":"pa_cilt-ciltsiz","8":"pa_tur-kitap","9":"pa_yayinevi-can-yayinlari","10":"pa_yazar-oscar-wilde","12":"first","13":"instock","14":"sale","15":"shipping-taxable","16":"purchasable","17":"product-type-simple"},"_links":{"self":[{"href":"https:\/\/roveyayinevi.com.tr\/index.php\/wp-json\/wp\/v2\/product\/701128","targetHints":{"allow":["GET"]}}],"collection":[{"href":"https:\/\/roveyayinevi.com.tr\/index.php\/wp-json\/wp\/v2\/product"}],"about":[{"href":"https:\/\/roveyayinevi.com.tr\/index.php\/wp-json\/wp\/v2\/types\/product"}],"wp:attachment":[{"href":"https:\/\/roveyayinevi.com.tr\/index.php\/wp-json\/wp\/v2\/media?parent=701128"}],"wp:term":[{"taxonomy":"product_brand","embeddable":true,"href":"https:\/\/roveyayinevi.com.tr\/index.php\/wp-json\/wp\/v2\/product_brand?post=701128"},{"taxonomy":"product_cat","embeddable":true,"href":"https:\/\/roveyayinevi.com.tr\/index.php\/wp-json\/wp\/v2\/product_cat?post=701128"},{"taxonomy":"product_tag","embeddable":true,"href":"https:\/\/roveyayinevi.com.tr\/index.php\/wp-json\/wp\/v2\/product_tag?post=701128"}],"curies":[{"name":"wp","href":"https:\/\/api.w.org\/{rel}","templated":true}]}}