{"id":701127,"date":"2025-08-27T15:05:59","date_gmt":"2025-08-27T12:05:59","guid":{"rendered":"https:\/\/roveyayinevi.com.tr\/index.php\/urun\/bir-bulusma\/"},"modified":"2026-04-16T02:10:40","modified_gmt":"2026-04-15T23:10:40","slug":"bir-bulusma","status":"publish","type":"product","link":"https:\/\/roveyayinevi.com.tr\/index.php\/urun\/bir-bulusma\/","title":{"rendered":"Bir Bulu\u015fma"},"content":{"rendered":"<p>Bir Bulu\u015fma, Milan Kundera\u2019n\u0131n, Sapt\u0131r\u0131lm\u0131\u015f Vasiyetler, Roman Sanat\u0131 ve Perde gibi ak\u0131llarda yer eden denemelerinden sonra okurlar\u0131na yeni s\u00fcrprizi. Yazar, m\u00fczikten sinemaya, resimden edebiyata sanat\u0131n \u00e7e\u015fitli dallar\u0131nda eser vermi\u015f, Danilo Kis, Oscar Milosz, Goytisolo, Chamoiseau, Fuentes, Xenakis, Rabelais, C\u00e9line, Fellini, Garc\u00eda M\u00e1rquez, Malaparte, Philippe Roth, Anatole France, Bacon gibi \u00e7a\u011flar\u0131na damgas\u0131n\u0131 vurmu\u015f entelekt\u00fcellerin izinden giderek, sanat\u0131n d\u00fcnyayla, hayatla, g\u00fclmekle, \u00f6l\u00fcmle, unutu\u015fla, bellekle olan ili\u015fkisini sorguluyor. XXI. y\u00fczy\u0131l\u0131n en iyi yazarlar\u0131ndan biri olarak kabul edilen Kundera, dokuz b\u00f6l\u00fcmden olu\u015fan bu deneme kitab\u0131nda, bir yandan sanat ve edebiyat alanlar\u0131ndaki tercihlerini, deneyimlerini payla\u015f\u0131rken, di\u011fer yandan da k\u00fclt\u00fcrel miras\u0131n g\u00fcc\u00fcn\u00fc, ge\u00e7mi\u015fle kopan ba\u011flar\u0131, bi\u00e7imlerin ve \u00e7a\u011flar\u0131n \u00f6tesinde sanatsal platformda birle\u015fen ili\u015fkilerin alt\u0131n\u0131 \u00e7izmi\u015f. G\u00fclmeyi, s\u00fcrg\u00fcn\u00fc, g\u00fcnl\u00fck ya\u015fam\u0131n dayan\u0131lmaz s\u0131radanl\u0131\u011f\u0131n\u0131 ve kaos i\u00e7inde denge yaratma g\u00fcc\u00fcn\u00fc yan yana koyup uzla\u015ft\u0131rarak, her zamanki gibi keyifli bir okuma e\u015fli\u011finde okuyucunun zihninde yeni ufuklar a\u00e7may\u0131 ba\u015farm\u0131\u015f. \ufffcTan\u0131t\u0131m Metni<\/p>\n","protected":false},"excerpt":{"rendered":"<p>Bir Bulu\u015fma, Milan Kundera\u2019n\u0131n, Sapt\u0131r\u0131lm\u0131\u015f Vasiyetler, Roman Sanat\u0131 ve Perde gibi ak\u0131llarda yer eden denemelerinden sonra okurlar\u0131na yeni s\u00fcrprizi. Yazar, m\u00fczikten sinemaya, resimden edebiyata sanat\u0131n \u00e7e\u015fitli<span class=\"excerpt-hellip\"> [\u2026]<\/span><\/p>\n","protected":false},"featured_media":0,"template":"","meta":{"_monsterinsights_skip_tracking":false,"_monsterinsights_sitenote_active":false,"_monsterinsights_sitenote_note":"","_monsterinsights_sitenote_category":0},"product_brand":[],"product_cat":[12777,12291],"product_tag":[],"class_list":{"0":"post-701127","1":"product","2":"type-product","3":"status-publish","5":"product_cat-deneme","6":"product_cat-edebiyat","7":"pa_cilt-ciltsiz","8":"pa_tur-kitap","9":"pa_yayinevi-can-yayinlari","10":"pa_yazar-milan-kundera","12":"first","13":"instock","14":"sale","15":"shipping-taxable","16":"purchasable","17":"product-type-simple"},"_links":{"self":[{"href":"https:\/\/roveyayinevi.com.tr\/index.php\/wp-json\/wp\/v2\/product\/701127","targetHints":{"allow":["GET"]}}],"collection":[{"href":"https:\/\/roveyayinevi.com.tr\/index.php\/wp-json\/wp\/v2\/product"}],"about":[{"href":"https:\/\/roveyayinevi.com.tr\/index.php\/wp-json\/wp\/v2\/types\/product"}],"wp:attachment":[{"href":"https:\/\/roveyayinevi.com.tr\/index.php\/wp-json\/wp\/v2\/media?parent=701127"}],"wp:term":[{"taxonomy":"product_brand","embeddable":true,"href":"https:\/\/roveyayinevi.com.tr\/index.php\/wp-json\/wp\/v2\/product_brand?post=701127"},{"taxonomy":"product_cat","embeddable":true,"href":"https:\/\/roveyayinevi.com.tr\/index.php\/wp-json\/wp\/v2\/product_cat?post=701127"},{"taxonomy":"product_tag","embeddable":true,"href":"https:\/\/roveyayinevi.com.tr\/index.php\/wp-json\/wp\/v2\/product_tag?post=701127"}],"curies":[{"name":"wp","href":"https:\/\/api.w.org\/{rel}","templated":true}]}}