{"id":701123,"date":"2025-08-27T15:05:58","date_gmt":"2025-08-27T12:05:58","guid":{"rendered":"https:\/\/roveyayinevi.com.tr\/index.php\/urun\/mor-salkimli-ev\/"},"modified":"2026-04-16T02:10:40","modified_gmt":"2026-04-15T23:10:40","slug":"mor-salkimli-ev","status":"publish","type":"product","link":"https:\/\/roveyayinevi.com.tr\/index.php\/urun\/mor-salkimli-ev\/","title":{"rendered":"Mor Salk\u0131ml\u0131 Ev"},"content":{"rendered":"<p>\u201cEvin kendisi, \u00e7ocu\u011fun haf\u0131zas\u0131nda Mor Salk\u0131ml\u0131 Ev yaftas\u0131n\u0131 ta\u015f\u0131r. Bu ev, yar\u0131m as\u0131rdan ziyade, bazen de her gece, bu k\u00fc\u00e7\u00fck k\u0131z\u0131n r\u00fcyalar\u0131na girmi\u015ftir. Arka taraftaki bah\u00e7eye naz\u0131r pencereler, \u00e7ifte merdivenlerin sahanl\u0131klar\u0131ndaki ince uzun pencereleri, ba\u015ftan ba\u015fa mor salk\u0131ml\u0131d\u0131r ve ak\u015fam g\u00fcne\u015finde mor \u00e7i\u00e7ekler aras\u0131nda camlar birer ate\u015f levhas\u0131 gibi parlar.\u201d <\/p>\n","protected":false},"excerpt":{"rendered":"<p>\u201cEvin kendisi, \u00e7ocu\u011fun haf\u0131zas\u0131nda Mor Salk\u0131ml\u0131 Ev yaftas\u0131n\u0131 ta\u015f\u0131r. Bu ev, yar\u0131m as\u0131rdan ziyade, bazen de her gece, bu k\u00fc\u00e7\u00fck k\u0131z\u0131n r\u00fcyalar\u0131na girmi\u015ftir. Arka taraftaki bah\u00e7eye<span class=\"excerpt-hellip\"> [\u2026]<\/span><\/p>\n","protected":false},"featured_media":0,"template":"","meta":{"_monsterinsights_skip_tracking":false,"_monsterinsights_sitenote_active":false,"_monsterinsights_sitenote_note":"","_monsterinsights_sitenote_category":0},"product_brand":[],"product_cat":[12274,20117],"product_tag":[],"class_list":{"0":"post-701123","1":"product","2":"type-product","3":"status-publish","5":"product_cat-cocuk-ve-genclik-kitaplari","6":"product_cat-turk-klasikleri","7":"pa_cilt-ciltsiz","8":"pa_tur-kitap","9":"pa_yayinevi-can-yayinlari","10":"pa_yazar-halide-edib-adivar","12":"first","13":"instock","14":"sale","15":"shipping-taxable","16":"purchasable","17":"product-type-simple"},"_links":{"self":[{"href":"https:\/\/roveyayinevi.com.tr\/index.php\/wp-json\/wp\/v2\/product\/701123","targetHints":{"allow":["GET"]}}],"collection":[{"href":"https:\/\/roveyayinevi.com.tr\/index.php\/wp-json\/wp\/v2\/product"}],"about":[{"href":"https:\/\/roveyayinevi.com.tr\/index.php\/wp-json\/wp\/v2\/types\/product"}],"wp:attachment":[{"href":"https:\/\/roveyayinevi.com.tr\/index.php\/wp-json\/wp\/v2\/media?parent=701123"}],"wp:term":[{"taxonomy":"product_brand","embeddable":true,"href":"https:\/\/roveyayinevi.com.tr\/index.php\/wp-json\/wp\/v2\/product_brand?post=701123"},{"taxonomy":"product_cat","embeddable":true,"href":"https:\/\/roveyayinevi.com.tr\/index.php\/wp-json\/wp\/v2\/product_cat?post=701123"},{"taxonomy":"product_tag","embeddable":true,"href":"https:\/\/roveyayinevi.com.tr\/index.php\/wp-json\/wp\/v2\/product_tag?post=701123"}],"curies":[{"name":"wp","href":"https:\/\/api.w.org\/{rel}","templated":true}]}}