{"id":701112,"date":"2025-08-27T15:05:54","date_gmt":"2025-08-27T12:05:54","guid":{"rendered":"https:\/\/roveyayinevi.com.tr\/index.php\/urun\/sivil-toplum-yazilari\/"},"modified":"2026-04-16T02:10:40","modified_gmt":"2026-04-15T23:10:40","slug":"sivil-toplum-yazilari","status":"publish","type":"product","link":"https:\/\/roveyayinevi.com.tr\/index.php\/urun\/sivil-toplum-yazilari\/","title":{"rendered":"Sivil Toplum Yaz\u0131lar\u0131"},"content":{"rendered":"<p>Cumhuriyet tarihini, de\u011fi\u015fik fonksiyonlar ve \u00f6zellikleri a\u00e7\u0131s\u0131ndan numaraland\u0131rma i\u015flemini (2. Cumhuriyet gibi) ve   Kurtulu\u015f Sava\u015f\u0131&#8217;n\u0131n anti-emperyalist olmad\u0131\u011f\u0131   tezini 1973 y\u0131l\u0131nda ortaya s\u00fcren K\u00fc\u00e7\u00fck\u00f6mer, \u00f6teden beri \u00f6zg\u00fcn d\u00fc\u015f\u00fcncelerinden dolay\u0131   ambargo  ydu. Kimli\u011fine kar\u015f\u0131 konulan bu   ambargo  yu kimler daha da a\u011f\u0131rla\u015ft\u0131rmak i\u00e7in gizli\/a\u00e7\u0131k tav\u0131r almad\u0131, ittifaklara girmedi ki? <\/p>\n","protected":false},"excerpt":{"rendered":"<p>Cumhuriyet tarihini, de\u011fi\u015fik fonksiyonlar ve \u00f6zellikleri a\u00e7\u0131s\u0131ndan numaraland\u0131rma i\u015flemini (2. Cumhuriyet gibi) ve Kurtulu\u015f Sava\u015f\u0131&#8217;n\u0131n anti-emperyalist olmad\u0131\u011f\u0131 tezini 1973 y\u0131l\u0131nda ortaya s\u00fcren K\u00fc\u00e7\u00fck\u00f6mer, \u00f6teden beri \u00f6zg\u00fcn<span class=\"excerpt-hellip\"> [\u2026]<\/span><\/p>\n","protected":false},"featured_media":0,"template":"","meta":{"_monsterinsights_skip_tracking":false,"_monsterinsights_sitenote_active":false,"_monsterinsights_sitenote_note":"","_monsterinsights_sitenote_category":0},"product_brand":[],"product_cat":[13278,12324],"product_tag":[],"class_list":{"0":"post-701112","1":"product","2":"type-product","3":"status-publish","5":"product_cat-sivil-toplum-kuruluslari","6":"product_cat-sosyoloji","7":"pa_tur-kitap","8":"pa_yayinevi-profil-kitap","9":"pa_yazar-idris-kucukomer","11":"first","12":"instock","13":"sale","14":"shipping-taxable","15":"purchasable","16":"product-type-simple"},"_links":{"self":[{"href":"https:\/\/roveyayinevi.com.tr\/index.php\/wp-json\/wp\/v2\/product\/701112","targetHints":{"allow":["GET"]}}],"collection":[{"href":"https:\/\/roveyayinevi.com.tr\/index.php\/wp-json\/wp\/v2\/product"}],"about":[{"href":"https:\/\/roveyayinevi.com.tr\/index.php\/wp-json\/wp\/v2\/types\/product"}],"wp:attachment":[{"href":"https:\/\/roveyayinevi.com.tr\/index.php\/wp-json\/wp\/v2\/media?parent=701112"}],"wp:term":[{"taxonomy":"product_brand","embeddable":true,"href":"https:\/\/roveyayinevi.com.tr\/index.php\/wp-json\/wp\/v2\/product_brand?post=701112"},{"taxonomy":"product_cat","embeddable":true,"href":"https:\/\/roveyayinevi.com.tr\/index.php\/wp-json\/wp\/v2\/product_cat?post=701112"},{"taxonomy":"product_tag","embeddable":true,"href":"https:\/\/roveyayinevi.com.tr\/index.php\/wp-json\/wp\/v2\/product_tag?post=701112"}],"curies":[{"name":"wp","href":"https:\/\/api.w.org\/{rel}","templated":true}]}}