{"id":701101,"date":"2025-08-27T15:05:51","date_gmt":"2025-08-27T12:05:51","guid":{"rendered":"https:\/\/roveyayinevi.com.tr\/index.php\/urun\/moll-flanders\/"},"modified":"2026-04-16T02:10:11","modified_gmt":"2026-04-15T23:10:11","slug":"moll-flanders","status":"publish","type":"product","link":"https:\/\/roveyayinevi.com.tr\/index.php\/urun\/moll-flanders\/","title":{"rendered":"Moll Flanders"},"content":{"rendered":"<p>Moll Flanders, XVII. y\u00fczy\u0131l \u0130ngilteresi\u2019nde d\u00fcnyaya gelen bir kad\u0131n\u0131n ya\u015fam\u00f6yk\u00fcs\u00fcn\u00fc, kendi a\u011fz\u0131ndan aktar\u0131r. Zindanda do\u011fup on iki y\u0131l fahi\u015felik, on iki y\u0131l h\u0131rs\u0131zl\u0131k yaparak ya\u015fayan, ba\u015f\u0131ndan be\u015f evlilik ge\u00e7en, maceralar\u0131 \u0130ngiltere\u2019den Amerika\u2019ya uzanan Moll Flanders, tart\u0131\u015fmaya a\u00e7\u0131k hayat g\u00f6r\u00fc\u015f\u00fc ve derinlemesine sunulan portresiyle \u0130ngiliz edebiyat\u0131n\u0131n en ilgi \u00e7ekici kad\u0131n kahramanlar\u0131ndan biridir. <\/p>\n","protected":false},"excerpt":{"rendered":"<p>Moll Flanders, XVII. y\u00fczy\u0131l \u0130ngilteresi\u2019nde d\u00fcnyaya gelen bir kad\u0131n\u0131n ya\u015fam\u00f6yk\u00fcs\u00fcn\u00fc, kendi a\u011fz\u0131ndan aktar\u0131r. Zindanda do\u011fup on iki y\u0131l fahi\u015felik, on iki y\u0131l h\u0131rs\u0131zl\u0131k yaparak ya\u015fayan, ba\u015f\u0131ndan<span class=\"excerpt-hellip\"> [\u2026]<\/span><\/p>\n","protected":false},"featured_media":0,"template":"","meta":{"_monsterinsights_skip_tracking":false,"_monsterinsights_sitenote_active":false,"_monsterinsights_sitenote_note":"","_monsterinsights_sitenote_category":0},"product_brand":[],"product_cat":[12291,12711],"product_tag":[],"class_list":{"0":"post-701101","1":"product","2":"type-product","3":"status-publish","5":"product_cat-edebiyat","6":"product_cat-roman-oyku","7":"pa_cilt-ciltsiz","8":"pa_tur-kitap","9":"pa_yayinevi-can-yayinlari","10":"pa_yazar-daniel-defoe","12":"first","13":"instock","14":"sale","15":"shipping-taxable","16":"purchasable","17":"product-type-simple"},"_links":{"self":[{"href":"https:\/\/roveyayinevi.com.tr\/index.php\/wp-json\/wp\/v2\/product\/701101","targetHints":{"allow":["GET"]}}],"collection":[{"href":"https:\/\/roveyayinevi.com.tr\/index.php\/wp-json\/wp\/v2\/product"}],"about":[{"href":"https:\/\/roveyayinevi.com.tr\/index.php\/wp-json\/wp\/v2\/types\/product"}],"wp:attachment":[{"href":"https:\/\/roveyayinevi.com.tr\/index.php\/wp-json\/wp\/v2\/media?parent=701101"}],"wp:term":[{"taxonomy":"product_brand","embeddable":true,"href":"https:\/\/roveyayinevi.com.tr\/index.php\/wp-json\/wp\/v2\/product_brand?post=701101"},{"taxonomy":"product_cat","embeddable":true,"href":"https:\/\/roveyayinevi.com.tr\/index.php\/wp-json\/wp\/v2\/product_cat?post=701101"},{"taxonomy":"product_tag","embeddable":true,"href":"https:\/\/roveyayinevi.com.tr\/index.php\/wp-json\/wp\/v2\/product_tag?post=701101"}],"curies":[{"name":"wp","href":"https:\/\/api.w.org\/{rel}","templated":true}]}}