{"id":701096,"date":"2025-08-27T15:05:49","date_gmt":"2025-08-27T12:05:49","guid":{"rendered":"https:\/\/roveyayinevi.com.tr\/index.php\/urun\/mozart-bir-yasam-oykusu\/"},"modified":"2026-04-16T02:10:11","modified_gmt":"2026-04-15T23:10:11","slug":"mozart-bir-yasam-oykusu","status":"publish","type":"product","link":"https:\/\/roveyayinevi.com.tr\/index.php\/urun\/mozart-bir-yasam-oykusu\/","title":{"rendered":"Mozart &#8211; Bir Ya\u015fam \u00d6yk\u00fcs\u00fc"},"content":{"rendered":"<p>Duygular\u0131m\u0131 \u015fiirle aktaramam, \u015fair de\u011filim; kendimi g\u00f6lgeler ve \u0131\u015f\u0131kla ifade edemem, ressam de\u011filim; d\u00fc\u015f\u00fcncelerimi hareketlerle de a\u00e7\u0131klayamam, dans\u00e7\u0131 de\u011filim. Ama bunlar\u0131n hepsini seslerle yapabilirim. Ben bir m\u00fczik\u00e7iyim. Yar\u0131n Cannabich\u2019lerin evinde, sizin do\u011fum ve isim g\u00fcn\u00fcn\u00fcz\u00fc kutlamak i\u00e7in piyano \u00e7alaca\u011f\u0131m. Sevgili Babac\u0131\u011f\u0131m, size, m\u00fczikte yeni hi\u00e7bir \u015feyin bestelenemeyece\u011fi y\u0131llar\u0131 g\u00f6recek kadar uzun bir ya\u015fam dilerim&#8230;<\/p>\n","protected":false},"excerpt":{"rendered":"<p>Duygular\u0131m\u0131 \u015fiirle aktaramam, \u015fair de\u011filim; kendimi g\u00f6lgeler ve \u0131\u015f\u0131kla ifade edemem, ressam de\u011filim; d\u00fc\u015f\u00fcncelerimi hareketlerle de a\u00e7\u0131klayamam, dans\u00e7\u0131 de\u011filim. Ama bunlar\u0131n hepsini seslerle yapabilirim. Ben bir<span class=\"excerpt-hellip\"> [\u2026]<\/span><\/p>\n","protected":false},"featured_media":0,"template":"","meta":{"_monsterinsights_skip_tracking":false,"_monsterinsights_sitenote_active":false,"_monsterinsights_sitenote_note":"","_monsterinsights_sitenote_category":0},"product_brand":[],"product_cat":[13946,12304],"product_tag":[],"class_list":{"0":"post-701096","1":"product","2":"type-product","3":"status-publish","5":"product_cat-biyografi-otobiyografi","6":"product_cat-tarih","7":"pa_cilt-ciltsiz","8":"pa_tur-kitap","9":"pa_yayinevi-can-yayinlari","10":"pa_yazar-aydin-buke","12":"first","13":"instock","14":"sale","15":"shipping-taxable","16":"purchasable","17":"product-type-simple"},"_links":{"self":[{"href":"https:\/\/roveyayinevi.com.tr\/index.php\/wp-json\/wp\/v2\/product\/701096","targetHints":{"allow":["GET"]}}],"collection":[{"href":"https:\/\/roveyayinevi.com.tr\/index.php\/wp-json\/wp\/v2\/product"}],"about":[{"href":"https:\/\/roveyayinevi.com.tr\/index.php\/wp-json\/wp\/v2\/types\/product"}],"wp:attachment":[{"href":"https:\/\/roveyayinevi.com.tr\/index.php\/wp-json\/wp\/v2\/media?parent=701096"}],"wp:term":[{"taxonomy":"product_brand","embeddable":true,"href":"https:\/\/roveyayinevi.com.tr\/index.php\/wp-json\/wp\/v2\/product_brand?post=701096"},{"taxonomy":"product_cat","embeddable":true,"href":"https:\/\/roveyayinevi.com.tr\/index.php\/wp-json\/wp\/v2\/product_cat?post=701096"},{"taxonomy":"product_tag","embeddable":true,"href":"https:\/\/roveyayinevi.com.tr\/index.php\/wp-json\/wp\/v2\/product_tag?post=701096"}],"curies":[{"name":"wp","href":"https:\/\/api.w.org\/{rel}","templated":true}]}}