{"id":701094,"date":"2025-08-27T15:05:49","date_gmt":"2025-08-27T12:05:49","guid":{"rendered":"https:\/\/roveyayinevi.com.tr\/index.php\/urun\/magara-arkadaslari\/"},"modified":"2026-04-16T02:10:11","modified_gmt":"2026-04-15T23:10:11","slug":"magara-arkadaslari","status":"publish","type":"product","link":"https:\/\/roveyayinevi.com.tr\/index.php\/urun\/magara-arkadaslari\/","title":{"rendered":"Ma\u011fara Arkada\u015flar\u0131"},"content":{"rendered":"<p>Ma\u011fara Arkada\u015flar\u0131, daha \u00f6nce Kapak K\u0131z\u0131, Ta\u015f K\u00e2\u011f\u0131t Makas, Bir Maniniz Yoksa Annemler Size Gelecek, Evvelotel ve Aziz Bey Hadisesi adl\u0131 kitaplar\u0131n\u0131 yay\u0131nlad\u0131\u011f\u0131m\u0131z Ayfer Tun\u00e7\u2019un edebiyat\u0131n\u0131n anlaml\u0131 ba\u015flang\u0131c\u0131 olarak niteledi\u011fi kitab\u0131. Tun\u00e7, bu kitab\u0131yla \u00f6yk\u00fcc\u00fcl\u00fc\u011f\u00fcm\u00fcz\u00fcn usta yazarlar\u0131 aras\u0131na girmi\u015fti. Ma\u011fara Arkada\u015flar\u0131, b\u00fcy\u00fck kentin karma\u015fas\u0131 i\u00e7inde kendi evlerine, kendi \u201cma\u011fara\u201dlar\u0131na kapanm\u0131\u015f, insanlar\u0131 anlat\u0131yor. Kitapla ayn\u0131 ad\u0131 ta\u015f\u0131yan \u00f6yk\u00fcn\u00fcn kahraman\u0131 bir apartman; Ayy\u0131ld\u0131z Apartman\u0131, katlar\u0131ndan birinde oturan Ayya\u015f Yazar\u2019\u0131n \u00e7ok yak\u0131nda sayg\u0131n bir isim olaca\u011f\u0131n\u0131, b\u00f6ylece apartman\u0131n itibar\u0131n\u0131 da kurtaraca\u011f\u0131n\u0131 d\u00fc\u015f\u00fcn\u00fcr. Ama yazar g\u00fcnlerini yedi katl\u0131 bu apartmanda Yedi Uyurlar s\u00f6ylencesini yeniden yazmay\u0131 d\u00fc\u015f\u00fcnmekle ge\u00e7irmekte, sonu\u00e7 alamamaktad\u0131r. Ayfer Tun\u00e7\u2019un ba\u015f\u0131ndan beri kurdu\u011fu dil ve insan merkezli anlat\u0131m, onun kitaplar\u0131n\u0131 geni\u015f bir okur kitlesine ta\u015f\u0131d\u0131. \u00d6yk\u00fcseverlerin ka\u00e7\u0131rmamalar\u0131 gerekiyor. \ufffcTan\u0131t\u0131m Metni<\/p>\n","protected":false},"excerpt":{"rendered":"<p>Ma\u011fara Arkada\u015flar\u0131, daha \u00f6nce Kapak K\u0131z\u0131, Ta\u015f K\u00e2\u011f\u0131t Makas, Bir Maniniz Yoksa Annemler Size Gelecek, Evvelotel ve Aziz Bey Hadisesi adl\u0131 kitaplar\u0131n\u0131 yay\u0131nlad\u0131\u011f\u0131m\u0131z Ayfer Tun\u00e7\u2019un edebiyat\u0131n\u0131n<span class=\"excerpt-hellip\"> [\u2026]<\/span><\/p>\n","protected":false},"featured_media":0,"template":"","meta":{"_monsterinsights_skip_tracking":false,"_monsterinsights_sitenote_active":false,"_monsterinsights_sitenote_note":"","_monsterinsights_sitenote_category":0},"product_brand":[],"product_cat":[12291,12711],"product_tag":[],"class_list":{"0":"post-701094","1":"product","2":"type-product","3":"status-publish","5":"product_cat-edebiyat","6":"product_cat-roman-oyku","7":"pa_cilt-ciltsiz","8":"pa_tur-kitap","9":"pa_yayinevi-can-yayinlari","10":"pa_yazar-ayfer-tunc","12":"first","13":"instock","14":"sale","15":"shipping-taxable","16":"purchasable","17":"product-type-simple"},"_links":{"self":[{"href":"https:\/\/roveyayinevi.com.tr\/index.php\/wp-json\/wp\/v2\/product\/701094","targetHints":{"allow":["GET"]}}],"collection":[{"href":"https:\/\/roveyayinevi.com.tr\/index.php\/wp-json\/wp\/v2\/product"}],"about":[{"href":"https:\/\/roveyayinevi.com.tr\/index.php\/wp-json\/wp\/v2\/types\/product"}],"wp:attachment":[{"href":"https:\/\/roveyayinevi.com.tr\/index.php\/wp-json\/wp\/v2\/media?parent=701094"}],"wp:term":[{"taxonomy":"product_brand","embeddable":true,"href":"https:\/\/roveyayinevi.com.tr\/index.php\/wp-json\/wp\/v2\/product_brand?post=701094"},{"taxonomy":"product_cat","embeddable":true,"href":"https:\/\/roveyayinevi.com.tr\/index.php\/wp-json\/wp\/v2\/product_cat?post=701094"},{"taxonomy":"product_tag","embeddable":true,"href":"https:\/\/roveyayinevi.com.tr\/index.php\/wp-json\/wp\/v2\/product_tag?post=701094"}],"curies":[{"name":"wp","href":"https:\/\/api.w.org\/{rel}","templated":true}]}}