{"id":701091,"date":"2025-08-27T15:05:48","date_gmt":"2025-08-27T12:05:48","guid":{"rendered":"https:\/\/roveyayinevi.com.tr\/index.php\/urun\/dusus\/"},"modified":"2026-04-13T02:12:40","modified_gmt":"2026-04-12T23:12:40","slug":"dusus","status":"publish","type":"product","link":"https:\/\/roveyayinevi.com.tr\/index.php\/urun\/dusus\/","title":{"rendered":"D\u00fc\u015f\u00fc\u015f"},"content":{"rendered":"<p>Albert Camus \u00e7a\u011fda\u015f d\u00fc\u015f\u00fcn ve yaz\u0131n d\u00fcnyas\u0131ndaki sayg\u0131n yerini yaln\u0131zca oyunlar\u0131yla da, yalm\u0131zca Sisifos S\u00f6yleni ve Ba\u015fkald\u0131ran \u0130nsan la da al\u0131rd\u0131 belki. Ama Camus&#8217;y\u00fc Camus yapan \u00f6ncelikle anlat\u0131 yap\u0131tlar\u0131d\u0131r. Yabanc\u0131 (1942), Veba (1947) ve D\u00fc\u015f\u00fc\u015f&#8217;se (1956) bu yap\u0131tlar aras\u0131nda \u00fc\u00e7 b\u00fcy\u00fck doruktur. Ancak, kimi yaz\u0131nseverler bu \u00fc\u00e7 ba\u015fyap\u0131t aras\u0131nda daha \u00e7ok D\u00fc\u015f\u00fc\u015f \u00fc ye\u011flerler. \ufffc<\/p>\n","protected":false},"excerpt":{"rendered":"<p>Albert Camus \u00e7a\u011fda\u015f d\u00fc\u015f\u00fcn ve yaz\u0131n d\u00fcnyas\u0131ndaki sayg\u0131n yerini yaln\u0131zca oyunlar\u0131yla da, yalm\u0131zca Sisifos S\u00f6yleni ve Ba\u015fkald\u0131ran \u0130nsan la da al\u0131rd\u0131 belki. Ama Camus&#8217;y\u00fc Camus yapan<span class=\"excerpt-hellip\"> [\u2026]<\/span><\/p>\n","protected":false},"featured_media":0,"template":"","meta":{"_monsterinsights_skip_tracking":false,"_monsterinsights_sitenote_active":false,"_monsterinsights_sitenote_note":"","_monsterinsights_sitenote_category":0},"product_brand":[],"product_cat":[12291,12711],"product_tag":[],"class_list":{"0":"post-701091","1":"product","2":"type-product","3":"status-publish","5":"product_cat-edebiyat","6":"product_cat-roman-oyku","7":"pa_cilt-ciltsiz","8":"pa_tur-kitap","9":"pa_yayinevi-can-yayinlari","10":"pa_yazar-albert-camus","12":"first","13":"instock","14":"sale","15":"shipping-taxable","16":"purchasable","17":"product-type-simple"},"_links":{"self":[{"href":"https:\/\/roveyayinevi.com.tr\/index.php\/wp-json\/wp\/v2\/product\/701091","targetHints":{"allow":["GET"]}}],"collection":[{"href":"https:\/\/roveyayinevi.com.tr\/index.php\/wp-json\/wp\/v2\/product"}],"about":[{"href":"https:\/\/roveyayinevi.com.tr\/index.php\/wp-json\/wp\/v2\/types\/product"}],"wp:attachment":[{"href":"https:\/\/roveyayinevi.com.tr\/index.php\/wp-json\/wp\/v2\/media?parent=701091"}],"wp:term":[{"taxonomy":"product_brand","embeddable":true,"href":"https:\/\/roveyayinevi.com.tr\/index.php\/wp-json\/wp\/v2\/product_brand?post=701091"},{"taxonomy":"product_cat","embeddable":true,"href":"https:\/\/roveyayinevi.com.tr\/index.php\/wp-json\/wp\/v2\/product_cat?post=701091"},{"taxonomy":"product_tag","embeddable":true,"href":"https:\/\/roveyayinevi.com.tr\/index.php\/wp-json\/wp\/v2\/product_tag?post=701091"}],"curies":[{"name":"wp","href":"https:\/\/api.w.org\/{rel}","templated":true}]}}