{"id":701071,"date":"2025-08-27T15:05:42","date_gmt":"2025-08-27T12:05:42","guid":{"rendered":"https:\/\/roveyayinevi.com.tr\/index.php\/urun\/lotte-weimarda\/"},"modified":"2026-04-16T02:10:11","modified_gmt":"2026-04-15T23:10:11","slug":"lotte-weimarda","status":"publish","type":"product","link":"https:\/\/roveyayinevi.com.tr\/index.php\/urun\/lotte-weimarda\/","title":{"rendered":"Lotte Weimar\u2019da"},"content":{"rendered":"<p>Thomas Mann\u2019\u0131n ilk kez 1939 y\u0131l\u0131nda yay\u0131mlanan \u00fcnl\u00fc roman\u0131 Lotte Weimar\u2019da, modern Alman edebiyat\u0131n\u0131n en \u00e7arp\u0131c\u0131 \u00f6rneklerinden biri, Mann\u2019\u0131n b\u00fcy\u00fck usta Goethe\u2019ye g\u00f6nderdi\u011fi \u00e7ok \u015f\u0131k bir selam. Roman, konusunu bir ba\u015fka romandan, Goethe\u2019nin ba\u015fyap\u0131t\u0131 Gen\u00e7 Werther\u2019in Ac\u0131lar\u0131\u2019ndan al\u0131yor.   Aradan uzun y\u0131llar ge\u00e7mi\u015f, Werther\u2019in b\u00fcy\u00fck a\u015fk\u0131 Charlotte, Goethe\u2019nin ya\u015fad\u0131\u011f\u0131 kente, Weimar\u2019a, ya\u015fl\u0131 ve zengin bir kad\u0131n olarak geri d\u00f6nm\u00fc\u015ft\u00fcr. Charlotte ile Goethe\u2019nin bu bulu\u015fmas\u0131 yaln\u0131zca \u00e7a\u011fda\u015f, metinleraras\u0131 bir bulu\u015fma de\u011fildir ku\u015fkusuz; gen\u00e7lik, a\u015fk, kar\u015f\u0131l\u0131ks\u0131z b\u0131rak\u0131lan duygular, insan\u0131n ya\u015fama bak\u0131\u015f\u0131n\u0131n zamanla de\u011fi\u015fmesi, toplumsal ve ahlaki sorumluluklar&#8230; B\u00fct\u00fcn bunlar iki olgun kahraman\u0131n g\u00f6z\u00fcnden aktar\u0131l\u0131r. B\u00f6ylece Alman toplumunun izle\u011fi aras\u0131ndan evrensel de\u011ferler yakalan\u0131r. Thomas Mann\u2019\u0131n bu \u00f6nemli roman\u0131n\u0131 okurlar\u0131m\u0131z\u0131n Gen\u00e7 Werther\u2019in Ac\u0131lar\u0131\u2019n\u0131 an\u0131msayarak okumalar\u0131 ku\u015fkusuz b\u00fcy\u00fck kazan\u00e7 olacakt\u0131r.   #modernalmanya #gen\u00e7wertherinac\u0131lar\u0131 #metinleraras\u0131l\u0131k #toplumsalbask\u0131 #de\u011fi\u015fentoplum #a\u015fk #gen\u00e7lik <\/p>\n","protected":false},"excerpt":{"rendered":"<p>Thomas Mann\u2019\u0131n ilk kez 1939 y\u0131l\u0131nda yay\u0131mlanan \u00fcnl\u00fc roman\u0131 Lotte Weimar\u2019da, modern Alman edebiyat\u0131n\u0131n en \u00e7arp\u0131c\u0131 \u00f6rneklerinden biri, Mann\u2019\u0131n b\u00fcy\u00fck usta Goethe\u2019ye g\u00f6nderdi\u011fi \u00e7ok \u015f\u0131k bir<span class=\"excerpt-hellip\"> [\u2026]<\/span><\/p>\n","protected":false},"featured_media":0,"template":"","meta":{"_monsterinsights_skip_tracking":false,"_monsterinsights_sitenote_active":false,"_monsterinsights_sitenote_note":"","_monsterinsights_sitenote_category":0},"product_brand":[],"product_cat":[12291,12711],"product_tag":[],"class_list":{"0":"post-701071","1":"product","2":"type-product","3":"status-publish","5":"product_cat-edebiyat","6":"product_cat-roman-oyku","7":"pa_cilt-ciltsiz","8":"pa_tur-kitap","9":"pa_yayinevi-can-yayinlari","10":"pa_yazar-thomas-mann","12":"first","13":"instock","14":"sale","15":"shipping-taxable","16":"purchasable","17":"product-type-simple"},"_links":{"self":[{"href":"https:\/\/roveyayinevi.com.tr\/index.php\/wp-json\/wp\/v2\/product\/701071","targetHints":{"allow":["GET"]}}],"collection":[{"href":"https:\/\/roveyayinevi.com.tr\/index.php\/wp-json\/wp\/v2\/product"}],"about":[{"href":"https:\/\/roveyayinevi.com.tr\/index.php\/wp-json\/wp\/v2\/types\/product"}],"wp:attachment":[{"href":"https:\/\/roveyayinevi.com.tr\/index.php\/wp-json\/wp\/v2\/media?parent=701071"}],"wp:term":[{"taxonomy":"product_brand","embeddable":true,"href":"https:\/\/roveyayinevi.com.tr\/index.php\/wp-json\/wp\/v2\/product_brand?post=701071"},{"taxonomy":"product_cat","embeddable":true,"href":"https:\/\/roveyayinevi.com.tr\/index.php\/wp-json\/wp\/v2\/product_cat?post=701071"},{"taxonomy":"product_tag","embeddable":true,"href":"https:\/\/roveyayinevi.com.tr\/index.php\/wp-json\/wp\/v2\/product_tag?post=701071"}],"curies":[{"name":"wp","href":"https:\/\/api.w.org\/{rel}","templated":true}]}}