{"id":701070,"date":"2025-08-27T15:05:41","date_gmt":"2025-08-27T12:05:41","guid":{"rendered":"https:\/\/roveyayinevi.com.tr\/index.php\/urun\/livia-ya-da-diri-diri-gomulmek-avignon-beslisi-2\/"},"modified":"2026-04-16T02:10:11","modified_gmt":"2026-04-15T23:10:11","slug":"livia-ya-da-diri-diri-gomulmek-avignon-beslisi-2","status":"publish","type":"product","link":"https:\/\/roveyayinevi.com.tr\/index.php\/urun\/livia-ya-da-diri-diri-gomulmek-avignon-beslisi-2\/","title":{"rendered":"Livia ya da Diri Diri G\u00f6m\u00fclmek Avignon Be\u015flisi &#8211; 2"},"content":{"rendered":"<p>\u00d6zg\u00fcrl\u00fc\u011f\u00fcn fazlas\u0131 insan\u0131n ba\u015f\u0131n\u0131 d\u00f6nd\u00fcr\u00fcr \u2013 birdenbire kar\u015f\u0131n\u0131zda hi\u00e7li\u011fi g\u00f6r\u00fcverirsiniz. Hi\u00e7lik \u2013 kendi portreniz!    \u0130kinci D\u00fcnya Sava\u015f\u0131\u2019n\u0131n \u015fafa\u011f\u0131. Avrupa, fa\u015fizmin ayak sesleriyle sars\u0131lmakta. Serinin ilk kitab\u0131 Monsieur\u2019n\u00fcn sonlar\u0131nda tan\u0131\u015ft\u0131\u011f\u0131m\u0131z Blanford, Oxford\u2019daki arkada\u015flar\u0131n\u0131n harap haldeki \u015fatosunu miras alan Hilary\u2019nin yan\u0131na, Avignon\u2019a gider. Orada iyi, zeki bir psikanalist olan Constance ve onun \u00e7ekici, Nazi sempatizan\u0131 k\u0131z karde\u015fi Livia\u2019yla tan\u0131\u015f\u0131r ve ona vurulur.   Durrell\u2019\u0131n \u201cbir kayan\u0131n y\u00fczeyindeki t\u0131rman\u0131c\u0131lar gibi birbirine ba\u011fl\u0131, fakat hepsi birbirinden ba\u011f\u0131ms\u0131z&#8230;\u201d diye tan\u0131mlad\u0131\u011f\u0131 Avignon Be\u015flisi\u2019nin ikinci kitab\u0131 Livia, ilk kitapta ba\u015flayan \u00f6zlem ve pi\u015fmanl\u0131\u011f\u0131, haf\u0131zan\u0131n de\u011fi\u015fken yan\u0131lsamalar\u0131n\u0131 takip ediyor.    \u201cDurrell\u2019\u0131n fikirleri bazen g\u00f6rkemli gemiler gibi y\u00fczer, bazen \u00fcrkm\u00fc\u015f ku\u015flar gibi kanat \u00e7\u0131rpar ama okuru asla s\u0131kmaz.\u201d   The Washington Post <\/p>\n","protected":false},"excerpt":{"rendered":"<p>\u00d6zg\u00fcrl\u00fc\u011f\u00fcn fazlas\u0131 insan\u0131n ba\u015f\u0131n\u0131 d\u00f6nd\u00fcr\u00fcr \u2013 birdenbire kar\u015f\u0131n\u0131zda hi\u00e7li\u011fi g\u00f6r\u00fcverirsiniz. Hi\u00e7lik \u2013 kendi portreniz! \u0130kinci D\u00fcnya Sava\u015f\u0131\u2019n\u0131n \u015fafa\u011f\u0131. Avrupa, fa\u015fizmin ayak sesleriyle sars\u0131lmakta. Serinin ilk kitab\u0131<span class=\"excerpt-hellip\"> [\u2026]<\/span><\/p>\n","protected":false},"featured_media":0,"template":"","meta":{"_monsterinsights_skip_tracking":false,"_monsterinsights_sitenote_active":false,"_monsterinsights_sitenote_note":"","_monsterinsights_sitenote_category":0},"product_brand":[],"product_cat":[12291,12866],"product_tag":[],"class_list":{"0":"post-701070","1":"product","2":"type-product","3":"status-publish","5":"product_cat-edebiyat","6":"product_cat-ingiliz-edebiyati","7":"pa_cilt-ciltsiz","8":"pa_tur-kitap","9":"pa_yayinevi-can-yayinlari","10":"pa_yazar-lawrence-durrell","12":"first","13":"instock","14":"sale","15":"shipping-taxable","16":"purchasable","17":"product-type-simple"},"_links":{"self":[{"href":"https:\/\/roveyayinevi.com.tr\/index.php\/wp-json\/wp\/v2\/product\/701070","targetHints":{"allow":["GET"]}}],"collection":[{"href":"https:\/\/roveyayinevi.com.tr\/index.php\/wp-json\/wp\/v2\/product"}],"about":[{"href":"https:\/\/roveyayinevi.com.tr\/index.php\/wp-json\/wp\/v2\/types\/product"}],"wp:attachment":[{"href":"https:\/\/roveyayinevi.com.tr\/index.php\/wp-json\/wp\/v2\/media?parent=701070"}],"wp:term":[{"taxonomy":"product_brand","embeddable":true,"href":"https:\/\/roveyayinevi.com.tr\/index.php\/wp-json\/wp\/v2\/product_brand?post=701070"},{"taxonomy":"product_cat","embeddable":true,"href":"https:\/\/roveyayinevi.com.tr\/index.php\/wp-json\/wp\/v2\/product_cat?post=701070"},{"taxonomy":"product_tag","embeddable":true,"href":"https:\/\/roveyayinevi.com.tr\/index.php\/wp-json\/wp\/v2\/product_tag?post=701070"}],"curies":[{"name":"wp","href":"https:\/\/api.w.org\/{rel}","templated":true}]}}