{"id":701068,"date":"2025-08-27T15:05:41","date_gmt":"2025-08-27T12:05:41","guid":{"rendered":"https:\/\/roveyayinevi.com.tr\/index.php\/urun\/ulu-hakan-43-necip-fazil-butun-eserleri\/"},"modified":"2026-04-16T02:10:11","modified_gmt":"2026-04-15T23:10:11","slug":"ulu-hakan-43-necip-fazil-butun-eserleri","status":"publish","type":"product","link":"https:\/\/roveyayinevi.com.tr\/index.php\/urun\/ulu-hakan-43-necip-fazil-butun-eserleri\/","title":{"rendered":"Ulu Hakan : 43 &#8211; Necip Faz\u0131l B\u00fct\u00fcn Eserleri"},"content":{"rendered":"<p>Bir biyografi yazar\u0131 olarak da dikkati \u00e7ekmesi gereken Necip Faz\u0131l\u2019\u0131n, g\u00fctt\u00fc\u011f\u00fc toplum d\u00e2vas\u0131nda T\u00fcrk tarihi ve sahte ink\u0131l\u00e2plar bilmecesinin \u00abanahtar \u015fahsiyeti\u00bb g\u00f6rd\u00fc\u011f\u00fc Abd\u00fclhamid Han\u2019\u0131n hayat\u0131, bu eserde bir tez, bir manifest, bir dava \u00e7er\u00e7evesi halinde ortaya \u00e7\u0131kart\u0131lmaktad\u0131r. Ke\u015fif mutlak ve orijinal olarak Necip Faz\u0131l\u2019\u0131nd\u0131r ve bir aral\u0131k sahibini hapse kadar s\u00fcr\u00fcklemi\u015ftir.<\/p>\n","protected":false},"excerpt":{"rendered":"<p>Bir biyografi yazar\u0131 olarak da dikkati \u00e7ekmesi gereken Necip Faz\u0131l\u2019\u0131n, g\u00fctt\u00fc\u011f\u00fc toplum d\u00e2vas\u0131nda T\u00fcrk tarihi ve sahte ink\u0131l\u00e2plar bilmecesinin \u00abanahtar \u015fahsiyeti\u00bb g\u00f6rd\u00fc\u011f\u00fc Abd\u00fclhamid Han\u2019\u0131n hayat\u0131, bu<span class=\"excerpt-hellip\"> [\u2026]<\/span><\/p>\n","protected":false},"featured_media":0,"template":"","meta":{"_monsterinsights_skip_tracking":false,"_monsterinsights_sitenote_active":false,"_monsterinsights_sitenote_note":"","_monsterinsights_sitenote_category":0},"product_brand":[],"product_cat":[13517,12304],"product_tag":[],"class_list":{"0":"post-701068","1":"product","2":"type-product","3":"status-publish","5":"product_cat-osmanli-tarihi","6":"product_cat-tarih","7":"pa_cilt-ciltsiz","8":"pa_tur-kitap","9":"pa_yayinevi-buyuk-dogu-yayinlari","10":"pa_yazar-necip-fazil-kisakurek","12":"first","13":"instock","14":"sale","15":"shipping-taxable","16":"purchasable","17":"product-type-simple"},"_links":{"self":[{"href":"https:\/\/roveyayinevi.com.tr\/index.php\/wp-json\/wp\/v2\/product\/701068","targetHints":{"allow":["GET"]}}],"collection":[{"href":"https:\/\/roveyayinevi.com.tr\/index.php\/wp-json\/wp\/v2\/product"}],"about":[{"href":"https:\/\/roveyayinevi.com.tr\/index.php\/wp-json\/wp\/v2\/types\/product"}],"wp:attachment":[{"href":"https:\/\/roveyayinevi.com.tr\/index.php\/wp-json\/wp\/v2\/media?parent=701068"}],"wp:term":[{"taxonomy":"product_brand","embeddable":true,"href":"https:\/\/roveyayinevi.com.tr\/index.php\/wp-json\/wp\/v2\/product_brand?post=701068"},{"taxonomy":"product_cat","embeddable":true,"href":"https:\/\/roveyayinevi.com.tr\/index.php\/wp-json\/wp\/v2\/product_cat?post=701068"},{"taxonomy":"product_tag","embeddable":true,"href":"https:\/\/roveyayinevi.com.tr\/index.php\/wp-json\/wp\/v2\/product_tag?post=701068"}],"curies":[{"name":"wp","href":"https:\/\/api.w.org\/{rel}","templated":true}]}}