{"id":701066,"date":"2025-08-27T15:05:40","date_gmt":"2025-08-27T12:05:40","guid":{"rendered":"https:\/\/roveyayinevi.com.tr\/index.php\/urun\/luisito-bir-sevgi-oykusu\/"},"modified":"2026-04-16T02:10:10","modified_gmt":"2026-04-15T23:10:10","slug":"luisito-bir-sevgi-oykusu","status":"publish","type":"product","link":"https:\/\/roveyayinevi.com.tr\/index.php\/urun\/luisito-bir-sevgi-oykusu\/","title":{"rendered":"Luisito : Bir Sevgi \u00d6yk\u00fcs\u00fc"},"content":{"rendered":"<p>Anselma, ya\u015fl\u0131 ve emekli bir \u00f6\u011fretmendir. Roma\u2019daki evinde y\u0131llard\u0131r yaln\u0131z ba\u015f\u0131na ya\u015famakta, art\u0131k tan\u0131yamad\u0131\u011f\u0131 bu d\u00fcnyada kendini gereksiz hissetmektedir. Her g\u00fcn\u00fc ac\u0131 ve h\u00fcz\u00fcn doludur. Bir yaz gecesi \u00e7\u00f6p tenekesinin dibinde terk edilmi\u015f ola\u011fan\u00fcst\u00fc bir papa\u011fan bulur. Luisito ad\u0131n\u0131 verdi\u011fi papa\u011fan, Anselma\u2019n\u0131n y\u00fcre\u011findeki buzlar\u0131 eritecek, sevgiyi yeniden ke\u015ffetmesini sa\u011flayacakt\u0131r. T\u00fcm bir ya\u015fam\u0131yla hesapla\u015fmay\u0131 g\u00f6ze alan Anselma, Luisito sayesinde, d\u00fcnyan\u0131n ona unutturmaya \u00e7al\u0131\u015ft\u0131\u011f\u0131 ya\u015fama sevincini yeniden duymaya ba\u015flayacakt\u0131r. Ta ki&#8230; Y\u00fcre\u011finin G\u00f6t\u00fcrd\u00fc\u011f\u00fc Yere Git\u2019in yazar\u0131 Susanna Tamaro, bir gazete haberinden esinlenerek yazd\u0131\u011f\u0131 yeni roman\u0131 Luisito: Bir Sevgi \u00d6yk\u00fcs\u00fc\u2019nde, sevginin kurtar\u0131c\u0131 g\u00fcc\u00fcn\u00fc y\u00fcceltiyor. Luisito, okurunu \u015fa\u015f\u0131rtan, duyguland\u0131ran ve e\u011flendiren \u00e7a\u011fda\u015f bir masal. Tekd\u00fcze ve sevgisiz bir ya\u015fam\u0131n ba\u011fr\u0131ndaki \u015fiiri, g\u00fczelli\u011fi ve sevgiyi ortaya \u00e7\u0131karan k\u00fc\u00e7\u00fck bir roman. \ufffcTan\u0131t\u0131m Metni<\/p>\n","protected":false},"excerpt":{"rendered":"<p>Anselma, ya\u015fl\u0131 ve emekli bir \u00f6\u011fretmendir. Roma\u2019daki evinde y\u0131llard\u0131r yaln\u0131z ba\u015f\u0131na ya\u015famakta, art\u0131k tan\u0131yamad\u0131\u011f\u0131 bu d\u00fcnyada kendini gereksiz hissetmektedir. Her g\u00fcn\u00fc ac\u0131 ve h\u00fcz\u00fcn doludur. Bir<span class=\"excerpt-hellip\"> [\u2026]<\/span><\/p>\n","protected":false},"featured_media":0,"template":"","meta":{"_monsterinsights_skip_tracking":false,"_monsterinsights_sitenote_active":false,"_monsterinsights_sitenote_note":"","_monsterinsights_sitenote_category":0},"product_brand":[],"product_cat":[12291,14218],"product_tag":[],"class_list":{"0":"post-701066","1":"product","2":"type-product","3":"status-publish","5":"product_cat-edebiyat","6":"product_cat-italyan-edebiyati","7":"pa_cilt-ciltsiz","8":"pa_tur-kitap","9":"pa_yayinevi-can-yayinlari","10":"pa_yazar-susanna-tamaro","12":"first","13":"instock","14":"sale","15":"shipping-taxable","16":"purchasable","17":"product-type-simple"},"_links":{"self":[{"href":"https:\/\/roveyayinevi.com.tr\/index.php\/wp-json\/wp\/v2\/product\/701066","targetHints":{"allow":["GET"]}}],"collection":[{"href":"https:\/\/roveyayinevi.com.tr\/index.php\/wp-json\/wp\/v2\/product"}],"about":[{"href":"https:\/\/roveyayinevi.com.tr\/index.php\/wp-json\/wp\/v2\/types\/product"}],"wp:attachment":[{"href":"https:\/\/roveyayinevi.com.tr\/index.php\/wp-json\/wp\/v2\/media?parent=701066"}],"wp:term":[{"taxonomy":"product_brand","embeddable":true,"href":"https:\/\/roveyayinevi.com.tr\/index.php\/wp-json\/wp\/v2\/product_brand?post=701066"},{"taxonomy":"product_cat","embeddable":true,"href":"https:\/\/roveyayinevi.com.tr\/index.php\/wp-json\/wp\/v2\/product_cat?post=701066"},{"taxonomy":"product_tag","embeddable":true,"href":"https:\/\/roveyayinevi.com.tr\/index.php\/wp-json\/wp\/v2\/product_tag?post=701066"}],"curies":[{"name":"wp","href":"https:\/\/api.w.org\/{rel}","templated":true}]}}