{"id":701061,"date":"2025-08-27T15:05:38","date_gmt":"2025-08-27T12:05:38","guid":{"rendered":"https:\/\/roveyayinevi.com.tr\/index.php\/urun\/leopar\/"},"modified":"2026-04-16T02:10:10","modified_gmt":"2026-04-15T23:10:10","slug":"leopar","status":"publish","type":"product","link":"https:\/\/roveyayinevi.com.tr\/index.php\/urun\/leopar\/","title":{"rendered":"Leopar"},"content":{"rendered":"<p>Baz\u0131 ele\u015ftirmenler, Leopar \u0131n yaln\u0131z \u0130talyan de\u011fil, d\u00fcnya edebiyat\u0131n\u0131n bir ba\u015fyap\u0131t\u0131, 20. y\u00fczy\u0131l\u0131n en \u00f6nemli romanlar\u0131ndan biri oldu\u011funu ileri s\u00fcrer. Roman, Sicilya\u2019da Bourbon Krall\u0131\u011f\u0131n\u0131n \u00e7\u00f6k\u00fc\u015f y\u0131llar\u0131nda soylu bir ailenin, \u00f6zellikle de ailenin reisi Prens Fabrizio Salina\u2019n\u0131n ya\u015fam\u00f6yk\u00fcs\u00fcn\u00fc anlat\u0131r. 70 ya\u015f\u0131na gelmi\u015f, ilgin\u00e7 \u00f6zellikleri ve u\u011fra\u015flar\u0131 olan Fabrizio Salina, soylulara \u00f6zg\u00fc d\u00fcnyan\u0131n \u00e7\u00f6k\u00fc\u015f\u00fcyle birlikte yava\u015f yava\u015f ilerleyen kendi \u00e7\u00f6k\u00fc\u015f\u00fcn\u00fc de h\u00fcz\u00fcnle ya\u015far. Israrla s\u00fcrd\u00fcrd\u00fc\u011f\u00fc geleneklerin, i\u00e7ine kapand\u0131\u011f\u0131 g\u00f6rkemli d\u00fcnyay\u0131 olu\u015fturan \u00f6\u011felerin sessizce kay\u0131p gitti\u011fini, d\u00f6n\u00fc\u015f\u00fc olmayan sonun yakla\u015fmakta oldu\u011funu g\u00f6zler. Ne var ki, arkadan c\u0131v\u0131l c\u0131v\u0131l bir ku\u015fak gelmekte, onun vaktiyle ya\u015fad\u0131\u011f\u0131 t\u00fcm duygular\u0131, t\u00fcm heyecanlar\u0131 ba\u015fka bir dekor i\u00e7inde, ba\u015fka ko\u015fullar alt\u0131nda onlar da t\u00fcm yo\u011funlu\u011fuyla ya\u015famaktad\u0131r. Bir yolculuk s\u0131ras\u0131nda rahats\u0131zlanarak, denize bakan bir otel odas\u0131nda, dinlenmeye \u00e7ekilen Prens, mumun, alevinin s\u00f6nmek \u00fczere oldu\u011funu sezinler. Hayat\u0131n\u0131n muhasebesini yapar ve Her \u015feyin oldu\u011fu gibi kalmas\u0131n\u0131 istiyorsak, her \u015feyi de\u011fi\u015ftirmeliyiz, diye d\u00fc\u015f\u00fcn\u00fcr. Leopar , 60\u2019l\u0131 y\u0131llarda Lucsino Visconti taraf\u0131ndan beyaz perdeye aktar\u0131lm\u0131\u015f filmde Burt Lancester, Claudia Cardinale ve Alain Delon rol alm\u0131\u015flard\u0131. \ufffcTan\u0131t\u0131m Metni<\/p>\n","protected":false},"excerpt":{"rendered":"<p>Baz\u0131 ele\u015ftirmenler, Leopar \u0131n yaln\u0131z \u0130talyan de\u011fil, d\u00fcnya edebiyat\u0131n\u0131n bir ba\u015fyap\u0131t\u0131, 20. y\u00fczy\u0131l\u0131n en \u00f6nemli romanlar\u0131ndan biri oldu\u011funu ileri s\u00fcrer. Roman, Sicilya\u2019da Bourbon Krall\u0131\u011f\u0131n\u0131n \u00e7\u00f6k\u00fc\u015f y\u0131llar\u0131nda<span class=\"excerpt-hellip\"> [\u2026]<\/span><\/p>\n","protected":false},"featured_media":0,"template":"","meta":{"_monsterinsights_skip_tracking":false,"_monsterinsights_sitenote_active":false,"_monsterinsights_sitenote_note":"","_monsterinsights_sitenote_category":0},"product_brand":[],"product_cat":[12291,14218],"product_tag":[],"class_list":{"0":"post-701061","1":"product","2":"type-product","3":"status-publish","5":"product_cat-edebiyat","6":"product_cat-italyan-edebiyati","7":"pa_cilt-ciltsiz","8":"pa_tur-kitap","9":"pa_yayinevi-can-yayinlari","10":"pa_yazar-giuseppe-tomasi-di-lampedusa","12":"first","13":"instock","14":"sale","15":"shipping-taxable","16":"purchasable","17":"product-type-simple"},"_links":{"self":[{"href":"https:\/\/roveyayinevi.com.tr\/index.php\/wp-json\/wp\/v2\/product\/701061","targetHints":{"allow":["GET"]}}],"collection":[{"href":"https:\/\/roveyayinevi.com.tr\/index.php\/wp-json\/wp\/v2\/product"}],"about":[{"href":"https:\/\/roveyayinevi.com.tr\/index.php\/wp-json\/wp\/v2\/types\/product"}],"wp:attachment":[{"href":"https:\/\/roveyayinevi.com.tr\/index.php\/wp-json\/wp\/v2\/media?parent=701061"}],"wp:term":[{"taxonomy":"product_brand","embeddable":true,"href":"https:\/\/roveyayinevi.com.tr\/index.php\/wp-json\/wp\/v2\/product_brand?post=701061"},{"taxonomy":"product_cat","embeddable":true,"href":"https:\/\/roveyayinevi.com.tr\/index.php\/wp-json\/wp\/v2\/product_cat?post=701061"},{"taxonomy":"product_tag","embeddable":true,"href":"https:\/\/roveyayinevi.com.tr\/index.php\/wp-json\/wp\/v2\/product_tag?post=701061"}],"curies":[{"name":"wp","href":"https:\/\/api.w.org\/{rel}","templated":true}]}}