{"id":701052,"date":"2025-08-27T15:05:36","date_gmt":"2025-08-27T12:05:36","guid":{"rendered":"https:\/\/roveyayinevi.com.tr\/index.php\/urun\/kisisel-bir-sorun\/"},"modified":"2026-04-16T02:10:10","modified_gmt":"2026-04-15T23:10:10","slug":"kisisel-bir-sorun","status":"publish","type":"product","link":"https:\/\/roveyayinevi.com.tr\/index.php\/urun\/kisisel-bir-sorun\/","title":{"rendered":"Ki\u015fisel Bir Sorun"},"content":{"rendered":"<p>Kendini kand\u0131rma zehrini bir kez tadan insanlar, bir daha kendilerini asla kurtaramazlar&#8230; B\u00fcy\u00fck\u015fehir ortam\u0131ndaki yaln\u0131zla\u015fma ve yabanc\u0131la\u015fma sanc\u0131lar\u0131ndan kurtulu\u015fu Afrika gezisi hayallerinde arayan dershane \u00f6\u011fretmeni Bird. Kar\u0131s\u0131 her an do\u011fum yapmak \u00fczeredir ve evlendi\u011fi anda iyice azalan Afrika gezisine \u00e7\u0131kma umudu, \u00e7ocu\u011fun do\u011fumuyla t\u00fcm\u00fcyle s\u00f6necektir. Bir de \u00e7ocuk beyin f\u0131t\u0131\u011f\u0131 gibi ender rastlanan bir anormallik ile do\u011fuverince, Bird kendini bir karabasan\u0131n ortas\u0131nda bulur. Ya\u015fad\u0131\u011f\u0131 utan\u00e7 ve korku onu \u00f6nce alkole ve sorumluluklar\u0131ndan ka\u00e7maya, sonra \u00e7ocu\u011fu yery\u00fcz\u00fcnden bir an \u00f6nce silinmesi gereken bir d\u00fc\u015fman olarak g\u00f6rmeye kadar g\u00f6t\u00fcrecektir&#8230; Ki\u015fisel Bir Sorun, kendisi de engelli bir \u00e7ocuk sahibi olan 1994 Nobel Edebiyat \u00d6d\u00fcll\u00fc Japon yazar Kenzaburo Oe\u2019nin t\u00fcm d\u00fcnyada tan\u0131nmas\u0131n\u0131 sa\u011flayan en \u00f6nemli eserlerinden biri. <\/p>\n","protected":false},"excerpt":{"rendered":"<p>Kendini kand\u0131rma zehrini bir kez tadan insanlar, bir daha kendilerini asla kurtaramazlar&#8230; B\u00fcy\u00fck\u015fehir ortam\u0131ndaki yaln\u0131zla\u015fma ve yabanc\u0131la\u015fma sanc\u0131lar\u0131ndan kurtulu\u015fu Afrika gezisi hayallerinde arayan dershane \u00f6\u011fretmeni Bird.<span class=\"excerpt-hellip\"> [\u2026]<\/span><\/p>\n","protected":false},"featured_media":0,"template":"","meta":{"_monsterinsights_skip_tracking":false,"_monsterinsights_sitenote_active":false,"_monsterinsights_sitenote_note":"","_monsterinsights_sitenote_category":0},"product_brand":[],"product_cat":[13661,12291],"product_tag":[],"class_list":{"0":"post-701052","1":"product","2":"type-product","3":"status-publish","5":"product_cat-diger-ulke-edebiyatlari","6":"product_cat-edebiyat","7":"pa_cilt-ciltsiz","8":"pa_tur-kitap","9":"pa_yayinevi-can-yayinlari","10":"pa_yazar-kenzaburo-oe","12":"first","13":"instock","14":"sale","15":"shipping-taxable","16":"purchasable","17":"product-type-simple"},"_links":{"self":[{"href":"https:\/\/roveyayinevi.com.tr\/index.php\/wp-json\/wp\/v2\/product\/701052","targetHints":{"allow":["GET"]}}],"collection":[{"href":"https:\/\/roveyayinevi.com.tr\/index.php\/wp-json\/wp\/v2\/product"}],"about":[{"href":"https:\/\/roveyayinevi.com.tr\/index.php\/wp-json\/wp\/v2\/types\/product"}],"wp:attachment":[{"href":"https:\/\/roveyayinevi.com.tr\/index.php\/wp-json\/wp\/v2\/media?parent=701052"}],"wp:term":[{"taxonomy":"product_brand","embeddable":true,"href":"https:\/\/roveyayinevi.com.tr\/index.php\/wp-json\/wp\/v2\/product_brand?post=701052"},{"taxonomy":"product_cat","embeddable":true,"href":"https:\/\/roveyayinevi.com.tr\/index.php\/wp-json\/wp\/v2\/product_cat?post=701052"},{"taxonomy":"product_tag","embeddable":true,"href":"https:\/\/roveyayinevi.com.tr\/index.php\/wp-json\/wp\/v2\/product_tag?post=701052"}],"curies":[{"name":"wp","href":"https:\/\/api.w.org\/{rel}","templated":true}]}}