{"id":701051,"date":"2025-08-27T15:05:35","date_gmt":"2025-08-27T12:05:35","guid":{"rendered":"https:\/\/roveyayinevi.com.tr\/index.php\/urun\/kimim-ben\/"},"modified":"2026-04-16T02:10:10","modified_gmt":"2026-04-15T23:10:10","slug":"kimim-ben","status":"publish","type":"product","link":"https:\/\/roveyayinevi.com.tr\/index.php\/urun\/kimim-ben\/","title":{"rendered":"Kimim Ben?"},"content":{"rendered":"<p>Her alanda oldu\u011fu gibi dil alan\u0131nda da \u015fa\u015f\u0131rt\u0131c\u0131 bir geli\u015fim ya\u015f\u0131yoruz: sokaktaki adam\u0131ndan televizyondaki sunucusuna, meclisteki politikac\u0131s\u0131ndan g\u00f6kdelendeki i\u015f adam\u0131na, k\u00fcrs\u00fcdeki profes\u00f6r\u00fcnden gazetedeki yazar\u0131na, yabanc\u0131 \u00f6\u011felerle, yanl\u0131\u015flarla dolup ta\u015fan, yandan \u00e7arkl\u0131 bir t\u00fcrk\u00e7e kullan\u0131yor herkes. Benim gen\u00e7li\u011fimde yazarl\u0131\u011f\u0131n birincil ko\u015fulu dilini d\u00fczg\u00fcn ve do\u011fru kullanmakt\u0131. Bug\u00fcn hem anlam, hem kurgu a\u00e7\u0131s\u0131ndan dil yanl\u0131\u015flar\u0131yla dolu kitaplarla b\u00fcy\u00fck romanc\u0131 ya da b\u00fcy\u00fck d\u00fc\u015f\u00fcn\u00fcr oluvermi\u015f bir d\u00fczine yazar sayabiliyorsunuz.  Kimim Ben?, edebiyat\u0131m\u0131z\u0131n usta yazar\u0131 Tahsin Y\u00fccel\u2019in yeni denemelerini bir araya getiriyor. Temel konu, edebiyat. Romanlardan, \u00f6yk\u00fc kitaplar\u0131ndan, kimi zaman g\u00fcncel bir edebi tart\u0131\u015fmadan yola \u00e7\u0131k\u0131larak kaleme al\u0131nm\u0131\u015f bu denemeler, edebiyat\u0131n bak\u0131\u015f a\u00e7\u0131s\u0131yla toplumsal veya bireysel konular\u0131n nas\u0131l ele al\u0131nabilece\u011fini g\u00f6steriyor. Kimim Ben? dikkatle ve \u00f6zenle okunmal\u0131&#8230; <\/p>\n","protected":false},"excerpt":{"rendered":"<p>Her alanda oldu\u011fu gibi dil alan\u0131nda da \u015fa\u015f\u0131rt\u0131c\u0131 bir geli\u015fim ya\u015f\u0131yoruz: sokaktaki adam\u0131ndan televizyondaki sunucusuna, meclisteki politikac\u0131s\u0131ndan g\u00f6kdelendeki i\u015f adam\u0131na, k\u00fcrs\u00fcdeki profes\u00f6r\u00fcnden gazetedeki yazar\u0131na, yabanc\u0131 \u00f6\u011felerle,<span class=\"excerpt-hellip\"> [\u2026]<\/span><\/p>\n","protected":false},"featured_media":0,"template":"","meta":{"_monsterinsights_skip_tracking":false,"_monsterinsights_sitenote_active":false,"_monsterinsights_sitenote_note":"","_monsterinsights_sitenote_category":0},"product_brand":[],"product_cat":[12777,12291],"product_tag":[],"class_list":{"0":"post-701051","1":"product","2":"type-product","3":"status-publish","5":"product_cat-deneme","6":"product_cat-edebiyat","7":"pa_cilt-ciltsiz","8":"pa_tur-kitap","9":"pa_yayinevi-can-yayinlari","10":"pa_yazar-tahsin-yucel","12":"first","13":"instock","14":"sale","15":"shipping-taxable","16":"purchasable","17":"product-type-simple"},"_links":{"self":[{"href":"https:\/\/roveyayinevi.com.tr\/index.php\/wp-json\/wp\/v2\/product\/701051","targetHints":{"allow":["GET"]}}],"collection":[{"href":"https:\/\/roveyayinevi.com.tr\/index.php\/wp-json\/wp\/v2\/product"}],"about":[{"href":"https:\/\/roveyayinevi.com.tr\/index.php\/wp-json\/wp\/v2\/types\/product"}],"wp:attachment":[{"href":"https:\/\/roveyayinevi.com.tr\/index.php\/wp-json\/wp\/v2\/media?parent=701051"}],"wp:term":[{"taxonomy":"product_brand","embeddable":true,"href":"https:\/\/roveyayinevi.com.tr\/index.php\/wp-json\/wp\/v2\/product_brand?post=701051"},{"taxonomy":"product_cat","embeddable":true,"href":"https:\/\/roveyayinevi.com.tr\/index.php\/wp-json\/wp\/v2\/product_cat?post=701051"},{"taxonomy":"product_tag","embeddable":true,"href":"https:\/\/roveyayinevi.com.tr\/index.php\/wp-json\/wp\/v2\/product_tag?post=701051"}],"curies":[{"name":"wp","href":"https:\/\/api.w.org\/{rel}","templated":true}]}}