{"id":701050,"date":"2025-08-27T15:05:35","date_gmt":"2025-08-27T12:05:35","guid":{"rendered":"https:\/\/roveyayinevi.com.tr\/index.php\/urun\/kibar-fahiselerin-ihtisam-ve-sefaleti\/"},"modified":"2026-04-06T02:17:17","modified_gmt":"2026-04-05T23:17:17","slug":"kibar-fahiselerin-ihtisam-ve-sefaleti","status":"publish","type":"product","link":"https:\/\/roveyayinevi.com.tr\/index.php\/urun\/kibar-fahiselerin-ihtisam-ve-sefaleti\/","title":{"rendered":"Kibar Fahi\u015felerin \u0130hti\u015fam ve Sefaleti"},"content":{"rendered":"<p>Bal\u00e7\u0131kta debelenen k\u00fc\u00e7\u00fck bir fare ydi, hamurunda yosmal\u0131k vard\u0131 gelecek vaat eden. Hen\u00fcz e\u011fitimle bozulmam\u0131\u015ft\u0131, okuma yazmas\u0131 yoktu. \u00c7ok g\u00fczeldi. G\u00fcbrenin i\u00e7inde a\u00e7an bir zambakt\u0131&#8230; \u00c7i\u00e7ek tanr\u0131\u00e7as\u0131 Flora kadar g\u00fczel&#8230; R\u00fczg\u00e2r tanr\u0131s\u0131 Zephyros gibi yak\u0131\u015f\u0131kl\u0131 Lucien\u2019e \u00e2\u015f\u0131k oldu. B\u00f6yle a\u015fklara hak tan\u0131nmaz. \u00dcstelik b\u00f6yle \u00e2\u015f\u0131klar kendilerine de hak tan\u0131maz. Hele Lucien\u2019in arkas\u0131nda, onu soylu ve zengin bir k\u0131zla evlendirerek s\u0131n\u0131f atlatmak isteyen bir babas\u0131 varsa&#8230; Lucien\u2019i sevgilisinden ay\u0131rmak istedi\u011fini s\u00f6ylerse ikisini birbirine daha \u00e7ok ba\u011flayaca\u011f\u0131n\u0131 bilen, gizlice Esther\u2019i ayakalt\u0131ndan \u00e7ekerek bir manast\u0131ra gitmeye ikna eden yalanc\u0131 rahip bir baba: Herrera. Manast\u0131r, bir sokak yosmas\u0131ndan melek yaratmaz, sonu\u00e7ta kibar bir fahi\u015fe \u00e7\u0131kar kap\u0131dan. Tarihi de\u011fi\u015ftiren meslekta\u015flar\u0131 gibi&#8230; Kibar Fahi\u015felerin \u0130hti\u015fam ve Sefaleti, Balzac\u2019\u0131n kendi deyimiyle, d\u00fcnyay\u0131 d\u00fc\u015f\u00fcncelerine sard\u0131\u011f\u0131, yo\u011furdu\u011fu, i\u015fledi\u011fi, i\u00e7ine s\u0131zarak anlad\u0131\u011f\u0131 eserlerinden biri.<\/p>\n","protected":false},"excerpt":{"rendered":"<p>Bal\u00e7\u0131kta debelenen k\u00fc\u00e7\u00fck bir fare ydi, hamurunda yosmal\u0131k vard\u0131 gelecek vaat eden. Hen\u00fcz e\u011fitimle bozulmam\u0131\u015ft\u0131, okuma yazmas\u0131 yoktu. \u00c7ok g\u00fczeldi. G\u00fcbrenin i\u00e7inde a\u00e7an bir zambakt\u0131&#8230; \u00c7i\u00e7ek<span class=\"excerpt-hellip\"> [\u2026]<\/span><\/p>\n","protected":false},"featured_media":0,"template":"","meta":{"_monsterinsights_skip_tracking":false,"_monsterinsights_sitenote_active":false,"_monsterinsights_sitenote_note":"","_monsterinsights_sitenote_category":0},"product_brand":[],"product_cat":[12291,13376],"product_tag":[],"class_list":{"0":"post-701050","1":"product","2":"type-product","3":"status-publish","5":"product_cat-edebiyat","6":"product_cat-fransiz-edebiyati","7":"pa_cilt-ciltsiz","8":"pa_tur-kitap","9":"pa_yayinevi-can-yayinlari","10":"pa_yazar-honore-de-balzac","12":"first","13":"instock","14":"sale","15":"shipping-taxable","16":"purchasable","17":"product-type-simple"},"_links":{"self":[{"href":"https:\/\/roveyayinevi.com.tr\/index.php\/wp-json\/wp\/v2\/product\/701050","targetHints":{"allow":["GET"]}}],"collection":[{"href":"https:\/\/roveyayinevi.com.tr\/index.php\/wp-json\/wp\/v2\/product"}],"about":[{"href":"https:\/\/roveyayinevi.com.tr\/index.php\/wp-json\/wp\/v2\/types\/product"}],"wp:attachment":[{"href":"https:\/\/roveyayinevi.com.tr\/index.php\/wp-json\/wp\/v2\/media?parent=701050"}],"wp:term":[{"taxonomy":"product_brand","embeddable":true,"href":"https:\/\/roveyayinevi.com.tr\/index.php\/wp-json\/wp\/v2\/product_brand?post=701050"},{"taxonomy":"product_cat","embeddable":true,"href":"https:\/\/roveyayinevi.com.tr\/index.php\/wp-json\/wp\/v2\/product_cat?post=701050"},{"taxonomy":"product_tag","embeddable":true,"href":"https:\/\/roveyayinevi.com.tr\/index.php\/wp-json\/wp\/v2\/product_tag?post=701050"}],"curies":[{"name":"wp","href":"https:\/\/api.w.org\/{rel}","templated":true}]}}