{"id":701049,"date":"2025-08-27T15:05:35","date_gmt":"2025-08-27T12:05:35","guid":{"rendered":"https:\/\/roveyayinevi.com.tr\/index.php\/urun\/kizil-dari-tarlalari\/"},"modified":"2026-04-16T02:10:10","modified_gmt":"2026-04-15T23:10:10","slug":"kizil-dari-tarlalari","status":"publish","type":"product","link":"https:\/\/roveyayinevi.com.tr\/index.php\/urun\/kizil-dari-tarlalari\/","title":{"rendered":"K\u0131z\u0131l Dar\u0131 Tarlalar\u0131"},"content":{"rendered":"<p>\u00c7in\u2019in Nobel \u00f6d\u00fcll\u00fc yazar\u0131 Mo Yan\u2019\u0131n K\u0131z\u0131l Dar\u0131 Tarlalar\u0131, Shandong ailesinden \u00fc\u00e7 ku\u015fa\u011f\u0131n, 1923-1976 y\u0131llar\u0131 aras\u0131ndaki \u00f6yk\u00fcs\u00fcn\u00fc aktaran bir roman. Yazar, bir m\u00fccevher g\u00fczelli\u011findeki do\u011fa manzaralar\u0131 fonuna yerle\u015ftirdi\u011fi ve kronolojik s\u0131ra g\u00fctmeden kurgulad\u0131\u011f\u0131 romanda, Japon istilas\u0131na kar\u015f\u0131 verilen Direni\u015f Sava\u015f\u0131, \u00c7inlilerin birbirleriyle \u00e7at\u0131\u015fmalar\u0131, Kom\u00fcnist Devrim, K\u00fclt\u00fcr Devrimi gibi \u00c7in tarihindeki \u00f6nemli halk hareketlerini ve b\u00fct\u00fcn bu y\u0131llar i\u00e7indeki tutkulu a\u015fklar\u0131 anlat\u0131yor.<\/p>\n","protected":false},"excerpt":{"rendered":"<p>\u00c7in\u2019in Nobel \u00f6d\u00fcll\u00fc yazar\u0131 Mo Yan\u2019\u0131n K\u0131z\u0131l Dar\u0131 Tarlalar\u0131, Shandong ailesinden \u00fc\u00e7 ku\u015fa\u011f\u0131n, 1923-1976 y\u0131llar\u0131 aras\u0131ndaki \u00f6yk\u00fcs\u00fcn\u00fc aktaran bir roman. Yazar, bir m\u00fccevher g\u00fczelli\u011findeki do\u011fa manzaralar\u0131<span class=\"excerpt-hellip\"> [\u2026]<\/span><\/p>\n","protected":false},"featured_media":0,"template":"","meta":{"_monsterinsights_skip_tracking":false,"_monsterinsights_sitenote_active":false,"_monsterinsights_sitenote_note":"","_monsterinsights_sitenote_category":0},"product_brand":[],"product_cat":[13661,12291],"product_tag":[],"class_list":{"0":"post-701049","1":"product","2":"type-product","3":"status-publish","5":"product_cat-diger-ulke-edebiyatlari","6":"product_cat-edebiyat","7":"pa_cilt-ciltsiz","8":"pa_tur-kitap","9":"pa_yayinevi-can-yayinlari","10":"pa_yazar-mo-yan","12":"first","13":"instock","14":"sale","15":"shipping-taxable","16":"purchasable","17":"product-type-simple"},"_links":{"self":[{"href":"https:\/\/roveyayinevi.com.tr\/index.php\/wp-json\/wp\/v2\/product\/701049","targetHints":{"allow":["GET"]}}],"collection":[{"href":"https:\/\/roveyayinevi.com.tr\/index.php\/wp-json\/wp\/v2\/product"}],"about":[{"href":"https:\/\/roveyayinevi.com.tr\/index.php\/wp-json\/wp\/v2\/types\/product"}],"wp:attachment":[{"href":"https:\/\/roveyayinevi.com.tr\/index.php\/wp-json\/wp\/v2\/media?parent=701049"}],"wp:term":[{"taxonomy":"product_brand","embeddable":true,"href":"https:\/\/roveyayinevi.com.tr\/index.php\/wp-json\/wp\/v2\/product_brand?post=701049"},{"taxonomy":"product_cat","embeddable":true,"href":"https:\/\/roveyayinevi.com.tr\/index.php\/wp-json\/wp\/v2\/product_cat?post=701049"},{"taxonomy":"product_tag","embeddable":true,"href":"https:\/\/roveyayinevi.com.tr\/index.php\/wp-json\/wp\/v2\/product_tag?post=701049"}],"curies":[{"name":"wp","href":"https:\/\/api.w.org\/{rel}","templated":true}]}}