{"id":701048,"date":"2025-08-27T15:05:34","date_gmt":"2025-08-27T12:05:34","guid":{"rendered":"https:\/\/roveyayinevi.com.tr\/index.php\/urun\/kuslar-sanati\/"},"modified":"2026-04-16T02:10:10","modified_gmt":"2026-04-15T23:10:10","slug":"kuslar-sanati","status":"publish","type":"product","link":"https:\/\/roveyayinevi.com.tr\/index.php\/urun\/kuslar-sanati\/","title":{"rendered":"Ku\u015flar Sanat\u0131"},"content":{"rendered":"<p>D\u00fcnyadaki b\u00fct\u00fcn yoksullar\u0131n ve b\u00fct\u00fcn \u00e2\u015f\u0131klar\u0131n b\u00fcy\u00fck \u015fairi Pablo Neruda, T\u00fcrk okurlar\u0131n da dilinden d\u00fc\u015fmeyen \u015fiirleriyle ya\u015f\u0131yor. Latin Amerika\u2019n\u0131n Walt Whitman\u2019\u0131 kabul edilen Pablo Neruda, t\u0131pk\u0131 tah\u0131l taneleri kadar say\u0131lmas\u0131 olanaks\u0131z dedi\u011fi bu b\u00fcy\u00fck \u015fair gibi, yurdunun b\u00fct\u00fcn i\u00e7sel d\u00fcnyas\u0131n\u0131 ve d\u00fcnyevi varl\u0131\u011f\u0131n\u0131 \u015fiirle\u015ftirme yoluna gitmi\u015ftir. Ku\u015flar Sanat\u0131 \u00e7a\u011f\u0131m\u0131z\u0131n evrensel \u015fairi Neruda\u2019n\u0131n bu tutumunun ilgin\u00e7 bir \u00f6rne\u011fidir. \u015eili\u2019de en yayg\u0131n rastlanan ku\u015flara tek tek \u00f6vg\u00fcler d\u00fczen bu ku\u015fbaz \u015fair , kitab\u0131n sonunda kendi d\u00fc\u015fsel ku\u015flar\u0131yla mizahi bir ele\u015ftiri sunar. D\u00fcnya \u015fiirinde e\u015fi g\u00f6r\u00fclmemi\u015f bu \u015fiir deneyinin, \u0131ss\u0131zla\u015fan bir d\u00fcnyada insan varl\u0131\u011f\u0131na estetik bir hat\u0131rlatma olaca\u011f\u0131 kan\u0131s\u0131yla, Ku\u015flar Sanat\u0131\u2019n\u0131 yay\u0131mlamaktan \u00f6zel bir k\u0131van\u00e7 duyuyoruz. \ufffc<\/p>\n","protected":false},"excerpt":{"rendered":"<p>D\u00fcnyadaki b\u00fct\u00fcn yoksullar\u0131n ve b\u00fct\u00fcn \u00e2\u015f\u0131klar\u0131n b\u00fcy\u00fck \u015fairi Pablo Neruda, T\u00fcrk okurlar\u0131n da dilinden d\u00fc\u015fmeyen \u015fiirleriyle ya\u015f\u0131yor. Latin Amerika\u2019n\u0131n Walt Whitman\u2019\u0131 kabul edilen Pablo Neruda, t\u0131pk\u0131<span class=\"excerpt-hellip\"> [\u2026]<\/span><\/p>\n","protected":false},"featured_media":0,"template":"","meta":{"_monsterinsights_skip_tracking":false,"_monsterinsights_sitenote_active":false,"_monsterinsights_sitenote_note":"","_monsterinsights_sitenote_category":0},"product_brand":[],"product_cat":[12364],"product_tag":[],"class_list":{"0":"post-701048","1":"product","2":"type-product","3":"status-publish","5":"product_cat-genel-konular","6":"pa_cilt-ciltsiz","7":"pa_tur-kitap","8":"pa_yayinevi-can-yayinlari","9":"pa_yazar-pablo-neruda","11":"first","12":"instock","13":"sale","14":"shipping-taxable","15":"purchasable","16":"product-type-simple"},"_links":{"self":[{"href":"https:\/\/roveyayinevi.com.tr\/index.php\/wp-json\/wp\/v2\/product\/701048","targetHints":{"allow":["GET"]}}],"collection":[{"href":"https:\/\/roveyayinevi.com.tr\/index.php\/wp-json\/wp\/v2\/product"}],"about":[{"href":"https:\/\/roveyayinevi.com.tr\/index.php\/wp-json\/wp\/v2\/types\/product"}],"wp:attachment":[{"href":"https:\/\/roveyayinevi.com.tr\/index.php\/wp-json\/wp\/v2\/media?parent=701048"}],"wp:term":[{"taxonomy":"product_brand","embeddable":true,"href":"https:\/\/roveyayinevi.com.tr\/index.php\/wp-json\/wp\/v2\/product_brand?post=701048"},{"taxonomy":"product_cat","embeddable":true,"href":"https:\/\/roveyayinevi.com.tr\/index.php\/wp-json\/wp\/v2\/product_cat?post=701048"},{"taxonomy":"product_tag","embeddable":true,"href":"https:\/\/roveyayinevi.com.tr\/index.php\/wp-json\/wp\/v2\/product_tag?post=701048"}],"curies":[{"name":"wp","href":"https:\/\/api.w.org\/{rel}","templated":true}]}}