{"id":701046,"date":"2025-08-27T15:05:33","date_gmt":"2025-08-27T12:05:33","guid":{"rendered":"https:\/\/roveyayinevi.com.tr\/index.php\/urun\/kudus-2\/"},"modified":"2025-11-22T03:16:33","modified_gmt":"2025-11-22T00:16:33","slug":"kudus-2","status":"publish","type":"product","link":"https:\/\/roveyayinevi.com.tr\/index.php\/urun\/kudus-2\/","title":{"rendered":"Kud\u00fcs"},"content":{"rendered":"<p>Gece iyice bast\u0131rd\u0131\u011f\u0131nda a\u015fa\u011f\u0131ya iniyorum; kafam\u0131n i\u00e7inde yak\u0131nan bir s\u00fcr\u00fc tilki (yaln\u0131zs\u0131n, yaln\u0131z). Ad\u0131mlar\u0131m\u0131 sa\u011f\u0131rla\u015ft\u0131ran topra\u011f\u0131n \u00fczerinde a\u011f\u0131r a\u011f\u0131r y\u00fcr\u00fcyorum. Karanl\u0131k. B\u00fct\u00fcn\u00fcyle bah\u00e7e ve villalarla dolu bu mahallede oturmay\u0131 s\u00fcrd\u00fcrenlerden \u00e7ok az ki\u015fi, Genel Kararg\u00e2h\u2019\u0131n karartma konusundaki talimatlar\u0131na tam olarak uyuyor&#8230; Yolu biliyorum, cep fenerimi yakmama gerek yok. Ancak \u00e7o\u011fu zaman hi\u00e7bir amac\u0131m olmuyor.  Emmy, Adam, Frau Anna, Hac\u0131vassilis, Kaloyano\u015f&#8230; Sava\u015fan Avrupa\u2019dan, siyasi \u00e7alkant\u0131larla bo\u011fu\u015fan Yunanistan\u2019dan ka\u00e7arak Do\u011fu Akdeniz\u2019e s\u0131\u011f\u0131nan kom\u00fcnistler, ayd\u0131nlar, eylemciler. Ba\u015fka yerlerden, ba\u015fka k\u00fclt\u00fcrlerden, ba\u015fka hayatlardan kopup gelerek Kud\u00fcs\u2019te bulu\u015fan bu insanlar, M\u0131s\u0131r do\u011fumlu Yunanl\u0131 yazar Stratis Tsirkas\u2019\u0131n b\u00fcy\u00fck projesi Ba\u015f\u0131bo\u015f Kentler\u2019in birinci kitab\u0131 Kud\u00fcs\u2019\u00fcn kahramanlar\u0131. Tsirkas, kimlik, co\u011frafya, siyaset ve insani zaaflar\u0131,  ak\u0131nt\u0131ya kap\u0131lm\u0131\u015f kentler  metaforu \u00fczerinden anlatt\u0131\u011f\u0131 bu \u00fc\u00e7lemeyle  mutlaka okunacaklar  listesine girmi\u015f durumda. G\u00f6rkemli, XX. y\u00fczy\u0131l\u0131n kalp at\u0131\u015flar\u0131n\u0131n hissedildi\u011fi bir ba\u015fyap\u0131t. <\/p>\n","protected":false},"excerpt":{"rendered":"<p>Gece iyice bast\u0131rd\u0131\u011f\u0131nda a\u015fa\u011f\u0131ya iniyorum; kafam\u0131n i\u00e7inde yak\u0131nan bir s\u00fcr\u00fc tilki (yaln\u0131zs\u0131n, yaln\u0131z). Ad\u0131mlar\u0131m\u0131 sa\u011f\u0131rla\u015ft\u0131ran topra\u011f\u0131n \u00fczerinde a\u011f\u0131r a\u011f\u0131r y\u00fcr\u00fcyorum. Karanl\u0131k. B\u00fct\u00fcn\u00fcyle bah\u00e7e ve villalarla dolu<span class=\"excerpt-hellip\"> [\u2026]<\/span><\/p>\n","protected":false},"featured_media":0,"template":"","meta":{"_monsterinsights_skip_tracking":false,"_monsterinsights_sitenote_active":false,"_monsterinsights_sitenote_note":"","_monsterinsights_sitenote_category":0},"product_brand":[],"product_cat":[12291,12711],"product_tag":[],"class_list":{"0":"post-701046","1":"product","2":"type-product","3":"status-publish","5":"product_cat-edebiyat","6":"product_cat-roman-oyku","7":"pa_cilt-ciltsiz","8":"pa_tur-kitap","9":"pa_yayinevi-can-yayinlari","10":"pa_yazar-stratis-tsirkas","12":"first","13":"instock","14":"sale","15":"shipping-taxable","16":"purchasable","17":"product-type-simple"},"_links":{"self":[{"href":"https:\/\/roveyayinevi.com.tr\/index.php\/wp-json\/wp\/v2\/product\/701046","targetHints":{"allow":["GET"]}}],"collection":[{"href":"https:\/\/roveyayinevi.com.tr\/index.php\/wp-json\/wp\/v2\/product"}],"about":[{"href":"https:\/\/roveyayinevi.com.tr\/index.php\/wp-json\/wp\/v2\/types\/product"}],"wp:attachment":[{"href":"https:\/\/roveyayinevi.com.tr\/index.php\/wp-json\/wp\/v2\/media?parent=701046"}],"wp:term":[{"taxonomy":"product_brand","embeddable":true,"href":"https:\/\/roveyayinevi.com.tr\/index.php\/wp-json\/wp\/v2\/product_brand?post=701046"},{"taxonomy":"product_cat","embeddable":true,"href":"https:\/\/roveyayinevi.com.tr\/index.php\/wp-json\/wp\/v2\/product_cat?post=701046"},{"taxonomy":"product_tag","embeddable":true,"href":"https:\/\/roveyayinevi.com.tr\/index.php\/wp-json\/wp\/v2\/product_tag?post=701046"}],"curies":[{"name":"wp","href":"https:\/\/api.w.org\/{rel}","templated":true}]}}