{"id":701044,"date":"2025-08-27T15:05:33","date_gmt":"2025-08-27T12:05:33","guid":{"rendered":"https:\/\/roveyayinevi.com.tr\/index.php\/urun\/kolera-gunlerinde-ask\/"},"modified":"2026-02-28T02:18:32","modified_gmt":"2026-02-27T23:18:32","slug":"kolera-gunlerinde-ask","status":"publish","type":"product","link":"https:\/\/roveyayinevi.com.tr\/index.php\/urun\/kolera-gunlerinde-ask\/","title":{"rendered":"Kolera G\u00fcnlerinde A\u015fk"},"content":{"rendered":"<p>Kolera G\u00fcnlerinde A\u015fk, b\u0131rak\u0131lm\u0131\u015f bir sevgilinin, yeniyetmelik y\u0131llar\u0131ndan ba\u015flayarak ya\u015fl\u0131l\u0131\u011f\u0131n alacakaranl\u0131\u011f\u0131na dek s\u00fcren yar\u0131m y\u00fczy\u0131ll\u0131k a\u015fk\u0131n\u0131n \u00f6yk\u00fcs\u00fc. Gabriel Garcia Marquez&#8217;in, ustal\u0131\u011f\u0131, bu \u00f6yk\u00fcy\u00fc bir destana d\u00f6n\u00fc\u015ft\u00fcr\u00fcyor: a\u015fk\u0131n, deli-ak\u0131ll\u0131, yaban\u0131l-evcil, tensel, romantik t\u00fcm bi\u00e7imlerinin pastoral bir \u015fiirin b\u00fcy\u00fcs\u00fcne b\u00fcr\u00fcnd\u00fc\u011f\u00fc bir destan. On dokuzuncu y\u00fczy\u0131l\u0131n yirminci y\u00fczy\u0131la d\u00f6n\u00fc\u015ft\u00fc\u011f\u00fc bir zaman dilimini kapsayan bu bitmeyen a\u015fk\u0131n gerisinde, \u00e7a\u011fda\u015fla\u015fma \u00e7abas\u0131 i\u00e7indeki bir toplumun \u00e7e\u015fitli y\u00f6nlerini, \u00f6zellikle ta\u015fra kentsoylulu\u011funun sa\u00e7mal\u0131klar\u0131n\u0131 ince bir alayla ele\u015ftiriyor yazar. Roman boyunca, a\u015fk ac\u0131lar\u0131n\u0131n lirik r\u00fczg\u00e2rlar\u0131n\u0131n esintileri aras\u0131nda, Gabriel Garcia Marquez&#8217;in, insanc\u0131l mizah\u0131, s\u00fcrekli olarak duyuruyor kendini. Bu nitelikleriyle, Kolera G\u00fcnlerinde A\u015fk, Gabriel Garcia Marquez&#8217;in ba\u015fyap\u0131t\u0131 say\u0131lan Y\u00fczy\u0131ll\u0131k Yaln\u0131zl\u0131k&#8217;\u0131n yan\u0131nda tart\u0131\u015f\u0131lmaz bir bi\u00e7imde yerini al\u0131yor. \ufffc<\/p>\n","protected":false},"excerpt":{"rendered":"<p>Kolera G\u00fcnlerinde A\u015fk, b\u0131rak\u0131lm\u0131\u015f bir sevgilinin, yeniyetmelik y\u0131llar\u0131ndan ba\u015flayarak ya\u015fl\u0131l\u0131\u011f\u0131n alacakaranl\u0131\u011f\u0131na dek s\u00fcren yar\u0131m y\u00fczy\u0131ll\u0131k a\u015fk\u0131n\u0131n \u00f6yk\u00fcs\u00fc. Gabriel Garcia Marquez&#8217;in, ustal\u0131\u011f\u0131, bu \u00f6yk\u00fcy\u00fc bir destana d\u00f6n\u00fc\u015ft\u00fcr\u00fcyor:<span class=\"excerpt-hellip\"> [\u2026]<\/span><\/p>\n","protected":false},"featured_media":0,"template":"","meta":{"_monsterinsights_skip_tracking":false,"_monsterinsights_sitenote_active":false,"_monsterinsights_sitenote_note":"","_monsterinsights_sitenote_category":0},"product_brand":[],"product_cat":[12291,12711],"product_tag":[],"class_list":{"0":"post-701044","1":"product","2":"type-product","3":"status-publish","5":"product_cat-edebiyat","6":"product_cat-roman-oyku","7":"pa_cilt-ciltsiz","8":"pa_tur-kitap","9":"pa_yayinevi-can-yayinlari","10":"pa_yazar-gabriel-garcia-marquez","12":"first","13":"instock","14":"sale","15":"shipping-taxable","16":"purchasable","17":"product-type-simple"},"_links":{"self":[{"href":"https:\/\/roveyayinevi.com.tr\/index.php\/wp-json\/wp\/v2\/product\/701044","targetHints":{"allow":["GET"]}}],"collection":[{"href":"https:\/\/roveyayinevi.com.tr\/index.php\/wp-json\/wp\/v2\/product"}],"about":[{"href":"https:\/\/roveyayinevi.com.tr\/index.php\/wp-json\/wp\/v2\/types\/product"}],"wp:attachment":[{"href":"https:\/\/roveyayinevi.com.tr\/index.php\/wp-json\/wp\/v2\/media?parent=701044"}],"wp:term":[{"taxonomy":"product_brand","embeddable":true,"href":"https:\/\/roveyayinevi.com.tr\/index.php\/wp-json\/wp\/v2\/product_brand?post=701044"},{"taxonomy":"product_cat","embeddable":true,"href":"https:\/\/roveyayinevi.com.tr\/index.php\/wp-json\/wp\/v2\/product_cat?post=701044"},{"taxonomy":"product_tag","embeddable":true,"href":"https:\/\/roveyayinevi.com.tr\/index.php\/wp-json\/wp\/v2\/product_tag?post=701044"}],"curies":[{"name":"wp","href":"https:\/\/api.w.org\/{rel}","templated":true}]}}