{"id":701036,"date":"2025-08-27T15:04:15","date_gmt":"2025-08-27T12:04:15","guid":{"rendered":"https:\/\/roveyayinevi.com.tr\/index.php\/urun\/edep-ya-hu-3\/"},"modified":"2026-04-16T02:10:10","modified_gmt":"2026-04-15T23:10:10","slug":"edep-ya-hu-3","status":"publish","type":"product","link":"https:\/\/roveyayinevi.com.tr\/index.php\/urun\/edep-ya-hu-3\/","title":{"rendered":"Edep Ya Hu"},"content":{"rendered":"<p>Edep Ya H\u00fb, tarihimizin gizemli, \u015fa\u015f\u0131rt\u0131c\u0131, reng\u00e2renk sayfalar\u0131ndan yola \u00e7\u0131k\u0131larak kurgulanm\u0131\u015f, zengin hayal g\u00fcc\u00fcyle yaz\u0131lm\u0131\u015f bir roman. Her sat\u0131r\u0131 sonsuz bir merakla okunan Edep Ya H\u00fb\u2019nun kahraman\u0131, Yeni\u00e7eri Oca\u011f\u0131\u2019n\u0131n \u00fcnl\u00fc 65. Orta\u2019s\u0131na mensup bir acemi o\u011flan: K\u0131z Ferhad. Bosna eyaleti Avliya n\u00fcfusundan kendi halinde bir ailenin \u00e7ocu\u011fu iken al\u0131n\u0131p \u0130stanbul\u2019a getirilen, \u00f6nce bir pa\u015fan\u0131n, sonra bir Yeni\u00e7eri a\u011fas\u0131n\u0131n kapatmas\u0131 olan, Atmeydan\u0131\u2019ndaki gizli bir zevk ve fuhu\u015f yuvas\u0131nda, buran\u0131n m\u00fcdavimi haline gelen askerlere ikram edilen, duygulu, zeki, esprili K\u0131z Ferhad&#8230; <\/p>\n","protected":false},"excerpt":{"rendered":"<p>Edep Ya H\u00fb, tarihimizin gizemli, \u015fa\u015f\u0131rt\u0131c\u0131, reng\u00e2renk sayfalar\u0131ndan yola \u00e7\u0131k\u0131larak kurgulanm\u0131\u015f, zengin hayal g\u00fcc\u00fcyle yaz\u0131lm\u0131\u015f bir roman. Her sat\u0131r\u0131 sonsuz bir merakla okunan Edep Ya H\u00fb\u2019nun<span class=\"excerpt-hellip\"> [\u2026]<\/span><\/p>\n","protected":false},"featured_media":0,"template":"","meta":{"_monsterinsights_skip_tracking":false,"_monsterinsights_sitenote_active":false,"_monsterinsights_sitenote_note":"","_monsterinsights_sitenote_category":0},"product_brand":[],"product_cat":[12291,12292],"product_tag":[],"class_list":{"0":"post-701036","1":"product","2":"type-product","3":"status-publish","5":"product_cat-edebiyat","6":"product_cat-turk-edebiyati","7":"pa_cilt-ciltsiz","8":"pa_tur-kitap","9":"pa_yayinevi-can-yayinlari","10":"pa_yazar-mehmet-anil","12":"first","13":"instock","14":"sale","15":"shipping-taxable","16":"purchasable","17":"product-type-simple"},"_links":{"self":[{"href":"https:\/\/roveyayinevi.com.tr\/index.php\/wp-json\/wp\/v2\/product\/701036","targetHints":{"allow":["GET"]}}],"collection":[{"href":"https:\/\/roveyayinevi.com.tr\/index.php\/wp-json\/wp\/v2\/product"}],"about":[{"href":"https:\/\/roveyayinevi.com.tr\/index.php\/wp-json\/wp\/v2\/types\/product"}],"wp:attachment":[{"href":"https:\/\/roveyayinevi.com.tr\/index.php\/wp-json\/wp\/v2\/media?parent=701036"}],"wp:term":[{"taxonomy":"product_brand","embeddable":true,"href":"https:\/\/roveyayinevi.com.tr\/index.php\/wp-json\/wp\/v2\/product_brand?post=701036"},{"taxonomy":"product_cat","embeddable":true,"href":"https:\/\/roveyayinevi.com.tr\/index.php\/wp-json\/wp\/v2\/product_cat?post=701036"},{"taxonomy":"product_tag","embeddable":true,"href":"https:\/\/roveyayinevi.com.tr\/index.php\/wp-json\/wp\/v2\/product_tag?post=701036"}],"curies":[{"name":"wp","href":"https:\/\/api.w.org\/{rel}","templated":true}]}}