{"id":701035,"date":"2025-08-27T15:04:15","date_gmt":"2025-08-27T12:04:15","guid":{"rendered":"https:\/\/roveyayinevi.com.tr\/index.php\/urun\/mekteb-i-sultani\/"},"modified":"2026-04-16T02:10:10","modified_gmt":"2026-04-15T23:10:10","slug":"mekteb-i-sultani","status":"publish","type":"product","link":"https:\/\/roveyayinevi.com.tr\/index.php\/urun\/mekteb-i-sultani\/","title":{"rendered":"Mekteb-i Sultani"},"content":{"rendered":"<p>Mekteb-i Sultani (Galatasaray Lisesi) \u00fclkemizin en k\u00f6kl\u00fc e\u011fitim kurumlar\u0131 aras\u0131nda yer alarak \u00e7ok \u00f6nemli i\u015flevler g\u00f6rm\u00fc\u015f; yeti\u015ftirdi\u011fi \u00f6\u011frenciler her alanda ba\u015far\u0131l\u0131 insanlar olarak \u00fclkeleri i\u00e7in yararl\u0131 faaliyetlerde bulunmu\u015flard\u0131r. Zaten lisenin kurulu\u015f amac\u0131 da buna y\u00f6neliktir. <\/p>\n","protected":false},"excerpt":{"rendered":"<p>Mekteb-i Sultani (Galatasaray Lisesi) \u00fclkemizin en k\u00f6kl\u00fc e\u011fitim kurumlar\u0131 aras\u0131nda yer alarak \u00e7ok \u00f6nemli i\u015flevler g\u00f6rm\u00fc\u015f; yeti\u015ftirdi\u011fi \u00f6\u011frenciler her alanda ba\u015far\u0131l\u0131 insanlar olarak \u00fclkeleri i\u00e7in yararl\u0131<span class=\"excerpt-hellip\"> [\u2026]<\/span><\/p>\n","protected":false},"featured_media":0,"template":"","meta":{"_monsterinsights_skip_tracking":false,"_monsterinsights_sitenote_active":false,"_monsterinsights_sitenote_note":"","_monsterinsights_sitenote_category":0},"product_brand":[],"product_cat":[12370,12304],"product_tag":[],"class_list":{"0":"post-701035","1":"product","2":"type-product","3":"status-publish","5":"product_cat-arastirma-inceleme","6":"product_cat-tarih","7":"pa_tur-kitap","8":"pa_yayinevi-yeditepe-yayinevi","9":"pa_yazar-vahdettin-engin","11":"first","12":"instock","13":"sale","14":"shipping-taxable","15":"purchasable","16":"product-type-simple"},"_links":{"self":[{"href":"https:\/\/roveyayinevi.com.tr\/index.php\/wp-json\/wp\/v2\/product\/701035","targetHints":{"allow":["GET"]}}],"collection":[{"href":"https:\/\/roveyayinevi.com.tr\/index.php\/wp-json\/wp\/v2\/product"}],"about":[{"href":"https:\/\/roveyayinevi.com.tr\/index.php\/wp-json\/wp\/v2\/types\/product"}],"wp:attachment":[{"href":"https:\/\/roveyayinevi.com.tr\/index.php\/wp-json\/wp\/v2\/media?parent=701035"}],"wp:term":[{"taxonomy":"product_brand","embeddable":true,"href":"https:\/\/roveyayinevi.com.tr\/index.php\/wp-json\/wp\/v2\/product_brand?post=701035"},{"taxonomy":"product_cat","embeddable":true,"href":"https:\/\/roveyayinevi.com.tr\/index.php\/wp-json\/wp\/v2\/product_cat?post=701035"},{"taxonomy":"product_tag","embeddable":true,"href":"https:\/\/roveyayinevi.com.tr\/index.php\/wp-json\/wp\/v2\/product_tag?post=701035"}],"curies":[{"name":"wp","href":"https:\/\/api.w.org\/{rel}","templated":true}]}}