{"id":701034,"date":"2025-08-27T15:04:14","date_gmt":"2025-08-27T12:04:14","guid":{"rendered":"https:\/\/roveyayinevi.com.tr\/index.php\/urun\/ozgurluk-yollari-2-yasanmayan-zaman\/"},"modified":"2026-04-16T02:10:10","modified_gmt":"2026-04-15T23:10:10","slug":"ozgurluk-yollari-2-yasanmayan-zaman","status":"publish","type":"product","link":"https:\/\/roveyayinevi.com.tr\/index.php\/urun\/ozgurluk-yollari-2-yasanmayan-zaman\/","title":{"rendered":"\u00d6zg\u00fcrl\u00fck Yollar\u0131 2 &#8211; Ya\u015fanmayan Zaman"},"content":{"rendered":"<p>Ya\u015fanmayan Zaman, \u00e7a\u011f\u0131m\u0131za damgas\u0131n\u0131 vurmu\u015f b\u00fcy\u00fck Frans\u0131z yazar\u0131 ve d\u00fc\u015f\u00fcn\u00fcr\u00fc Jean-Paul Sartre\u2019\u0131n, edebiyat alan\u0131nda kaleme ald\u0131\u011f\u0131 yap\u0131tlar\u0131 aras\u0131nda \u00e7ok b\u00fcy\u00fck bir yeri olan \u00d6zg\u00fcrl\u00fck Yollar\u0131 ba\u015fl\u0131kl\u0131 \u00fc\u00e7lemesinin ikinci kitab\u0131. \u00dcstelik bu \u00fc\u00e7leme, yazar\u0131n yap\u0131tlar\u0131 aras\u0131nda tek ger\u00e7ek\u00e7i bir \u00f6rnek. Roman\u0131n kahraman\u0131 Mathieu, \u00fc\u00e7lemenin ilki olan Ak\u0131l \u00c7a\u011f\u0131\u2019nda \u00f6zg\u00fcrl\u00fck tutkusu ve birey olarak kendi kendinin sorumlusu olma kararl\u0131l\u0131\u011f\u0131yla, insanlarla toplumla yabanc\u0131la\u015farak, bir t\u00fcr yaln\u0131zl\u0131\u011fa mahk\u00fbm olman\u0131n h\u00fczn\u00fcn\u00fc ya\u015far. Ya\u015fanmayan Zaman\u2019da, yazar, Mathieu\u2019n\u00fcn kendi kendisiyle hesapla\u015fmas\u0131n\u0131n yan\u0131 s\u0131ra, \u0130kinci D\u00fcnya Sava\u015f\u0131\u2019n\u0131n o korkun\u00e7 u\u00e7urumunun k\u0131y\u0131s\u0131nda, sava\u015f korkusuyla bar\u0131\u015f umudu aras\u0131nda gidip gelen bir Avrupa\u2019da ge\u00e7mi\u015finden kopar\u0131larak gelece\u011fe akan yolun ba\u015f\u0131nda beklemek zorunda b\u0131rak\u0131lm\u0131\u015f bir avu\u00e7 insan\u0131n dura\u011fan ve sessiz ac\u0131s\u0131n\u0131 anlatmaktad\u0131r. \ufffcTan\u0131t\u0131m Metni<\/p>\n","protected":false},"excerpt":{"rendered":"<p>Ya\u015fanmayan Zaman, \u00e7a\u011f\u0131m\u0131za damgas\u0131n\u0131 vurmu\u015f b\u00fcy\u00fck Frans\u0131z yazar\u0131 ve d\u00fc\u015f\u00fcn\u00fcr\u00fc Jean-Paul Sartre\u2019\u0131n, edebiyat alan\u0131nda kaleme ald\u0131\u011f\u0131 yap\u0131tlar\u0131 aras\u0131nda \u00e7ok b\u00fcy\u00fck bir yeri olan \u00d6zg\u00fcrl\u00fck Yollar\u0131 ba\u015fl\u0131kl\u0131<span class=\"excerpt-hellip\"> [\u2026]<\/span><\/p>\n","protected":false},"featured_media":0,"template":"","meta":{"_monsterinsights_skip_tracking":false,"_monsterinsights_sitenote_active":false,"_monsterinsights_sitenote_note":"","_monsterinsights_sitenote_category":0},"product_brand":[],"product_cat":[12291,13376],"product_tag":[],"class_list":{"0":"post-701034","1":"product","2":"type-product","3":"status-publish","5":"product_cat-edebiyat","6":"product_cat-fransiz-edebiyati","7":"pa_cilt-ciltsiz","8":"pa_tur-kitap","9":"pa_yayinevi-can-yayinlari","10":"pa_yazar-jean-paul-sartre","12":"first","13":"instock","14":"sale","15":"shipping-taxable","16":"purchasable","17":"product-type-simple"},"_links":{"self":[{"href":"https:\/\/roveyayinevi.com.tr\/index.php\/wp-json\/wp\/v2\/product\/701034","targetHints":{"allow":["GET"]}}],"collection":[{"href":"https:\/\/roveyayinevi.com.tr\/index.php\/wp-json\/wp\/v2\/product"}],"about":[{"href":"https:\/\/roveyayinevi.com.tr\/index.php\/wp-json\/wp\/v2\/types\/product"}],"wp:attachment":[{"href":"https:\/\/roveyayinevi.com.tr\/index.php\/wp-json\/wp\/v2\/media?parent=701034"}],"wp:term":[{"taxonomy":"product_brand","embeddable":true,"href":"https:\/\/roveyayinevi.com.tr\/index.php\/wp-json\/wp\/v2\/product_brand?post=701034"},{"taxonomy":"product_cat","embeddable":true,"href":"https:\/\/roveyayinevi.com.tr\/index.php\/wp-json\/wp\/v2\/product_cat?post=701034"},{"taxonomy":"product_tag","embeddable":true,"href":"https:\/\/roveyayinevi.com.tr\/index.php\/wp-json\/wp\/v2\/product_tag?post=701034"}],"curies":[{"name":"wp","href":"https:\/\/api.w.org\/{rel}","templated":true}]}}