{"id":701029,"date":"2025-08-27T15:04:12","date_gmt":"2025-08-27T12:04:12","guid":{"rendered":"https:\/\/roveyayinevi.com.tr\/index.php\/urun\/dr-jekyll-ve-mr-hyde-ve-diger-fantastik-oykuler\/"},"modified":"2026-04-16T02:10:10","modified_gmt":"2026-04-15T23:10:10","slug":"dr-jekyll-ve-mr-hyde-ve-diger-fantastik-oykuler","status":"publish","type":"product","link":"https:\/\/roveyayinevi.com.tr\/index.php\/urun\/dr-jekyll-ve-mr-hyde-ve-diger-fantastik-oykuler\/","title":{"rendered":"Dr. Jekyll ve Mr. Hyde ve Di\u011fer Fantastik \u00d6yk\u00fcler"},"content":{"rendered":"<p>Dr. Jekyll ve Mr. Hyde ve Di\u011fer Fantastik \u00d6yk\u00fcler, Stevenson\u2019\u0131n \u00fc\u00e7 \u00f6yk\u00fcs\u00fcn\u00fc bir araya getiriyor. Yazar\u0131n g\u00f6rd\u00fc\u011f\u00fc bir r\u00fcyadan esinlenerek kaleme ald\u0131\u011f\u0131 Dr. Jekyll ve Mr. Hyde , gotik edebiyat\u0131n k\u00f6\u015feta\u015flar\u0131ndan biri. Biri doktor, di\u011feri psikopat bir katil iki farkl\u0131 ruhu ayn\u0131 bedende ya\u015fatan bir adam\u0131 anlatan \u00f6yk\u00fc, psikiyatrinin temel konular\u0131ndan biri olan \u00e7ifte ki\u015filik sorununu i\u015fliyor. \ufffcTan\u0131t\u0131m Metni<\/p>\n","protected":false},"excerpt":{"rendered":"<p>Dr. Jekyll ve Mr. Hyde ve Di\u011fer Fantastik \u00d6yk\u00fcler, Stevenson\u2019\u0131n \u00fc\u00e7 \u00f6yk\u00fcs\u00fcn\u00fc bir araya getiriyor. Yazar\u0131n g\u00f6rd\u00fc\u011f\u00fc bir r\u00fcyadan esinlenerek kaleme ald\u0131\u011f\u0131 Dr. Jekyll ve Mr.<span class=\"excerpt-hellip\"> [\u2026]<\/span><\/p>\n","protected":false},"featured_media":0,"template":"","meta":{"_monsterinsights_skip_tracking":false,"_monsterinsights_sitenote_active":false,"_monsterinsights_sitenote_note":"","_monsterinsights_sitenote_category":0},"product_brand":[],"product_cat":[12416,12291],"product_tag":[],"class_list":{"0":"post-701029","1":"product","2":"type-product","3":"status-publish","5":"product_cat-cizgi-roman","6":"product_cat-edebiyat","7":"pa_cilt-ciltsiz","8":"pa_tur-kitap","9":"pa_yayinevi-can-yayinlari","10":"pa_yazar-robert-louis-stevenson","12":"first","13":"instock","14":"sale","15":"shipping-taxable","16":"purchasable","17":"product-type-simple"},"_links":{"self":[{"href":"https:\/\/roveyayinevi.com.tr\/index.php\/wp-json\/wp\/v2\/product\/701029","targetHints":{"allow":["GET"]}}],"collection":[{"href":"https:\/\/roveyayinevi.com.tr\/index.php\/wp-json\/wp\/v2\/product"}],"about":[{"href":"https:\/\/roveyayinevi.com.tr\/index.php\/wp-json\/wp\/v2\/types\/product"}],"wp:attachment":[{"href":"https:\/\/roveyayinevi.com.tr\/index.php\/wp-json\/wp\/v2\/media?parent=701029"}],"wp:term":[{"taxonomy":"product_brand","embeddable":true,"href":"https:\/\/roveyayinevi.com.tr\/index.php\/wp-json\/wp\/v2\/product_brand?post=701029"},{"taxonomy":"product_cat","embeddable":true,"href":"https:\/\/roveyayinevi.com.tr\/index.php\/wp-json\/wp\/v2\/product_cat?post=701029"},{"taxonomy":"product_tag","embeddable":true,"href":"https:\/\/roveyayinevi.com.tr\/index.php\/wp-json\/wp\/v2\/product_tag?post=701029"}],"curies":[{"name":"wp","href":"https:\/\/api.w.org\/{rel}","templated":true}]}}