{"id":701027,"date":"2025-08-27T15:04:12","date_gmt":"2025-08-27T12:04:12","guid":{"rendered":"https:\/\/roveyayinevi.com.tr\/index.php\/urun\/colombre\/"},"modified":"2026-04-16T02:10:10","modified_gmt":"2026-04-15T23:10:10","slug":"colombre","status":"publish","type":"product","link":"https:\/\/roveyayinevi.com.tr\/index.php\/urun\/colombre\/","title":{"rendered":"Colombre"},"content":{"rendered":"<p>Colombre, d\u00fcnyan\u0131n t\u00fcm denizlerindeki t\u00fcm denizcilerin, t\u00fcm bal\u0131k\u00e7\u0131lar\u0131n en korktu\u011fu yarat\u0131kt\u0131r! \u0130nsano\u011flundan \u00e7ok daha kurnaz, korkun\u00e7 ve gizemli bir k\u00f6pekbal\u0131\u011f\u0131d\u0131r Colombre! Musallat oldu\u011fu denizciyi \u00f6lene kadar rahat b\u0131rakmaz! Pe\u015fine bir Colombre tak\u0131lan denizcinin pa\u00e7ay\u0131 kurtarmas\u0131n\u0131n tek yolu bir daha denizin k\u0131y\u0131s\u0131na bile u\u011framamakt\u0131r! Ama denizci denize gitmesin de ne yaps\u0131n! <\/p>\n","protected":false},"excerpt":{"rendered":"<p>Colombre, d\u00fcnyan\u0131n t\u00fcm denizlerindeki t\u00fcm denizcilerin, t\u00fcm bal\u0131k\u00e7\u0131lar\u0131n en korktu\u011fu yarat\u0131kt\u0131r! \u0130nsano\u011flundan \u00e7ok daha kurnaz, korkun\u00e7 ve gizemli bir k\u00f6pekbal\u0131\u011f\u0131d\u0131r Colombre! Musallat oldu\u011fu denizciyi \u00f6lene kadar<span class=\"excerpt-hellip\"> [\u2026]<\/span><\/p>\n","protected":false},"featured_media":0,"template":"","meta":{"_monsterinsights_skip_tracking":false,"_monsterinsights_sitenote_active":false,"_monsterinsights_sitenote_note":"","_monsterinsights_sitenote_category":0},"product_brand":[],"product_cat":[12291,14218],"product_tag":[],"class_list":{"0":"post-701027","1":"product","2":"type-product","3":"status-publish","5":"product_cat-edebiyat","6":"product_cat-italyan-edebiyati","7":"pa_cilt-ciltsiz","8":"pa_tur-kitap","9":"pa_yayinevi-can-yayinlari","10":"pa_yazar-dino-buzzati","12":"first","13":"instock","14":"sale","15":"shipping-taxable","16":"purchasable","17":"product-type-simple"},"_links":{"self":[{"href":"https:\/\/roveyayinevi.com.tr\/index.php\/wp-json\/wp\/v2\/product\/701027","targetHints":{"allow":["GET"]}}],"collection":[{"href":"https:\/\/roveyayinevi.com.tr\/index.php\/wp-json\/wp\/v2\/product"}],"about":[{"href":"https:\/\/roveyayinevi.com.tr\/index.php\/wp-json\/wp\/v2\/types\/product"}],"wp:attachment":[{"href":"https:\/\/roveyayinevi.com.tr\/index.php\/wp-json\/wp\/v2\/media?parent=701027"}],"wp:term":[{"taxonomy":"product_brand","embeddable":true,"href":"https:\/\/roveyayinevi.com.tr\/index.php\/wp-json\/wp\/v2\/product_brand?post=701027"},{"taxonomy":"product_cat","embeddable":true,"href":"https:\/\/roveyayinevi.com.tr\/index.php\/wp-json\/wp\/v2\/product_cat?post=701027"},{"taxonomy":"product_tag","embeddable":true,"href":"https:\/\/roveyayinevi.com.tr\/index.php\/wp-json\/wp\/v2\/product_tag?post=701027"}],"curies":[{"name":"wp","href":"https:\/\/api.w.org\/{rel}","templated":true}]}}