{"id":701026,"date":"2025-08-27T15:04:11","date_gmt":"2025-08-27T12:04:11","guid":{"rendered":"https:\/\/roveyayinevi.com.tr\/index.php\/urun\/yalnizligin-kesfi\/"},"modified":"2026-04-16T02:10:10","modified_gmt":"2026-04-15T23:10:10","slug":"yalnizligin-kesfi","status":"publish","type":"product","link":"https:\/\/roveyayinevi.com.tr\/index.php\/urun\/yalnizligin-kesfi\/","title":{"rendered":"Yaln\u0131zl\u0131\u011f\u0131n Ke\u015ffi"},"content":{"rendered":"<p>Yaln\u0131zl\u0131\u011f\u0131n Ke\u015ffi adl\u0131 bu an\u0131-roman\u0131n G\u00f6r\u00fcnmeyen Bir Adam\u0131n Portresi ba\u015fl\u0131kl\u0131 b\u00f6l\u00fcm\u00fcnde, yazar, babas\u0131n\u0131n \u00f6l\u00fcm\u00fcnden sonraki duygular\u0131n\u0131 ve an\u0131lar\u0131n\u0131 anlat\u0131yor; ikinci b\u00f6l\u00fcm olan An\u0131 Kitab\u0131&#8217;nda ise mercek kendi babal\u0131k konumuna \u00e7evriliyor. Kendisinden ve ger\u00e7eklerden ka\u00e7an, varolmama&#8217;y\u0131 se\u00e7en babas\u0131n\u0131n d\u00fcz ve yavan ki\u015fili\u011fi ile d\u00fcnyay\u0131 sorgulayan ve onu kavramaya \u00e7al\u0131\u015fan kendisi, roman\u0131n ya\u015famsal eksenini olu\u015fturuyor. Yazar, baba-o\u011ful s\u00f6ylencelerine yapt\u0131\u011f\u0131 g\u00f6ndermelerle bu ili\u015fkiyi yeniden irdelerken, ya\u015fam, \u00f6l\u00fcm, bellek, dil \u00fczerine de d\u00fc\u015f\u00fcnmekte, \u00f6yk\u00fclemenin ve yazman\u0131n do\u011fas\u0131ndaki m\u00fcthi\u015f yaln\u0131zl\u0131\u011f\u0131 bulgulamaktad\u0131r. \ufffcTan\u0131t\u0131m Metni<\/p>\n","protected":false},"excerpt":{"rendered":"<p>Yaln\u0131zl\u0131\u011f\u0131n Ke\u015ffi adl\u0131 bu an\u0131-roman\u0131n G\u00f6r\u00fcnmeyen Bir Adam\u0131n Portresi ba\u015fl\u0131kl\u0131 b\u00f6l\u00fcm\u00fcnde, yazar, babas\u0131n\u0131n \u00f6l\u00fcm\u00fcnden sonraki duygular\u0131n\u0131 ve an\u0131lar\u0131n\u0131 anlat\u0131yor; ikinci b\u00f6l\u00fcm olan An\u0131 Kitab\u0131&#8217;nda ise mercek<span class=\"excerpt-hellip\"> [\u2026]<\/span><\/p>\n","protected":false},"featured_media":0,"template":"","meta":{"_monsterinsights_skip_tracking":false,"_monsterinsights_sitenote_active":false,"_monsterinsights_sitenote_note":"","_monsterinsights_sitenote_category":0},"product_brand":[],"product_cat":[12891,12291],"product_tag":[],"class_list":{"0":"post-701026","1":"product","2":"type-product","3":"status-publish","5":"product_cat-amerikan-edebiyati","6":"product_cat-edebiyat","7":"pa_cilt-ciltsiz","8":"pa_tur-kitap","9":"pa_yayinevi-can-yayinlari","10":"pa_yazar-paul-auster","12":"first","13":"instock","14":"sale","15":"shipping-taxable","16":"purchasable","17":"product-type-simple"},"_links":{"self":[{"href":"https:\/\/roveyayinevi.com.tr\/index.php\/wp-json\/wp\/v2\/product\/701026","targetHints":{"allow":["GET"]}}],"collection":[{"href":"https:\/\/roveyayinevi.com.tr\/index.php\/wp-json\/wp\/v2\/product"}],"about":[{"href":"https:\/\/roveyayinevi.com.tr\/index.php\/wp-json\/wp\/v2\/types\/product"}],"wp:attachment":[{"href":"https:\/\/roveyayinevi.com.tr\/index.php\/wp-json\/wp\/v2\/media?parent=701026"}],"wp:term":[{"taxonomy":"product_brand","embeddable":true,"href":"https:\/\/roveyayinevi.com.tr\/index.php\/wp-json\/wp\/v2\/product_brand?post=701026"},{"taxonomy":"product_cat","embeddable":true,"href":"https:\/\/roveyayinevi.com.tr\/index.php\/wp-json\/wp\/v2\/product_cat?post=701026"},{"taxonomy":"product_tag","embeddable":true,"href":"https:\/\/roveyayinevi.com.tr\/index.php\/wp-json\/wp\/v2\/product_tag?post=701026"}],"curies":[{"name":"wp","href":"https:\/\/api.w.org\/{rel}","templated":true}]}}