{"id":701020,"date":"2025-08-27T15:04:09","date_gmt":"2025-08-27T12:04:09","guid":{"rendered":"https:\/\/roveyayinevi.com.tr\/index.php\/urun\/duvar-2\/"},"modified":"2026-04-16T02:10:09","modified_gmt":"2026-04-15T23:10:09","slug":"duvar-2","status":"publish","type":"product","link":"https:\/\/roveyayinevi.com.tr\/index.php\/urun\/duvar-2\/","title":{"rendered":"Duvar"},"content":{"rendered":"<p>Varolu\u015f\u00e7uluk \u2018un babas\u0131 say\u0131lan Jena-Paul Sartre (1905-1980) Ayd\u0131nlanma \u00c7a\u011f\u0131\u2019nda bu yana \u00e7a\u011f\u0131n\u0131n tan\u0131\u011f\u0131 ve bilinci (vicdan\u0131) olabilmi\u015f, edebiyata, felsefeye ve politikaya ili\u015fkin g\u00f6r\u00fc\u015fleriyle \u00e7a\u011f\u0131n\u0131 etkilemi\u015f, tart\u0131\u015fmalara yol a\u00e7m\u0131\u015f ender bir yazar. \u2018Duvar\u2019da yazar\u0131n be\u015f \u00f6yk\u00fcs\u00fc de yer al\u0131yor. Kitaba ad\u0131n\u0131 veren \u2018Duvar\u2019 adl\u0131 \u00f6yk\u00fcde, Frankocular taraf\u0131ndan \u00f6l\u00fcme mahkum edilen bir cumhuriyet\u00e7inin direncinin yitirip bir arkada\u015f\u0131n\u0131 ele veri\u015fi; \u2018Oda\u2019 da kocas\u0131n\u0131n delili\u011fini payla\u015fmaya \u00e7al\u0131\u015fan Eve\u2019nin \u00e7abalar\u0131; \u00e7a\u011f\u00e7\u0131l \u2018Erostrates\u2019te kalabal\u0131\u011f\u0131n \u00fczerine ate\u015f ettikten sonra teslim olan Paul Hilbert\u2019in ger\u00e7ek\u00fcst\u00fcc\u00fc eylemi; \u2018gizlilik\u2019te iktidars\u0131z kocas\u0131n\u0131 daha erkeksi biri i\u00e7in terkeden \u2018so\u011fuk\u2019 bir kad\u0131n\u0131n \u00f6yk\u00fcs\u00fc ele al\u0131n\u0131yor. Son \u00f6yk\u00fc \u2018Bir Y\u00f6neticinin \u00c7ocuklu\u011fu\u2019nda ise bir sanayi y\u00f6neticisi olmaya haz\u0131rlanan Lucien\u2019in cinsel geli\u015fimine ko\u015fut olarak d\u00fc\u015f\u00fcnsel bunal\u0131mlar\u0131 i\u015fleniyor. \ufffc<\/p>\n","protected":false},"excerpt":{"rendered":"<p>Varolu\u015f\u00e7uluk \u2018un babas\u0131 say\u0131lan Jena-Paul Sartre (1905-1980) Ayd\u0131nlanma \u00c7a\u011f\u0131\u2019nda bu yana \u00e7a\u011f\u0131n\u0131n tan\u0131\u011f\u0131 ve bilinci (vicdan\u0131) olabilmi\u015f, edebiyata, felsefeye ve politikaya ili\u015fkin g\u00f6r\u00fc\u015fleriyle \u00e7a\u011f\u0131n\u0131 etkilemi\u015f, tart\u0131\u015fmalara<span class=\"excerpt-hellip\"> [\u2026]<\/span><\/p>\n","protected":false},"featured_media":0,"template":"","meta":{"_monsterinsights_skip_tracking":false,"_monsterinsights_sitenote_active":false,"_monsterinsights_sitenote_note":"","_monsterinsights_sitenote_category":0},"product_brand":[],"product_cat":[12291,13376],"product_tag":[],"class_list":{"0":"post-701020","1":"product","2":"type-product","3":"status-publish","5":"product_cat-edebiyat","6":"product_cat-fransiz-edebiyati","7":"pa_cilt-ciltsiz","8":"pa_tur-kitap","9":"pa_yayinevi-can-yayinlari","10":"pa_yazar-jean-paul-sartre","12":"first","13":"instock","14":"sale","15":"shipping-taxable","16":"purchasable","17":"product-type-simple"},"_links":{"self":[{"href":"https:\/\/roveyayinevi.com.tr\/index.php\/wp-json\/wp\/v2\/product\/701020","targetHints":{"allow":["GET"]}}],"collection":[{"href":"https:\/\/roveyayinevi.com.tr\/index.php\/wp-json\/wp\/v2\/product"}],"about":[{"href":"https:\/\/roveyayinevi.com.tr\/index.php\/wp-json\/wp\/v2\/types\/product"}],"wp:attachment":[{"href":"https:\/\/roveyayinevi.com.tr\/index.php\/wp-json\/wp\/v2\/media?parent=701020"}],"wp:term":[{"taxonomy":"product_brand","embeddable":true,"href":"https:\/\/roveyayinevi.com.tr\/index.php\/wp-json\/wp\/v2\/product_brand?post=701020"},{"taxonomy":"product_cat","embeddable":true,"href":"https:\/\/roveyayinevi.com.tr\/index.php\/wp-json\/wp\/v2\/product_cat?post=701020"},{"taxonomy":"product_tag","embeddable":true,"href":"https:\/\/roveyayinevi.com.tr\/index.php\/wp-json\/wp\/v2\/product_tag?post=701020"}],"curies":[{"name":"wp","href":"https:\/\/api.w.org\/{rel}","templated":true}]}}