{"id":701019,"date":"2025-08-27T15:04:09","date_gmt":"2025-08-27T12:04:09","guid":{"rendered":"https:\/\/roveyayinevi.com.tr\/index.php\/urun\/dogu-bati\/"},"modified":"2026-04-07T02:16:18","modified_gmt":"2026-04-06T23:16:18","slug":"dogu-bati","status":"publish","type":"product","link":"https:\/\/roveyayinevi.com.tr\/index.php\/urun\/dogu-bati\/","title":{"rendered":"Do\u011fu, Bat\u0131"},"content":{"rendered":"<p>Salman Rushdie, bu kitap hakk\u0131ndaki bir s\u00f6yle\u015fisinde \u015f\u00f6yle diyor: \u201cBu hik\u00e2yeleri Do\u011fu, Bat\u0131 ismi alt\u0131nda yay\u0131mlamay\u0131 d\u00fc\u015f\u00fcn\u00fcrken en \u00f6nemli konunun virg\u00fcl oldu\u011funu g\u00f6rd\u00fcm. Zira bana \u00f6yle geliyor ki, ben o virg\u00fcl\u00fcm i\u015fte, ya da en az\u0131ndan o virg\u00fclde ya\u015f\u0131yorum.\u201d   Edebiyat tarihinin kadim \u015fahsiyetleri ile pop\u00fcler k\u00fclt\u00fcr\u00fcn, masallar ile tarihin, fantastik ile ger\u00e7ekli\u011fin kesi\u015fti\u011fi bu dokuz hik\u00e2ye, Do\u011fu ile Bat\u0131 kar\u015f\u0131la\u015f\u0131nca neler oldu\u011funu anlat\u0131yor. Fakir bir \u00e7ek\u00e7ek\u00e7i, inan\u0131lmaz\u0131 ger\u00e7ekle\u015ftirip Bombay\u2019da film y\u0131ld\u0131z\u0131 oluyor; Kristof Kolomb, Krali\u00e7e Isabella\u2019yla ili\u015fkisini \u201ctamamlama\u201d hayalleriyle kendinden ge\u00e7iyor; iki \u00e7ocukluk arkada\u015f\u0131, fantezilerinde diplomat olup Uzay Yolu m\u00fcrettebat\u0131na kat\u0131larak Hindistan\u2019\u0131n yak\u0131n tarihine tan\u0131kl\u0131k ediyorlar. Do\u011fu, Bat\u0131\u2019da, zengin dili ve benzersiz hayal g\u00fcc\u00fcyle Salman Rushdie, okurlar\u0131 \u015fa\u015f\u0131rtarak, g\u00fcld\u00fcrerek, d\u00fc\u015f\u00fcnd\u00fcrerek, bir lunapark treninde k\u00fclt\u00fcrleraras\u0131 yolculu\u011fa \u00e7\u0131kar\u0131yor.   \u201cRushdie, g\u00fcn\u00fcm\u00fcz\u00fcn hayal g\u00fcc\u00fc en \u00f6zg\u00fcn yazarlar\u0131ndan biri.\u201d Nadine Gordimer   \u201c\u0130kisinde de evinde olmamak ama arada bir yerde konumlanm\u0131\u015f olmak \u2013 Salman Rushdie\u2019nin bu temay\u0131 i\u015fleyen k\u0131sa hik\u00e2yeleri ustal\u0131kl\u0131, \u00f6zg\u00fcn ve e\u011flenceli.\u201d Financial Times <\/p>\n","protected":false},"excerpt":{"rendered":"<p>Salman Rushdie, bu kitap hakk\u0131ndaki bir s\u00f6yle\u015fisinde \u015f\u00f6yle diyor: \u201cBu hik\u00e2yeleri Do\u011fu, Bat\u0131 ismi alt\u0131nda yay\u0131mlamay\u0131 d\u00fc\u015f\u00fcn\u00fcrken en \u00f6nemli konunun virg\u00fcl oldu\u011funu g\u00f6rd\u00fcm. Zira bana \u00f6yle<span class=\"excerpt-hellip\"> [\u2026]<\/span><\/p>\n","protected":false},"featured_media":0,"template":"","meta":{"_monsterinsights_skip_tracking":false,"_monsterinsights_sitenote_active":false,"_monsterinsights_sitenote_note":"","_monsterinsights_sitenote_category":0},"product_brand":[],"product_cat":[12291,12711],"product_tag":[],"class_list":{"0":"post-701019","1":"product","2":"type-product","3":"status-publish","5":"product_cat-edebiyat","6":"product_cat-roman-oyku","7":"pa_cilt-ciltsiz","8":"pa_tur-kitap","9":"pa_yayinevi-can-yayinlari","10":"pa_yazar-salman-rushdie","12":"first","13":"instock","14":"sale","15":"shipping-taxable","16":"purchasable","17":"product-type-simple"},"_links":{"self":[{"href":"https:\/\/roveyayinevi.com.tr\/index.php\/wp-json\/wp\/v2\/product\/701019","targetHints":{"allow":["GET"]}}],"collection":[{"href":"https:\/\/roveyayinevi.com.tr\/index.php\/wp-json\/wp\/v2\/product"}],"about":[{"href":"https:\/\/roveyayinevi.com.tr\/index.php\/wp-json\/wp\/v2\/types\/product"}],"wp:attachment":[{"href":"https:\/\/roveyayinevi.com.tr\/index.php\/wp-json\/wp\/v2\/media?parent=701019"}],"wp:term":[{"taxonomy":"product_brand","embeddable":true,"href":"https:\/\/roveyayinevi.com.tr\/index.php\/wp-json\/wp\/v2\/product_brand?post=701019"},{"taxonomy":"product_cat","embeddable":true,"href":"https:\/\/roveyayinevi.com.tr\/index.php\/wp-json\/wp\/v2\/product_cat?post=701019"},{"taxonomy":"product_tag","embeddable":true,"href":"https:\/\/roveyayinevi.com.tr\/index.php\/wp-json\/wp\/v2\/product_tag?post=701019"}],"curies":[{"name":"wp","href":"https:\/\/api.w.org\/{rel}","templated":true}]}}