{"id":701018,"date":"2025-08-27T15:04:08","date_gmt":"2025-08-27T12:04:08","guid":{"rendered":"https:\/\/roveyayinevi.com.tr\/index.php\/urun\/deniz-kokusu\/"},"modified":"2026-04-16T02:10:09","modified_gmt":"2026-04-15T23:10:09","slug":"deniz-kokusu","status":"publish","type":"product","link":"https:\/\/roveyayinevi.com.tr\/index.php\/urun\/deniz-kokusu\/","title":{"rendered":"Deniz Kokusu"},"content":{"rendered":"<p>Kimi zaman bir bulutun \u00fcst\u00fcnde, kimi zaman bir denizk\u0131z\u0131n\u0131n kuyru\u011funda&#8230; Can G\u00f6knil, bu kitab\u0131nda \u00f6yk\u00fcseverlere ya\u015fam\u0131n g\u00fczel, renkli y\u00fcz\u00fcn\u00fcn bir portresini \u00e7iziyor. Son derece yal\u0131n bir dille, ak\u0131llardan hi\u00e7 \u00e7\u0131kmayacak bir ses tonuyla sevginin, bar\u0131\u015f\u0131n, dostlu\u011fun de\u011ferini f\u0131s\u0131ld\u0131yor. <\/p>\n","protected":false},"excerpt":{"rendered":"<p>Kimi zaman bir bulutun \u00fcst\u00fcnde, kimi zaman bir denizk\u0131z\u0131n\u0131n kuyru\u011funda&#8230; Can G\u00f6knil, bu kitab\u0131nda \u00f6yk\u00fcseverlere ya\u015fam\u0131n g\u00fczel, renkli y\u00fcz\u00fcn\u00fcn bir portresini \u00e7iziyor. Son derece yal\u0131n bir<span class=\"excerpt-hellip\"> [\u2026]<\/span><\/p>\n","protected":false},"featured_media":0,"template":"","meta":{"_monsterinsights_skip_tracking":false,"_monsterinsights_sitenote_active":false,"_monsterinsights_sitenote_note":"","_monsterinsights_sitenote_category":0},"product_brand":[],"product_cat":[12291,12292],"product_tag":[],"class_list":{"0":"post-701018","1":"product","2":"type-product","3":"status-publish","5":"product_cat-edebiyat","6":"product_cat-turk-edebiyati","7":"pa_cilt-ciltsiz","8":"pa_tur-kitap","9":"pa_yayinevi-can-yayinlari","10":"pa_yazar-can-goknil","12":"first","13":"instock","14":"sale","15":"shipping-taxable","16":"purchasable","17":"product-type-simple"},"_links":{"self":[{"href":"https:\/\/roveyayinevi.com.tr\/index.php\/wp-json\/wp\/v2\/product\/701018","targetHints":{"allow":["GET"]}}],"collection":[{"href":"https:\/\/roveyayinevi.com.tr\/index.php\/wp-json\/wp\/v2\/product"}],"about":[{"href":"https:\/\/roveyayinevi.com.tr\/index.php\/wp-json\/wp\/v2\/types\/product"}],"wp:attachment":[{"href":"https:\/\/roveyayinevi.com.tr\/index.php\/wp-json\/wp\/v2\/media?parent=701018"}],"wp:term":[{"taxonomy":"product_brand","embeddable":true,"href":"https:\/\/roveyayinevi.com.tr\/index.php\/wp-json\/wp\/v2\/product_brand?post=701018"},{"taxonomy":"product_cat","embeddable":true,"href":"https:\/\/roveyayinevi.com.tr\/index.php\/wp-json\/wp\/v2\/product_cat?post=701018"},{"taxonomy":"product_tag","embeddable":true,"href":"https:\/\/roveyayinevi.com.tr\/index.php\/wp-json\/wp\/v2\/product_tag?post=701018"}],"curies":[{"name":"wp","href":"https:\/\/api.w.org\/{rel}","templated":true}]}}