{"id":701016,"date":"2025-08-27T15:04:07","date_gmt":"2025-08-27T12:04:07","guid":{"rendered":"https:\/\/roveyayinevi.com.tr\/index.php\/urun\/delifisek\/"},"modified":"2026-04-16T02:10:09","modified_gmt":"2026-04-15T23:10:09","slug":"delifisek","status":"publish","type":"product","link":"https:\/\/roveyayinevi.com.tr\/index.php\/urun\/delifisek\/","title":{"rendered":"Delifi\u015fek"},"content":{"rendered":"<p>Brezilyal\u0131 Jose Mauro de Vasconcelos\u2019un, kendi ya\u015fam kesitlerinden yola \u00e7\u0131karak yazd\u0131\u011f\u0131 \u015eeker Portakal\u0131\u2019n\u0131, T\u00fcrkiye\u2019de yediden yetmi\u015fe herkes y\u0131llard\u0131r severek okuyor. Roman\u0131n kahraman\u0131 olan k\u00fc\u00e7\u00fck Zeze, \u00e7ocuklar\u0131n oldu\u011fu kadar b\u00fcy\u00fcklerin de y\u00fcreklerinde yer etmeyi becermi\u015f sevgili bir \u00e7ocuktur. \u015eeker Portakal\u0131\u2019n\u0131n ikinci b\u00f6l\u00fcm\u00fc olan G\u00fcne\u015fi Uyand\u0131ral\u0131m\u2019da sevgili Zeze biraz daha b\u00fcy\u00fcm\u00fc\u015ft\u00fcr. K\u00fc\u00e7\u00fckl\u00fc\u011f\u00fcndeki biricik dostu \u015eeker Portakal\u0131 fidan\u0131 yoktur art\u0131k. Onun yerini yeni bir dost alm\u0131\u015ft\u0131r: y\u00fcre\u011finde yer eden sevgili bir kurba\u011fa\u2019d\u0131r bu yeni dost. Dizinin \u00fc\u00e7\u00fcnc\u00fc kitab\u0131 olan Delifi\u015fek\u2019te ise Zeze\u2019yi daha da b\u00fcy\u00fcm\u00fc\u015f bulacaks\u0131n\u0131z. Yeniyetmelikten \u00e7\u0131kmakta, tam bir delikanl\u0131 olmaktad\u0131r. Ya\u015fam\u0131n kat\u0131 ger\u00e7ekleriyle y\u00fczy\u00fczedir art\u0131k. Haklar\u0131n\u0131 arayan, \u00f6zg\u00fcrl\u00fc\u011f\u00fcn\u00fc yaratmaya \u00e7al\u0131\u015fan biridir Zeze. <\/p>\n","protected":false},"excerpt":{"rendered":"<p>Brezilyal\u0131 Jose Mauro de Vasconcelos\u2019un, kendi ya\u015fam kesitlerinden yola \u00e7\u0131karak yazd\u0131\u011f\u0131 \u015eeker Portakal\u0131\u2019n\u0131, T\u00fcrkiye\u2019de yediden yetmi\u015fe herkes y\u0131llard\u0131r severek okuyor. Roman\u0131n kahraman\u0131 olan k\u00fc\u00e7\u00fck Zeze, \u00e7ocuklar\u0131n<span class=\"excerpt-hellip\"> [\u2026]<\/span><\/p>\n","protected":false},"featured_media":0,"template":"","meta":{"_monsterinsights_skip_tracking":false,"_monsterinsights_sitenote_active":false,"_monsterinsights_sitenote_note":"","_monsterinsights_sitenote_category":0},"product_brand":[],"product_cat":[13835],"product_tag":[],"class_list":{"0":"post-701016","1":"product","2":"type-product","3":"status-publish","5":"product_cat-cok-satanlar","6":"pa_cilt-ciltsiz","7":"pa_tur-kitap","8":"pa_yayinevi-can-yayinlari","9":"pa_yazar-jose-mauro-de-vasconcelos","11":"first","12":"instock","13":"sale","14":"shipping-taxable","15":"purchasable","16":"product-type-simple"},"_links":{"self":[{"href":"https:\/\/roveyayinevi.com.tr\/index.php\/wp-json\/wp\/v2\/product\/701016","targetHints":{"allow":["GET"]}}],"collection":[{"href":"https:\/\/roveyayinevi.com.tr\/index.php\/wp-json\/wp\/v2\/product"}],"about":[{"href":"https:\/\/roveyayinevi.com.tr\/index.php\/wp-json\/wp\/v2\/types\/product"}],"wp:attachment":[{"href":"https:\/\/roveyayinevi.com.tr\/index.php\/wp-json\/wp\/v2\/media?parent=701016"}],"wp:term":[{"taxonomy":"product_brand","embeddable":true,"href":"https:\/\/roveyayinevi.com.tr\/index.php\/wp-json\/wp\/v2\/product_brand?post=701016"},{"taxonomy":"product_cat","embeddable":true,"href":"https:\/\/roveyayinevi.com.tr\/index.php\/wp-json\/wp\/v2\/product_cat?post=701016"},{"taxonomy":"product_tag","embeddable":true,"href":"https:\/\/roveyayinevi.com.tr\/index.php\/wp-json\/wp\/v2\/product_tag?post=701016"}],"curies":[{"name":"wp","href":"https:\/\/api.w.org\/{rel}","templated":true}]}}