{"id":701014,"date":"2025-08-27T15:04:07","date_gmt":"2025-08-27T12:04:07","guid":{"rendered":"https:\/\/roveyayinevi.com.tr\/index.php\/urun\/degisen-kafalar\/"},"modified":"2026-04-08T02:13:24","modified_gmt":"2026-04-07T23:13:24","slug":"degisen-kafalar","status":"publish","type":"product","link":"https:\/\/roveyayinevi.com.tr\/index.php\/urun\/degisen-kafalar\/","title":{"rendered":"De\u011fi\u015fen Kafalar"},"content":{"rendered":"<p>Thomas Mann\u2019\u0131n 1940\u2019ta Stockholm\u2019de yay\u0131mlad\u0131\u011f\u0131 De\u011fi\u015fen Kafalar, 12. y\u00fczy\u0131ldan kalma bir Hint efsanesine de\u011fi\u015fik bir a\u00e7\u0131dan yakla\u015f\u0131yor. \u015eridaman ile Nanda, farkl\u0131 kastlardan gelmelerine, zihnen ve fiziki olarak birbirlerinden \u00e7ok farkl\u0131 olmalar\u0131na ra\u011fmen, ayr\u0131lmaz iki dosttur. \u015eridaman, Brahman soyuna dayanan t\u00fcccar bir aileye mensup narin y\u00fczl\u00fc, \u00e7elimsizdir; Nanda ise demircilik yapan, inek g\u00fcden g\u00fc\u00e7l\u00fc ve yak\u0131\u015f\u0131kl\u0131 bir gen\u00e7tir. Birbirlerini tamamlayan bu iki gencin dostlu\u011fu, g\u00fczel Sita\u2019yla kar\u015f\u0131la\u015fmalar\u0131yla yeni bir boyut kazan\u0131r. \u015eridaman ve Sita evlenir. Ancak Sita\u2019n\u0131n, se\u00e7imiyle ilgili pi\u015fmanl\u0131klar\u0131 vard\u0131r. Hayatlar\u0131, Sita\u2019n\u0131n ailesine birlikte yapt\u0131klar\u0131 bir yolculukta ge\u00e7en olaylarla \u00e7ok ilgin\u00e7 bir bi\u00e7imde y\u00f6n de\u011fi\u015ftirir. Thomas Mann, De\u011fi\u015fen Kafalar ile \u00e7ok nadir bir olaya, k\u00fclt\u00fcrleraras\u0131 etkile\u015fime neden olur. Hint efsanesinden yola \u00e7\u0131kan Mann\u2019\u0131n roman\u0131, Hint oyun yazar\u0131 Giris Karnad\u2019\u0131n \u00f6d\u00fcll\u00fc oyunu Hayava\u00acdana\u2019y\u0131 esinler. Mann eserinde, kelimenin tam anlam\u0131yla mitolojik bir Hint fantezisi yaratm\u0131\u015ft\u0131r. Do\u011fu ve Bat\u0131, zihin ve beden, dostluk ve a\u015fk, erotizm ve ruhsal uyum gibi motifler \u00fczerine \u00e7ok \u015fey s\u00f6yleyen De\u011fi\u015fen Kafalar, mitolojik ve fantastik bir \u00f6yk\u00fc. \ufffc<\/p>\n","protected":false},"excerpt":{"rendered":"<p>Thomas Mann\u2019\u0131n 1940\u2019ta Stockholm\u2019de yay\u0131mlad\u0131\u011f\u0131 De\u011fi\u015fen Kafalar, 12. y\u00fczy\u0131ldan kalma bir Hint efsanesine de\u011fi\u015fik bir a\u00e7\u0131dan yakla\u015f\u0131yor. \u015eridaman ile Nanda, farkl\u0131 kastlardan gelmelerine, zihnen ve fiziki<span class=\"excerpt-hellip\"> [\u2026]<\/span><\/p>\n","protected":false},"featured_media":0,"template":"","meta":{"_monsterinsights_skip_tracking":false,"_monsterinsights_sitenote_active":false,"_monsterinsights_sitenote_note":"","_monsterinsights_sitenote_category":0},"product_brand":[],"product_cat":[12291,12711],"product_tag":[],"class_list":{"0":"post-701014","1":"product","2":"type-product","3":"status-publish","5":"product_cat-edebiyat","6":"product_cat-roman-oyku","7":"pa_cilt-ciltsiz","8":"pa_tur-kitap","9":"pa_yayinevi-can-yayinlari","10":"pa_yazar-thomas-mann","12":"first","13":"instock","14":"sale","15":"shipping-taxable","16":"purchasable","17":"product-type-simple"},"_links":{"self":[{"href":"https:\/\/roveyayinevi.com.tr\/index.php\/wp-json\/wp\/v2\/product\/701014","targetHints":{"allow":["GET"]}}],"collection":[{"href":"https:\/\/roveyayinevi.com.tr\/index.php\/wp-json\/wp\/v2\/product"}],"about":[{"href":"https:\/\/roveyayinevi.com.tr\/index.php\/wp-json\/wp\/v2\/types\/product"}],"wp:attachment":[{"href":"https:\/\/roveyayinevi.com.tr\/index.php\/wp-json\/wp\/v2\/media?parent=701014"}],"wp:term":[{"taxonomy":"product_brand","embeddable":true,"href":"https:\/\/roveyayinevi.com.tr\/index.php\/wp-json\/wp\/v2\/product_brand?post=701014"},{"taxonomy":"product_cat","embeddable":true,"href":"https:\/\/roveyayinevi.com.tr\/index.php\/wp-json\/wp\/v2\/product_cat?post=701014"},{"taxonomy":"product_tag","embeddable":true,"href":"https:\/\/roveyayinevi.com.tr\/index.php\/wp-json\/wp\/v2\/product_tag?post=701014"}],"curies":[{"name":"wp","href":"https:\/\/api.w.org\/{rel}","templated":true}]}}