{"id":701013,"date":"2025-08-27T15:04:06","date_gmt":"2025-08-27T12:04:06","guid":{"rendered":"https:\/\/roveyayinevi.com.tr\/index.php\/urun\/degirmenimden-mektuplar-7\/"},"modified":"2026-04-16T02:10:09","modified_gmt":"2026-04-15T23:10:09","slug":"degirmenimden-mektuplar-7","status":"publish","type":"product","link":"https:\/\/roveyayinevi.com.tr\/index.php\/urun\/degirmenimden-mektuplar-7\/","title":{"rendered":"De\u011firmenimden Mektuplar"},"content":{"rendered":"<p>Milli E\u011fitim Bakanl\u0131\u011f\u0131\u2019n\u0131n ilk\u00f6\u011fretim okullar\u0131nda okutulmak \u00fczere se\u00e7ti\u011fi 100 Temel Eser\u2019den biri olan De\u011firmenimden Mektuplar, d\u00fcnya klasikleri aras\u0131nda \u00f6nemli bir yere sahiptir. Kitap, \u00fcnl\u00fc Frans\u0131z yazar Alphonse Daudet\u2019nin Provence\u2019taki eski bir de\u011firmende yazd\u0131\u011f\u0131 ve her birinde bir \u00f6yk\u00fcn\u00fcn anlat\u0131ld\u0131\u011f\u0131 mektuplardan olu\u015fur. De\u011firmenimden Mektuplar\u2019da yer alan baz\u0131 b\u00f6l\u00fcmler, h\u00e2l\u00e2 d\u00fcnya edebiyat\u0131n\u0131n en \u00e7ok bilinen \u00f6yk\u00fcleri aras\u0131nda yer al\u0131r. \u015eehrin kalabal\u0131\u011f\u0131ndan ve insanlardan ka\u00e7an, huzuru s\u0131\u011f\u0131nd\u0131\u011f\u0131 do\u011fada arayan yazar, g\u00f6zlemlerini aktard\u0131\u011f\u0131 \u00f6yk\u00fclerden olu\u015fan eseri i\u00e7in, Bu kitap, yazd\u0131klar\u0131m aras\u0131nda benim en \u00e7ok sevdi\u011fimdir demi\u015ftir. \ufffcTan\u0131t\u0131m Metni<\/p>\n","protected":false},"excerpt":{"rendered":"<p>Milli E\u011fitim Bakanl\u0131\u011f\u0131\u2019n\u0131n ilk\u00f6\u011fretim okullar\u0131nda okutulmak \u00fczere se\u00e7ti\u011fi 100 Temel Eser\u2019den biri olan De\u011firmenimden Mektuplar, d\u00fcnya klasikleri aras\u0131nda \u00f6nemli bir yere sahiptir. Kitap, \u00fcnl\u00fc Frans\u0131z yazar<span class=\"excerpt-hellip\"> [\u2026]<\/span><\/p>\n","protected":false},"featured_media":0,"template":"","meta":{"_monsterinsights_skip_tracking":false,"_monsterinsights_sitenote_active":false,"_monsterinsights_sitenote_note":"","_monsterinsights_sitenote_category":0},"product_brand":[],"product_cat":[12291,13376],"product_tag":[],"class_list":{"0":"post-701013","1":"product","2":"type-product","3":"status-publish","5":"product_cat-edebiyat","6":"product_cat-fransiz-edebiyati","7":"pa_cilt-ciltsiz","8":"pa_tur-kitap","9":"pa_yayinevi-can-yayinlari","10":"pa_yazar-alphonse-daudet","12":"first","13":"instock","14":"sale","15":"shipping-taxable","16":"purchasable","17":"product-type-simple"},"_links":{"self":[{"href":"https:\/\/roveyayinevi.com.tr\/index.php\/wp-json\/wp\/v2\/product\/701013","targetHints":{"allow":["GET"]}}],"collection":[{"href":"https:\/\/roveyayinevi.com.tr\/index.php\/wp-json\/wp\/v2\/product"}],"about":[{"href":"https:\/\/roveyayinevi.com.tr\/index.php\/wp-json\/wp\/v2\/types\/product"}],"wp:attachment":[{"href":"https:\/\/roveyayinevi.com.tr\/index.php\/wp-json\/wp\/v2\/media?parent=701013"}],"wp:term":[{"taxonomy":"product_brand","embeddable":true,"href":"https:\/\/roveyayinevi.com.tr\/index.php\/wp-json\/wp\/v2\/product_brand?post=701013"},{"taxonomy":"product_cat","embeddable":true,"href":"https:\/\/roveyayinevi.com.tr\/index.php\/wp-json\/wp\/v2\/product_cat?post=701013"},{"taxonomy":"product_tag","embeddable":true,"href":"https:\/\/roveyayinevi.com.tr\/index.php\/wp-json\/wp\/v2\/product_tag?post=701013"}],"curies":[{"name":"wp","href":"https:\/\/api.w.org\/{rel}","templated":true}]}}