{"id":701010,"date":"2025-08-27T15:04:05","date_gmt":"2025-08-27T12:04:05","guid":{"rendered":"https:\/\/roveyayinevi.com.tr\/index.php\/urun\/kan-kirmizisi-devrim\/"},"modified":"2026-03-05T02:16:43","modified_gmt":"2026-03-04T23:16:43","slug":"kan-kirmizisi-devrim","status":"publish","type":"product","link":"https:\/\/roveyayinevi.com.tr\/index.php\/urun\/kan-kirmizisi-devrim\/","title":{"rendered":"Kan K\u0131rm\u0131z\u0131s\u0131 Devrim"},"content":{"rendered":"<p>Zengin yeralt\u0131 ve yer\u00fcst\u00fc kaynaklar\u0131yla, enerji havzas\u0131yla, jeostratejik konumuyla Orta Asya, 21. y\u00fczy\u0131l\u0131n en g\u00f6zde b\u00f6lgelerinin ba\u015f\u0131nda geliyor. D\u00fcnyan\u0131n di\u011fer b\u00f6lgelerinin aksine So\u011fuk Sava\u015f sonras\u0131 d\u00f6nemde neredeyse hi\u00e7bir \u00e7at\u0131\u015fman\u0131n ya\u015fanmad\u0131\u011f\u0131 ve nispeten istikrarl\u0131 olan Orta Asya bug\u00fcnlerde ABD, Rusya ve \u00c7in aras\u0131nda ya\u015fanan b\u00fcy\u00fck bir payla\u015f\u0131m kavgas\u0131n\u0131n tam ortas\u0131na d\u00fc\u015fm\u00fc\u015ft\u00fcr. Payla\u015f\u0131m kavgas\u0131n\u0131n ilk fitili de K\u0131rg\u0131zistan\u2019dan ate\u015flenmi\u015f durumdad\u0131r. 2005 y\u0131l\u0131nda ABD\u2019nin Bi\u015fkek B\u00fcy\u00fckel\u00e7isi Stephen Young, Washington\u2019a g\u00f6nderdi\u011fi gizli bir raporda K\u0131rg\u0131zistan\u2019\u0131n Orta Asya\u2019ya demokrasinin yay\u0131lmas\u0131, \u00c7in ve Rusya\u2019n\u0131n s\u0131n\u0131rland\u0131r\u0131lmas\u0131 i\u00e7in en uygun merkez olarak g\u00f6r\u00fcld\u00fc\u011f\u00fcn\u00fc yazarak asl\u0131nda Orta Asya\u2019daki payla\u015f\u0131m sava\u015f\u0131n\u0131n neden K\u0131rg\u0131zistan\u2019dan ba\u015flat\u0131ld\u0131\u011f\u0131n\u0131n da bir ipucunu daha y\u0131llar \u00f6nce vermi\u015fti.<\/p>\n","protected":false},"excerpt":{"rendered":"<p>Zengin yeralt\u0131 ve yer\u00fcst\u00fc kaynaklar\u0131yla, enerji havzas\u0131yla, jeostratejik konumuyla Orta Asya, 21. y\u00fczy\u0131l\u0131n en g\u00f6zde b\u00f6lgelerinin ba\u015f\u0131nda geliyor. D\u00fcnyan\u0131n di\u011fer b\u00f6lgelerinin aksine So\u011fuk Sava\u015f sonras\u0131 d\u00f6nemde<span class=\"excerpt-hellip\"> [\u2026]<\/span><\/p>\n","protected":false},"featured_media":0,"template":"","meta":{"_monsterinsights_skip_tracking":false,"_monsterinsights_sitenote_active":false,"_monsterinsights_sitenote_note":"","_monsterinsights_sitenote_category":0},"product_brand":[],"product_cat":[13596,12337],"product_tag":[],"class_list":{"0":"post-701010","1":"product","2":"type-product","3":"status-publish","5":"product_cat-avrupa-birligi","6":"product_cat-politika-siyaset","7":"pa_cilt-ciltsiz","8":"pa_tur-kitap","9":"pa_yayinevi-bilim-gonul-yayinevi","10":"pa_yazar-asim-memmedov","12":"first","13":"instock","14":"sale","15":"shipping-taxable","16":"purchasable","17":"product-type-simple"},"_links":{"self":[{"href":"https:\/\/roveyayinevi.com.tr\/index.php\/wp-json\/wp\/v2\/product\/701010","targetHints":{"allow":["GET"]}}],"collection":[{"href":"https:\/\/roveyayinevi.com.tr\/index.php\/wp-json\/wp\/v2\/product"}],"about":[{"href":"https:\/\/roveyayinevi.com.tr\/index.php\/wp-json\/wp\/v2\/types\/product"}],"wp:attachment":[{"href":"https:\/\/roveyayinevi.com.tr\/index.php\/wp-json\/wp\/v2\/media?parent=701010"}],"wp:term":[{"taxonomy":"product_brand","embeddable":true,"href":"https:\/\/roveyayinevi.com.tr\/index.php\/wp-json\/wp\/v2\/product_brand?post=701010"},{"taxonomy":"product_cat","embeddable":true,"href":"https:\/\/roveyayinevi.com.tr\/index.php\/wp-json\/wp\/v2\/product_cat?post=701010"},{"taxonomy":"product_tag","embeddable":true,"href":"https:\/\/roveyayinevi.com.tr\/index.php\/wp-json\/wp\/v2\/product_tag?post=701010"}],"curies":[{"name":"wp","href":"https:\/\/api.w.org\/{rel}","templated":true}]}}