{"id":701007,"date":"2025-08-27T15:04:04","date_gmt":"2025-08-27T12:04:04","guid":{"rendered":"https:\/\/roveyayinevi.com.tr\/index.php\/urun\/ruveyda\/"},"modified":"2026-04-16T02:10:09","modified_gmt":"2026-04-15T23:10:09","slug":"ruveyda","status":"publish","type":"product","link":"https:\/\/roveyayinevi.com.tr\/index.php\/urun\/ruveyda\/","title":{"rendered":"R\u00fcveyda"},"content":{"rendered":"<p>Nurullah Gen\u00e7, R\u00fcveyda adl\u0131 \u015fiir kitab\u0131nda en \u00e7ok be\u011fenilen \u015fiirlerine yer veriyor. \u015eairin y\u0131llar\u0131n birikimini bir araya getirdi\u011fi kitab\u0131na ad\u0131n\u0131 veren \u201cR\u00fcveyda\u201dya en g\u00fczel sesleni\u015fini \u015fu dizelerde g\u00f6r\u00fcyoruz:<\/p>\n","protected":false},"excerpt":{"rendered":"<p>Nurullah Gen\u00e7, R\u00fcveyda adl\u0131 \u015fiir kitab\u0131nda en \u00e7ok be\u011fenilen \u015fiirlerine yer veriyor. \u015eairin y\u0131llar\u0131n birikimini bir araya getirdi\u011fi kitab\u0131na ad\u0131n\u0131 veren \u201cR\u00fcveyda\u201dya en g\u00fczel sesleni\u015fini \u015fu<span class=\"excerpt-hellip\"> [\u2026]<\/span><\/p>\n","protected":false},"featured_media":0,"template":"","meta":{"_monsterinsights_skip_tracking":false,"_monsterinsights_sitenote_active":false,"_monsterinsights_sitenote_note":"","_monsterinsights_sitenote_category":0},"product_brand":[],"product_cat":[12291,12509],"product_tag":[],"class_list":{"0":"post-701007","1":"product","2":"type-product","3":"status-publish","5":"product_cat-edebiyat","6":"product_cat-siir","7":"pa_cilt-ciltsiz","8":"pa_tur-kitap","9":"pa_yayinevi-timas-yayinlari","10":"pa_yazar-nurullah-genc","12":"first","13":"instock","14":"sale","15":"shipping-taxable","16":"purchasable","17":"product-type-simple"},"_links":{"self":[{"href":"https:\/\/roveyayinevi.com.tr\/index.php\/wp-json\/wp\/v2\/product\/701007","targetHints":{"allow":["GET"]}}],"collection":[{"href":"https:\/\/roveyayinevi.com.tr\/index.php\/wp-json\/wp\/v2\/product"}],"about":[{"href":"https:\/\/roveyayinevi.com.tr\/index.php\/wp-json\/wp\/v2\/types\/product"}],"wp:attachment":[{"href":"https:\/\/roveyayinevi.com.tr\/index.php\/wp-json\/wp\/v2\/media?parent=701007"}],"wp:term":[{"taxonomy":"product_brand","embeddable":true,"href":"https:\/\/roveyayinevi.com.tr\/index.php\/wp-json\/wp\/v2\/product_brand?post=701007"},{"taxonomy":"product_cat","embeddable":true,"href":"https:\/\/roveyayinevi.com.tr\/index.php\/wp-json\/wp\/v2\/product_cat?post=701007"},{"taxonomy":"product_tag","embeddable":true,"href":"https:\/\/roveyayinevi.com.tr\/index.php\/wp-json\/wp\/v2\/product_tag?post=701007"}],"curies":[{"name":"wp","href":"https:\/\/api.w.org\/{rel}","templated":true}]}}