{"id":701005,"date":"2025-08-27T15:04:03","date_gmt":"2025-08-27T12:04:03","guid":{"rendered":"https:\/\/roveyayinevi.com.tr\/index.php\/urun\/yeniden-carmiha-gerilen-isa\/"},"modified":"2026-04-16T02:10:09","modified_gmt":"2026-04-15T23:10:09","slug":"yeniden-carmiha-gerilen-isa","status":"publish","type":"product","link":"https:\/\/roveyayinevi.com.tr\/index.php\/urun\/yeniden-carmiha-gerilen-isa\/","title":{"rendered":"Yeniden \u00c7arm\u0131ha Gerilen \u0130sa"},"content":{"rendered":"<p>Yeniden \u00c7arm\u0131ha Gerilen \u0130sa, \u00e7a\u011fda\u015f Yunan ve d\u00fcnya edebiyat\u0131n\u0131n en se\u00e7kin kalemlerinden Nikos Kazancakis&#8217;in \u00fcnl\u00fc romanlar\u0131ndan biridir. \ufffcTan\u0131t\u0131m Metni<\/p>\n","protected":false},"excerpt":{"rendered":"<p>Yeniden \u00c7arm\u0131ha Gerilen \u0130sa, \u00e7a\u011fda\u015f Yunan ve d\u00fcnya edebiyat\u0131n\u0131n en se\u00e7kin kalemlerinden Nikos Kazancakis&#8217;in \u00fcnl\u00fc romanlar\u0131ndan biridir. \ufffcTan\u0131t\u0131m Metni<\/p>\n","protected":false},"featured_media":0,"template":"","meta":{"_monsterinsights_skip_tracking":false,"_monsterinsights_sitenote_active":false,"_monsterinsights_sitenote_note":"","_monsterinsights_sitenote_category":0},"product_brand":[],"product_cat":[13661,12291],"product_tag":[],"class_list":{"0":"post-701005","1":"product","2":"type-product","3":"status-publish","5":"product_cat-diger-ulke-edebiyatlari","6":"product_cat-edebiyat","7":"pa_cilt-ciltsiz","8":"pa_tur-kitap","9":"pa_yayinevi-can-yayinlari","10":"pa_yazar-nikos-kazancakis","12":"first","13":"instock","14":"sale","15":"shipping-taxable","16":"purchasable","17":"product-type-simple"},"_links":{"self":[{"href":"https:\/\/roveyayinevi.com.tr\/index.php\/wp-json\/wp\/v2\/product\/701005","targetHints":{"allow":["GET"]}}],"collection":[{"href":"https:\/\/roveyayinevi.com.tr\/index.php\/wp-json\/wp\/v2\/product"}],"about":[{"href":"https:\/\/roveyayinevi.com.tr\/index.php\/wp-json\/wp\/v2\/types\/product"}],"wp:attachment":[{"href":"https:\/\/roveyayinevi.com.tr\/index.php\/wp-json\/wp\/v2\/media?parent=701005"}],"wp:term":[{"taxonomy":"product_brand","embeddable":true,"href":"https:\/\/roveyayinevi.com.tr\/index.php\/wp-json\/wp\/v2\/product_brand?post=701005"},{"taxonomy":"product_cat","embeddable":true,"href":"https:\/\/roveyayinevi.com.tr\/index.php\/wp-json\/wp\/v2\/product_cat?post=701005"},{"taxonomy":"product_tag","embeddable":true,"href":"https:\/\/roveyayinevi.com.tr\/index.php\/wp-json\/wp\/v2\/product_tag?post=701005"}],"curies":[{"name":"wp","href":"https:\/\/api.w.org\/{rel}","templated":true}]}}