{"id":701004,"date":"2025-08-27T15:04:03","date_gmt":"2025-08-27T12:04:03","guid":{"rendered":"https:\/\/roveyayinevi.com.tr\/index.php\/urun\/yasam-ve-yazgi-3-kitap-takim\/"},"modified":"2026-04-16T02:10:09","modified_gmt":"2026-04-15T23:10:09","slug":"yasam-ve-yazgi-3-kitap-takim","status":"publish","type":"product","link":"https:\/\/roveyayinevi.com.tr\/index.php\/urun\/yasam-ve-yazgi-3-kitap-takim\/","title":{"rendered":"Ya\u015fam ve Yazg\u0131 (3 Kitap Tak\u0131m)"},"content":{"rendered":"<p>Grossman\u2019\u0131n eseri, toprak alt\u0131nda yatanlar\u0131n sesi, bask\u0131 rejimlerinin ya\u015fama ve \u00f6zg\u00fcrl\u00fc\u011fe asla galip gelemeyece\u011finin \u00f6l\u00fcms\u00fcz bir belgesi olmaya devam ediyor. Sovyet Rusya\u2019n\u0131n b\u00fcy\u00fck yazarlar\u0131ndan ve tarihin en \u00f6nemli sava\u015f muhabirlerinden Vasili Grossman (1905-1964), ba\u015fyap\u0131t\u0131 Ya\u015fam ve Yazg\u0131\u2019y\u0131 1950\u2019lerde kaleme ald\u0131. Ustas\u0131 Tolstoy\u2019un dev eseri Sava\u015f ve Bar\u0131\u015f gibi, b\u00fcy\u00fck bir muharebenin, \u0130kinci D\u00fcnya Sava\u015f\u0131\u2019ndaki Stalingrad Savunmas\u0131\u2019n\u0131n etraf\u0131nda \u015fekillenen bir d\u00f6nem roman\u0131 olan Ya\u015fam ve Yazg\u0131, her \u015feye ra\u011fmen direnen insanlar\u0131n kaderini anlatmakla kalm\u0131yor, Stalin Rusyas\u0131\u2019nda ya\u015fananlar\u0131 ger\u00e7ek\u00e7i bir dille g\u00f6zler \u00f6n\u00fcne seriyordu. Stalin\u2019in \u00f6l\u00fcm\u00fcnden sonra ya\u015fanan yumu\u015fama d\u00f6neminde kitab\u0131n yay\u0131mlanabilece\u011fini d\u00fc\u015f\u00fcnen Grossman, yan\u0131l\u0131yordu. Yetkililer yazar\u0131 de\u011fil ama kitab\u0131 mahk\u00fbm etti. KGB m\u00fcsveddelerine, hatta daktilo \u015feritlerine bile el koydu. Politb\u00fcro\u2019dan Mihail Suslov\u2019un deyi\u015fiyle, Kitab\u0131n yay\u0131mlanabilmesi i\u00e7in en az 300 y\u0131l ge\u00e7mesi gerekiyordu. Grossman, umutsuzluk ve hayal k\u0131r\u0131kl\u0131\u011f\u0131 i\u00e7inde, 1964\u2019te \u00f6ld\u00fc. Ancak Ya\u015fam ve Yazg\u0131\u2019n\u0131n yazg\u0131s\u0131, yazar\u0131ndan farkl\u0131 oldu. Kitab\u0131n iki kopyas\u0131 daha vard\u0131 ve gizlice \u00fclke d\u0131\u015f\u0131na \u00e7\u0131kar\u0131ld\u0131; 80\u2019lerden sonra Bat\u0131\u2019da bas\u0131ld\u0131\u011f\u0131nda, \u00f6zellikle Fransa, \u0130ngiltere ve ABD\u2019de b\u00fcy\u00fck yank\u0131 uyand\u0131rarak zamanla bir milyonun \u00fczerinde okura ula\u015ft\u0131. Ele\u015ftirmenlerin XX. y\u00fczy\u0131l\u0131 Sava\u015f ve Bar\u0131\u015f\u2019\u0131 olarak tan\u0131mlad\u0131\u011f\u0131 Ya\u015fam ve Yazg\u0131, nihayet T\u00fcrk\u00e7ede. Okuma kolayl\u0131\u011f\u0131 a\u00e7\u0131s\u0131ndan \u00fc\u00e7 cilde b\u00f6l\u00fcnm\u00fc\u015f, \u00f6zel kutusu i\u00e7inde ve birinci bask\u0131ya \u00f6zel fiyatla. \ufffcTan\u0131t\u0131m Metni<\/p>\n","protected":false},"excerpt":{"rendered":"<p>Grossman\u2019\u0131n eseri, toprak alt\u0131nda yatanlar\u0131n sesi, bask\u0131 rejimlerinin ya\u015fama ve \u00f6zg\u00fcrl\u00fc\u011fe asla galip gelemeyece\u011finin \u00f6l\u00fcms\u00fcz bir belgesi olmaya devam ediyor. Sovyet Rusya\u2019n\u0131n b\u00fcy\u00fck yazarlar\u0131ndan ve tarihin<span class=\"excerpt-hellip\"> [\u2026]<\/span><\/p>\n","protected":false},"featured_media":0,"template":"","meta":{"_monsterinsights_skip_tracking":false,"_monsterinsights_sitenote_active":false,"_monsterinsights_sitenote_note":"","_monsterinsights_sitenote_category":0},"product_brand":[],"product_cat":[12291,13570],"product_tag":[],"class_list":{"0":"post-701004","1":"product","2":"type-product","3":"status-publish","5":"product_cat-edebiyat","6":"product_cat-rus-edebiyati","7":"pa_cilt-ciltsiz","8":"pa_tur-kitap","9":"pa_yayinevi-can-yayinlari","10":"pa_yazar-vasili-grossman","12":"first","13":"instock","14":"sale","15":"shipping-taxable","16":"purchasable","17":"product-type-simple"},"_links":{"self":[{"href":"https:\/\/roveyayinevi.com.tr\/index.php\/wp-json\/wp\/v2\/product\/701004","targetHints":{"allow":["GET"]}}],"collection":[{"href":"https:\/\/roveyayinevi.com.tr\/index.php\/wp-json\/wp\/v2\/product"}],"about":[{"href":"https:\/\/roveyayinevi.com.tr\/index.php\/wp-json\/wp\/v2\/types\/product"}],"wp:attachment":[{"href":"https:\/\/roveyayinevi.com.tr\/index.php\/wp-json\/wp\/v2\/media?parent=701004"}],"wp:term":[{"taxonomy":"product_brand","embeddable":true,"href":"https:\/\/roveyayinevi.com.tr\/index.php\/wp-json\/wp\/v2\/product_brand?post=701004"},{"taxonomy":"product_cat","embeddable":true,"href":"https:\/\/roveyayinevi.com.tr\/index.php\/wp-json\/wp\/v2\/product_cat?post=701004"},{"taxonomy":"product_tag","embeddable":true,"href":"https:\/\/roveyayinevi.com.tr\/index.php\/wp-json\/wp\/v2\/product_tag?post=701004"}],"curies":[{"name":"wp","href":"https:\/\/api.w.org\/{rel}","templated":true}]}}