{"id":701002,"date":"2025-08-27T15:04:02","date_gmt":"2025-08-27T12:04:02","guid":{"rendered":"https:\/\/roveyayinevi.com.tr\/index.php\/urun\/aydinlar-uzerine\/"},"modified":"2026-04-16T02:10:09","modified_gmt":"2026-04-15T23:10:09","slug":"aydinlar-uzerine","status":"publish","type":"product","link":"https:\/\/roveyayinevi.com.tr\/index.php\/urun\/aydinlar-uzerine\/","title":{"rendered":"Ayd\u0131nlar \u00dczerine"},"content":{"rendered":"<p>20. y\u00fczy\u0131l\u0131n \u00f6nde gelen ayd\u0131nlar\u0131ndan Jean-Paul Sartre, romanlar\u0131, oyunlar\u0131 ve d\u00fc\u015f\u00fcnce yaz\u0131lar\u0131yla varolu\u015f\u00e7ulu\u011fu oldu\u011fu kadar b\u00fct\u00fcn bir y\u00fczy\u0131l\u0131n gen\u00e7lerini de etkilemi\u015ftir. Ayd\u0131n kimdir? Kendisini ilgilendirmeyen \u015feylere burnunu sokan, insan ve toplum ad\u0131na kabullenilmi\u015f ger\u00e7eklerin ve bundan kaynaklanan davran\u0131\u015flar\u0131n t\u00fcm\u00fcn\u00fc sorgulama iddias\u0131nda olan biri midir? \u0130\u015flevi var m\u0131d\u0131r? Bu i\u015flevini yerine getirmek i\u00e7in kim g\u00f6revlendirmi\u015ftir onu? Yoksa onun \u00f6zelli\u011fi, hi\u00e7 kimse taraf\u0131ndan g\u00f6revlendirilmemi\u015f olmas\u0131, konumundan dolay\u0131 kimseye bor\u00e7lu olmamas\u0131 m\u0131d\u0131r? \u00d6yleyse bu \u00f6zelli\u011fiyle o, canavarla\u015fm\u0131\u015f toplumlar\u0131n \u00fcr\u00fcn\u00fc bir canavard\u0131r. Onu kimse istememekte, hi\u00e7 kimse tan\u0131mamaktad\u0131r. S\u00f6yledikleri, yazd\u0131klar\u0131 kar\u015f\u0131s\u0131nda duyarl\u0131 olunabilir, ama varolu\u015funa pek ald\u0131r\u0131lmaz. 20. y\u00fczy\u0131l\u0131n en etkili d\u00fc\u015f\u00fcn\u00fcrlerinden Jean-Paul Sartre, Ayd\u0131nlar \u00dczerine adl\u0131 kitab\u0131nda ayd\u0131n kavram\u0131n\u0131 pek \u00e7ok y\u00f6nden inceliyor.\ufffcTan\u0131t\u0131m Metni<\/p>\n","protected":false},"excerpt":{"rendered":"<p>20. y\u00fczy\u0131l\u0131n \u00f6nde gelen ayd\u0131nlar\u0131ndan Jean-Paul Sartre, romanlar\u0131, oyunlar\u0131 ve d\u00fc\u015f\u00fcnce yaz\u0131lar\u0131yla varolu\u015f\u00e7ulu\u011fu oldu\u011fu kadar b\u00fct\u00fcn bir y\u00fczy\u0131l\u0131n gen\u00e7lerini de etkilemi\u015ftir. Ayd\u0131n kimdir? Kendisini ilgilendirmeyen \u015feylere<span class=\"excerpt-hellip\"> [\u2026]<\/span><\/p>\n","protected":false},"featured_media":0,"template":"","meta":{"_monsterinsights_skip_tracking":false,"_monsterinsights_sitenote_active":false,"_monsterinsights_sitenote_note":"","_monsterinsights_sitenote_category":0},"product_brand":[],"product_cat":[12389,12388],"product_tag":[],"class_list":{"0":"post-701002","1":"product","2":"type-product","3":"status-publish","5":"product_cat-diger-felsefe","6":"product_cat-felsefe","7":"pa_cilt-ciltsiz","8":"pa_tur-kitap","9":"pa_yayinevi-can-yayinlari","10":"pa_yazar-jean-paul-sartre","12":"first","13":"instock","14":"sale","15":"shipping-taxable","16":"purchasable","17":"product-type-simple"},"_links":{"self":[{"href":"https:\/\/roveyayinevi.com.tr\/index.php\/wp-json\/wp\/v2\/product\/701002","targetHints":{"allow":["GET"]}}],"collection":[{"href":"https:\/\/roveyayinevi.com.tr\/index.php\/wp-json\/wp\/v2\/product"}],"about":[{"href":"https:\/\/roveyayinevi.com.tr\/index.php\/wp-json\/wp\/v2\/types\/product"}],"wp:attachment":[{"href":"https:\/\/roveyayinevi.com.tr\/index.php\/wp-json\/wp\/v2\/media?parent=701002"}],"wp:term":[{"taxonomy":"product_brand","embeddable":true,"href":"https:\/\/roveyayinevi.com.tr\/index.php\/wp-json\/wp\/v2\/product_brand?post=701002"},{"taxonomy":"product_cat","embeddable":true,"href":"https:\/\/roveyayinevi.com.tr\/index.php\/wp-json\/wp\/v2\/product_cat?post=701002"},{"taxonomy":"product_tag","embeddable":true,"href":"https:\/\/roveyayinevi.com.tr\/index.php\/wp-json\/wp\/v2\/product_tag?post=701002"}],"curies":[{"name":"wp","href":"https:\/\/api.w.org\/{rel}","templated":true}]}}