{"id":701001,"date":"2025-08-27T15:04:02","date_gmt":"2025-08-27T12:04:02","guid":{"rendered":"https:\/\/roveyayinevi.com.tr\/index.php\/urun\/ihracata-yonelik-devlet-yardimlari-kolay-mevzuat\/"},"modified":"2026-04-16T02:10:09","modified_gmt":"2026-04-15T23:10:09","slug":"ihracata-yonelik-devlet-yardimlari-kolay-mevzuat","status":"publish","type":"product","link":"https:\/\/roveyayinevi.com.tr\/index.php\/urun\/ihracata-yonelik-devlet-yardimlari-kolay-mevzuat\/","title":{"rendered":"\u0130hracata Y\u00f6nelik Devlet Yard\u0131mlar\u0131 Kolay Mevzuat"},"content":{"rendered":"<p>1-Yurt D\u0131\u015f\u0131 fuar kat\u0131l\u0131mlar\u0131n\u0131n desteklenmesi2-Pazar Ara\u015ft\u0131rmas\u0131 ve Pazara giri\u015f deste\u011fi3-Yurtd\u0131\u015f\u0131 birim, mark ave tan\u0131t\u0131m faaliyetlerinin desteklenmesi4-T\u00fcrk \u00dcr\u00fcnlerinin yurtd\u0131\u015f\u0131nda markala\u015fmas\u0131, t\u00fcrk mal\u0131 imaj\u0131n\u0131n yerle\u015ftirilmesi ve turquality nin desteklenmesi5-\u00c7evre maaliyetlerinin desteklenmesi6-Tasar\u0131m faaliyetlerinin desteklenmesi hakk\u0131nda tebli\u011f7-2010\/8say\u0131l\u0131 uluslararas\u0131 rekabet\u00e7ili\u011fin geli\u015ftirilmesinin desteklenmesi <\/p>\n","protected":false},"excerpt":{"rendered":"<p>1-Yurt D\u0131\u015f\u0131 fuar kat\u0131l\u0131mlar\u0131n\u0131n desteklenmesi2-Pazar Ara\u015ft\u0131rmas\u0131 ve Pazara giri\u015f deste\u011fi3-Yurtd\u0131\u015f\u0131 birim, mark ave tan\u0131t\u0131m faaliyetlerinin desteklenmesi4-T\u00fcrk \u00dcr\u00fcnlerinin yurtd\u0131\u015f\u0131nda markala\u015fmas\u0131, t\u00fcrk mal\u0131 imaj\u0131n\u0131n yerle\u015ftirilmesi ve turquality nin<span class=\"excerpt-hellip\"> [\u2026]<\/span><\/p>\n","protected":false},"featured_media":0,"template":"","meta":{"_monsterinsights_skip_tracking":false,"_monsterinsights_sitenote_active":false,"_monsterinsights_sitenote_note":"","_monsterinsights_sitenote_category":0},"product_brand":[],"product_cat":[12573,12566],"product_tag":[],"class_list":{"0":"post-701001","1":"product","2":"type-product","3":"status-publish","5":"product_cat-akademik-kitaplar","6":"product_cat-egitim","7":"pa_cilt-ciltsiz","8":"pa_tur-kitap","9":"pa_yayinevi-gazi-kitabevi","10":"pa_yazar-mutlu-yilmaz","12":"first","13":"instock","14":"sale","15":"shipping-taxable","16":"purchasable","17":"product-type-simple"},"_links":{"self":[{"href":"https:\/\/roveyayinevi.com.tr\/index.php\/wp-json\/wp\/v2\/product\/701001","targetHints":{"allow":["GET"]}}],"collection":[{"href":"https:\/\/roveyayinevi.com.tr\/index.php\/wp-json\/wp\/v2\/product"}],"about":[{"href":"https:\/\/roveyayinevi.com.tr\/index.php\/wp-json\/wp\/v2\/types\/product"}],"wp:attachment":[{"href":"https:\/\/roveyayinevi.com.tr\/index.php\/wp-json\/wp\/v2\/media?parent=701001"}],"wp:term":[{"taxonomy":"product_brand","embeddable":true,"href":"https:\/\/roveyayinevi.com.tr\/index.php\/wp-json\/wp\/v2\/product_brand?post=701001"},{"taxonomy":"product_cat","embeddable":true,"href":"https:\/\/roveyayinevi.com.tr\/index.php\/wp-json\/wp\/v2\/product_cat?post=701001"},{"taxonomy":"product_tag","embeddable":true,"href":"https:\/\/roveyayinevi.com.tr\/index.php\/wp-json\/wp\/v2\/product_tag?post=701001"}],"curies":[{"name":"wp","href":"https:\/\/api.w.org\/{rel}","templated":true}]}}