{"id":700999,"date":"2025-08-27T15:04:01","date_gmt":"2025-08-27T12:04:01","guid":{"rendered":"https:\/\/roveyayinevi.com.tr\/index.php\/urun\/irak-ve-misir\/"},"modified":"2026-04-16T02:10:09","modified_gmt":"2026-04-15T23:10:09","slug":"irak-ve-misir","status":"publish","type":"product","link":"https:\/\/roveyayinevi.com.tr\/index.php\/urun\/irak-ve-misir\/","title":{"rendered":"Irak ve M\u0131s\u0131r"},"content":{"rendered":"<p>\u00dclkeler aras\u0131ndaki ger\u00e7ek dostluk, o \u00fclkelerin halklar\u0131 aras\u0131ndaki sevgidir. En sa\u011flam sevgi de, halklar\u0131n birbirlerini do\u011fru olarak tan\u0131mlamalar\u0131yla olu\u015fabilir. Halklar\u0131 birbirlerine do\u011frulukla tan\u0131t\u0131p aralar\u0131nda sevgi ba\u011f\u0131n\u0131, yani ger\u00e7ek dostlu\u011fu kurmak da, en ba\u015fta yazarlar\u0131n, sanat\u00e7\u0131lar\u0131n g\u00f6revidir. Bu gezi yaz\u0131lar\u0131mda elimden geldi\u011fince \u00e7al\u0131\u015f\u0131yorum. Elli y\u0131l sonra bug\u00fcnk\u00fc iktidarlar\u0131n hi\u00e7biri kalmaz; bu kitab\u0131n yazar\u0131 da kalmaz. Ama T\u00fcrk halk\u0131 da, Arap halk\u0131 da elli de\u011fil, y\u00fczlerce, binlerce y\u0131l, sonsuza dek kal\u0131r. Ben, halklar\u0131m\u0131z i\u00e7in, halklar\u0131m\u0131z i\u00e7in, halklar\u0131m\u0131z\u0131n dostlu\u011fu, birbirlerini iyi tan\u0131yarak sevmeleri i\u00e7in yaz\u0131yorum. \ufffcTan\u0131t\u0131m Metni<\/p>\n","protected":false},"excerpt":{"rendered":"<p>\u00dclkeler aras\u0131ndaki ger\u00e7ek dostluk, o \u00fclkelerin halklar\u0131 aras\u0131ndaki sevgidir. En sa\u011flam sevgi de, halklar\u0131n birbirlerini do\u011fru olarak tan\u0131mlamalar\u0131yla olu\u015fabilir. Halklar\u0131 birbirlerine do\u011frulukla tan\u0131t\u0131p aralar\u0131nda sevgi ba\u011f\u0131n\u0131,<span class=\"excerpt-hellip\"> [\u2026]<\/span><\/p>\n","protected":false},"featured_media":0,"template":"","meta":{"_monsterinsights_skip_tracking":false,"_monsterinsights_sitenote_active":false,"_monsterinsights_sitenote_note":"","_monsterinsights_sitenote_category":0},"product_brand":[],"product_cat":[13055,13054],"product_tag":[],"class_list":{"0":"post-700999","1":"product","2":"type-product","3":"status-publish","5":"product_cat-gezi-rehberi","6":"product_cat-gezi-ve-rehber-kitaplari","7":"pa_tur-kitap","8":"pa_yayinevi-nesin-yayinlari","9":"pa_yazar-aziz-nesin","11":"first","12":"instock","13":"sale","14":"shipping-taxable","15":"purchasable","16":"product-type-simple"},"_links":{"self":[{"href":"https:\/\/roveyayinevi.com.tr\/index.php\/wp-json\/wp\/v2\/product\/700999","targetHints":{"allow":["GET"]}}],"collection":[{"href":"https:\/\/roveyayinevi.com.tr\/index.php\/wp-json\/wp\/v2\/product"}],"about":[{"href":"https:\/\/roveyayinevi.com.tr\/index.php\/wp-json\/wp\/v2\/types\/product"}],"wp:attachment":[{"href":"https:\/\/roveyayinevi.com.tr\/index.php\/wp-json\/wp\/v2\/media?parent=700999"}],"wp:term":[{"taxonomy":"product_brand","embeddable":true,"href":"https:\/\/roveyayinevi.com.tr\/index.php\/wp-json\/wp\/v2\/product_brand?post=700999"},{"taxonomy":"product_cat","embeddable":true,"href":"https:\/\/roveyayinevi.com.tr\/index.php\/wp-json\/wp\/v2\/product_cat?post=700999"},{"taxonomy":"product_tag","embeddable":true,"href":"https:\/\/roveyayinevi.com.tr\/index.php\/wp-json\/wp\/v2\/product_tag?post=700999"}],"curies":[{"name":"wp","href":"https:\/\/api.w.org\/{rel}","templated":true}]}}