{"id":700993,"date":"2025-08-27T15:03:59","date_gmt":"2025-08-27T12:03:59","guid":{"rendered":"https:\/\/roveyayinevi.com.tr\/index.php\/urun\/sora-sora-cennet-bulunur\/"},"modified":"2026-04-16T02:10:09","modified_gmt":"2026-04-15T23:10:09","slug":"sora-sora-cennet-bulunur","status":"publish","type":"product","link":"https:\/\/roveyayinevi.com.tr\/index.php\/urun\/sora-sora-cennet-bulunur\/","title":{"rendered":"Sora Sora Cennet Bulunur"},"content":{"rendered":"<p>Ben bir rastlant\u0131yla okuma olana\u011f\u0131 bulmu\u015ftum. A\u00e7lar\u0131n, \u00e7\u0131plaklar\u0131n, okuyamayanlar\u0131n yerini, \u015fans bize g\u00fclm\u00fc\u015f, biz doldurmu\u015ftuk. Peki bana bunlar\u0131 kim veriyor diye sordu\u011fumda, o g\u00fcnlerdeki yan\u0131t\u0131m \u2018devlet\u2019 oluyordu. Daha sonra, \u2018devlet kimi temsil ediyor\u2019 sorusuyla as\u0131l kar\u015f\u0131l\u0131\u011f\u0131 da buldum: Halk veriyordu. T\u00fcrkiye gibi okuyamayanlar\u0131n milyonlar\u0131 buldu\u011fu bir \u00fclkede, okuyabilenleri asl\u0131nda halk okutuyordu. Bunu biyere geldikten sonra herkesin d\u00fc\u015f\u00fcnmesi gerekiyor. Bu bor\u00e7 \u00f6denmez, ama \u00f6demeye \u00e7al\u0131\u015fmak gerekiyor. \ufffcTan\u0131t\u0131m Metni<\/p>\n","protected":false},"excerpt":{"rendered":"<p>Ben bir rastlant\u0131yla okuma olana\u011f\u0131 bulmu\u015ftum. A\u00e7lar\u0131n, \u00e7\u0131plaklar\u0131n, okuyamayanlar\u0131n yerini, \u015fans bize g\u00fclm\u00fc\u015f, biz doldurmu\u015ftuk. Peki bana bunlar\u0131 kim veriyor diye sordu\u011fumda, o g\u00fcnlerdeki yan\u0131t\u0131m \u2018devlet\u2019<span class=\"excerpt-hellip\"> [\u2026]<\/span><\/p>\n","protected":false},"featured_media":0,"template":"","meta":{"_monsterinsights_skip_tracking":false,"_monsterinsights_sitenote_active":false,"_monsterinsights_sitenote_note":"","_monsterinsights_sitenote_category":0},"product_brand":[],"product_cat":[12364,12826],"product_tag":[],"class_list":{"0":"post-700993","1":"product","2":"type-product","3":"status-publish","5":"product_cat-genel-konular","6":"product_cat-soylesi","7":"pa_tur-kitap","8":"pa_yayinevi-nesin-yayinlari","9":"pa_yazar-aziz-nesin","11":"first","12":"instock","13":"sale","14":"shipping-taxable","15":"purchasable","16":"product-type-simple"},"_links":{"self":[{"href":"https:\/\/roveyayinevi.com.tr\/index.php\/wp-json\/wp\/v2\/product\/700993","targetHints":{"allow":["GET"]}}],"collection":[{"href":"https:\/\/roveyayinevi.com.tr\/index.php\/wp-json\/wp\/v2\/product"}],"about":[{"href":"https:\/\/roveyayinevi.com.tr\/index.php\/wp-json\/wp\/v2\/types\/product"}],"wp:attachment":[{"href":"https:\/\/roveyayinevi.com.tr\/index.php\/wp-json\/wp\/v2\/media?parent=700993"}],"wp:term":[{"taxonomy":"product_brand","embeddable":true,"href":"https:\/\/roveyayinevi.com.tr\/index.php\/wp-json\/wp\/v2\/product_brand?post=700993"},{"taxonomy":"product_cat","embeddable":true,"href":"https:\/\/roveyayinevi.com.tr\/index.php\/wp-json\/wp\/v2\/product_cat?post=700993"},{"taxonomy":"product_tag","embeddable":true,"href":"https:\/\/roveyayinevi.com.tr\/index.php\/wp-json\/wp\/v2\/product_tag?post=700993"}],"curies":[{"name":"wp","href":"https:\/\/api.w.org\/{rel}","templated":true}]}}