{"id":700991,"date":"2025-08-27T15:03:59","date_gmt":"2025-08-27T12:03:59","guid":{"rendered":"https:\/\/roveyayinevi.com.tr\/index.php\/urun\/uluslararasi-ekonomi-politige-giris\/"},"modified":"2026-04-16T02:10:09","modified_gmt":"2026-04-15T23:10:09","slug":"uluslararasi-ekonomi-politige-giris","status":"publish","type":"product","link":"https:\/\/roveyayinevi.com.tr\/index.php\/urun\/uluslararasi-ekonomi-politige-giris\/","title":{"rendered":"Uluslararas\u0131 Ekonomi Politi\u011fe Giri\u015f"},"content":{"rendered":"<p>Bu eser, siyaset ve ekonomilerin k\u00fcresel a\u00e7\u0131dan nas\u0131l kesi\u015ftiklerini tam ve anla\u015f\u0131l\u0131r bir \u015fekilde ortaya koymakta; UEP\u2019yi \u015fekillendiren teorileri, kurumlar\u0131 ve ili\u015fkileri b\u00f6lgesel etkileri ve ulus-\u00f6tesi yans\u0131malar\u0131 a\u00e7\u0131s\u0131ndan incelemektedir. Bat\u0131\u2019da alan\u0131nda en \u00e7ok satan kitaplardan biri olan Uluslararas\u0131 Ekonomi Politi\u011fe Giri\u015f kitab\u0131, okuyucular\u0131n k\u00fcresel ekonomiyi ele\u015ftirel bir \u015fekilde de\u011ferlendirmelerine; siyasi, ekonomik ve sosyal g\u00fc\u00e7lerin ki\u015filer \u00fczerindeki etkilerini \u00e7\u00f6z\u00fcmlemelerine imk\u00e2n sa\u011flar. Balaam ve Dillman, UEP\u2019deki ana ak\u0131mlar\u0131 yarat\u0131c\u0131 bir \u015fekilde a\u00e7l\u0131k ve k\u00fcresel \u0131s\u0131nma gibi muhtelif k\u00fcresel sorunlara uygulamaktad\u0131r. Kitap, \u00f6\u011frencilere devletler ve piyasalar aras\u0131ndaki ili\u015fki ve \u00e7at\u0131\u015fmalar\u0131n g\u00fcndelik hayatlar\u0131m\u0131z\u0131 nas\u0131l etkiledi\u011fini g\u00f6stermeye \u00e7al\u0131\u015fmaktad\u0131r. UEP\u2019yi \u00f6\u011frenmek, okuyuculara ve \u00f6\u011frencilere k\u00fcresel haberleri, ticari yat\u0131r\u0131mlar\u0131 ve h\u00fck\u00fcmet politikalar\u0131n\u0131, d\u00fcnya sorunlar\u0131n\u0131n karma\u015f\u0131kl\u0131\u011f\u0131n\u0131 ve entelekt\u00fcel sorunlar\u0131 g\u00f6z arad\u0131 etmeksizin kolayca \u00e7\u00f6z\u00fcmleme yetene\u011fi kazand\u0131r\u0131r. UEPG, son d\u00fcnya ekonomik krizinin sebep ve yans\u0131malar\u0131 \u00fczerine derinlemesine \u00e7\u00f6z\u00fcmlemeler de i\u00e7ermektedir.<\/p>\n","protected":false},"excerpt":{"rendered":"<p>Bu eser, siyaset ve ekonomilerin k\u00fcresel a\u00e7\u0131dan nas\u0131l kesi\u015ftiklerini tam ve anla\u015f\u0131l\u0131r bir \u015fekilde ortaya koymakta; UEP\u2019yi \u015fekillendiren teorileri, kurumlar\u0131 ve ili\u015fkileri b\u00f6lgesel etkileri ve ulus-\u00f6tesi<span class=\"excerpt-hellip\"> [\u2026]<\/span><\/p>\n","protected":false},"featured_media":0,"template":"","meta":{"_monsterinsights_skip_tracking":false,"_monsterinsights_sitenote_active":false,"_monsterinsights_sitenote_note":"","_monsterinsights_sitenote_category":0},"product_brand":[],"product_cat":[12338,12337],"product_tag":[],"class_list":{"0":"post-700991","1":"product","2":"type-product","3":"status-publish","5":"product_cat-dunya-siyaseti-ve-politikasi","6":"product_cat-politika-siyaset","7":"pa_cilt-ciltsiz","8":"pa_tur-kitap","9":"pa_yayinevi-adres-yayinlari","10":"pa_yazar-david-n-balaam","12":"first","13":"instock","14":"sale","15":"shipping-taxable","16":"purchasable","17":"product-type-simple"},"_links":{"self":[{"href":"https:\/\/roveyayinevi.com.tr\/index.php\/wp-json\/wp\/v2\/product\/700991","targetHints":{"allow":["GET"]}}],"collection":[{"href":"https:\/\/roveyayinevi.com.tr\/index.php\/wp-json\/wp\/v2\/product"}],"about":[{"href":"https:\/\/roveyayinevi.com.tr\/index.php\/wp-json\/wp\/v2\/types\/product"}],"wp:attachment":[{"href":"https:\/\/roveyayinevi.com.tr\/index.php\/wp-json\/wp\/v2\/media?parent=700991"}],"wp:term":[{"taxonomy":"product_brand","embeddable":true,"href":"https:\/\/roveyayinevi.com.tr\/index.php\/wp-json\/wp\/v2\/product_brand?post=700991"},{"taxonomy":"product_cat","embeddable":true,"href":"https:\/\/roveyayinevi.com.tr\/index.php\/wp-json\/wp\/v2\/product_cat?post=700991"},{"taxonomy":"product_tag","embeddable":true,"href":"https:\/\/roveyayinevi.com.tr\/index.php\/wp-json\/wp\/v2\/product_tag?post=700991"}],"curies":[{"name":"wp","href":"https:\/\/api.w.org\/{rel}","templated":true}]}}