{"id":700986,"date":"2025-08-27T15:03:57","date_gmt":"2025-08-27T12:03:57","guid":{"rendered":"https:\/\/roveyayinevi.com.tr\/index.php\/urun\/canim-erdalim-sevgili-babacigim\/"},"modified":"2026-02-24T02:13:54","modified_gmt":"2026-02-23T23:13:54","slug":"canim-erdalim-sevgili-babacigim","status":"publish","type":"product","link":"https:\/\/roveyayinevi.com.tr\/index.php\/urun\/canim-erdalim-sevgili-babacigim\/","title":{"rendered":"Can\u0131m Erdal\u0131m, Sevgili Babac\u0131\u011f\u0131m"},"content":{"rendered":"<p>Can D\u00fcndar\u2019\u0131n yay\u0131na haz\u0131rlad\u0131\u011f\u0131 Can\u0131m Erdal\u0131m, Sevgili Babac\u0131\u011f\u0131m, \u0130smet \u0130n\u00f6n\u00fc ile Erdal \u0130n\u00f6n\u00fc\u2019n\u00fcn mektupla\u015fmalar\u0131ndan olu\u015fan bir kitap. <\/p>\n","protected":false},"excerpt":{"rendered":"<p>Can D\u00fcndar\u2019\u0131n yay\u0131na haz\u0131rlad\u0131\u011f\u0131 Can\u0131m Erdal\u0131m, Sevgili Babac\u0131\u011f\u0131m, \u0130smet \u0130n\u00f6n\u00fc ile Erdal \u0130n\u00f6n\u00fc\u2019n\u00fcn mektupla\u015fmalar\u0131ndan olu\u015fan bir kitap.<\/p>\n","protected":false},"featured_media":0,"template":"","meta":{"_monsterinsights_skip_tracking":false,"_monsterinsights_sitenote_active":false,"_monsterinsights_sitenote_note":"","_monsterinsights_sitenote_category":0},"product_brand":[],"product_cat":[12312,12304],"product_tag":[],"class_list":{"0":"post-700986","1":"product","2":"type-product","3":"status-publish","5":"product_cat-diger","6":"product_cat-tarih","7":"pa_cilt-ciltsiz","8":"pa_tur-kitap","9":"pa_yayinevi-can-yayinlari","10":"pa_yazar-can-dundar","12":"first","13":"instock","14":"sale","15":"shipping-taxable","16":"purchasable","17":"product-type-simple"},"_links":{"self":[{"href":"https:\/\/roveyayinevi.com.tr\/index.php\/wp-json\/wp\/v2\/product\/700986","targetHints":{"allow":["GET"]}}],"collection":[{"href":"https:\/\/roveyayinevi.com.tr\/index.php\/wp-json\/wp\/v2\/product"}],"about":[{"href":"https:\/\/roveyayinevi.com.tr\/index.php\/wp-json\/wp\/v2\/types\/product"}],"wp:attachment":[{"href":"https:\/\/roveyayinevi.com.tr\/index.php\/wp-json\/wp\/v2\/media?parent=700986"}],"wp:term":[{"taxonomy":"product_brand","embeddable":true,"href":"https:\/\/roveyayinevi.com.tr\/index.php\/wp-json\/wp\/v2\/product_brand?post=700986"},{"taxonomy":"product_cat","embeddable":true,"href":"https:\/\/roveyayinevi.com.tr\/index.php\/wp-json\/wp\/v2\/product_cat?post=700986"},{"taxonomy":"product_tag","embeddable":true,"href":"https:\/\/roveyayinevi.com.tr\/index.php\/wp-json\/wp\/v2\/product_tag?post=700986"}],"curies":[{"name":"wp","href":"https:\/\/api.w.org\/{rel}","templated":true}]}}