{"id":700985,"date":"2025-08-27T15:03:57","date_gmt":"2025-08-27T12:03:57","guid":{"rendered":"https:\/\/roveyayinevi.com.tr\/index.php\/urun\/yanardagin-altinda\/"},"modified":"2026-04-16T02:10:08","modified_gmt":"2026-04-15T23:10:08","slug":"yanardagin-altinda","status":"publish","type":"product","link":"https:\/\/roveyayinevi.com.tr\/index.php\/urun\/yanardagin-altinda\/","title":{"rendered":"Yanarda\u011f\u0131n Alt\u0131nda"},"content":{"rendered":"<p>1957 y\u0131l\u0131nda k\u0131rk sekiz ya\u015f\u0131ndayken intihar eden \u00fcnl\u00fc \u0130ngiliz romanc\u0131 Malcolm Lowry, k\u0131sa s\u00fcren ya\u015fam\u0131n\u0131n t\u00fcm\u00fcn\u00fc \u00f6l\u00fcme varacak bir yar\u0131\u015f gibi ya\u015fad\u0131. S\u0131k\u0131nt\u0131lar\u0131ndan, birbirine eklenen alkol ve delilik n\u00f6betlerinden ka\u00e7arcas\u0131na d\u00fcnyan\u0131n pek \u00e7ok k\u00f6\u015fesine gitti. Ya\u015fam\u00f6yk\u00fcs\u00fcn\u00fc kaleme alan Douglas Day\u2019e g\u00f6re Lowry alkolik oldu\u011fu i\u00e7in delirmedi, deli oldu\u011fu i\u00e7in alkole s\u0131\u011f\u0131nd\u0131. \ufffcTan\u0131t\u0131m Metni<\/p>\n","protected":false},"excerpt":{"rendered":"<p>1957 y\u0131l\u0131nda k\u0131rk sekiz ya\u015f\u0131ndayken intihar eden \u00fcnl\u00fc \u0130ngiliz romanc\u0131 Malcolm Lowry, k\u0131sa s\u00fcren ya\u015fam\u0131n\u0131n t\u00fcm\u00fcn\u00fc \u00f6l\u00fcme varacak bir yar\u0131\u015f gibi ya\u015fad\u0131. S\u0131k\u0131nt\u0131lar\u0131ndan, birbirine eklenen alkol<span class=\"excerpt-hellip\"> [\u2026]<\/span><\/p>\n","protected":false},"featured_media":0,"template":"","meta":{"_monsterinsights_skip_tracking":false,"_monsterinsights_sitenote_active":false,"_monsterinsights_sitenote_note":"","_monsterinsights_sitenote_category":0},"product_brand":[],"product_cat":[12291,12866],"product_tag":[],"class_list":{"0":"post-700985","1":"product","2":"type-product","3":"status-publish","5":"product_cat-edebiyat","6":"product_cat-ingiliz-edebiyati","7":"pa_cilt-ciltsiz","8":"pa_tur-kitap","9":"pa_yayinevi-can-yayinlari","10":"pa_yazar-malcolm-lowry","12":"first","13":"instock","14":"sale","15":"shipping-taxable","16":"purchasable","17":"product-type-simple"},"_links":{"self":[{"href":"https:\/\/roveyayinevi.com.tr\/index.php\/wp-json\/wp\/v2\/product\/700985","targetHints":{"allow":["GET"]}}],"collection":[{"href":"https:\/\/roveyayinevi.com.tr\/index.php\/wp-json\/wp\/v2\/product"}],"about":[{"href":"https:\/\/roveyayinevi.com.tr\/index.php\/wp-json\/wp\/v2\/types\/product"}],"wp:attachment":[{"href":"https:\/\/roveyayinevi.com.tr\/index.php\/wp-json\/wp\/v2\/media?parent=700985"}],"wp:term":[{"taxonomy":"product_brand","embeddable":true,"href":"https:\/\/roveyayinevi.com.tr\/index.php\/wp-json\/wp\/v2\/product_brand?post=700985"},{"taxonomy":"product_cat","embeddable":true,"href":"https:\/\/roveyayinevi.com.tr\/index.php\/wp-json\/wp\/v2\/product_cat?post=700985"},{"taxonomy":"product_tag","embeddable":true,"href":"https:\/\/roveyayinevi.com.tr\/index.php\/wp-json\/wp\/v2\/product_tag?post=700985"}],"curies":[{"name":"wp","href":"https:\/\/api.w.org\/{rel}","templated":true}]}}