{"id":700984,"date":"2025-08-27T15:03:56","date_gmt":"2025-08-27T12:03:56","guid":{"rendered":"https:\/\/roveyayinevi.com.tr\/index.php\/urun\/ciplak-sokak\/"},"modified":"2026-04-03T02:14:36","modified_gmt":"2026-04-02T23:14:36","slug":"ciplak-sokak","status":"publish","type":"product","link":"https:\/\/roveyayinevi.com.tr\/index.php\/urun\/ciplak-sokak\/","title":{"rendered":"\u00c7\u0131plak Sokak"},"content":{"rendered":"<p>Jose Mauro de Vasconcelos un bu roman\u0131nda, olaylar, bir kenar mahallenin k\u00f6y yolunu and\u0131ran bir soka\u011f\u0131nda ge\u00e7iyor. Her b\u00f6l\u00fcm\u00fc, her par\u00e7as\u0131, t\u00fcrl\u00fc renk tonlar\u0131yla dolu bir kitap. Toplumsal yalanlar, bireysel ikiy\u00fczl\u00fcl\u00fckler, duygusal \u00f6zlemleri alt\u00fcst eden ki\u015fisel hesaplar, ac\u0131 alaylar, karga\u015fa i\u00e7indeki bir toplumun a\u00e7\u0131k belirtileri olan kaprisler birer birer \u00f6n\u00fcm\u00fcze seriliyor. Kitab\u0131n ba\u015fkahramanlar\u0131, ba\u015fkalar\u0131na adanm\u0131\u015f sade bir ya\u015fam s\u00fcrmek u\u011fruna, kendi d\u00fcnyalar\u0131n\u0131 terk eden Antao ile Ananias ve onlar\u0131n \u00e7evresinde bu kenar mahallenin sevecen ve inan\u00e7l\u0131 sakinleri. Romanda yer alan ki\u015filer, olaylar, s\u0131cak, yumu\u015fak, \u015fiirli bir dille anlat\u0131l\u0131yor. \u00c7\u0131plak Sokak ta Tanr\u0131\u2019n\u0131n y\u00fcz\u00fcn\u00fc cesaretle arayan Vasconcelos, okuyucunun bu konuda kendi konumunu se\u00e7mesi ve son s\u00f6z\u00fc s\u00f6ylemesi i\u00e7in, yarg\u0131lar\u0131 ve tan\u0131mlamalar\u0131 onun yorumuna b\u0131rak\u0131yor. <\/p>\n","protected":false},"excerpt":{"rendered":"<p>Jose Mauro de Vasconcelos un bu roman\u0131nda, olaylar, bir kenar mahallenin k\u00f6y yolunu and\u0131ran bir soka\u011f\u0131nda ge\u00e7iyor. Her b\u00f6l\u00fcm\u00fc, her par\u00e7as\u0131, t\u00fcrl\u00fc renk tonlar\u0131yla dolu bir<span class=\"excerpt-hellip\"> [\u2026]<\/span><\/p>\n","protected":false},"featured_media":0,"template":"","meta":{"_monsterinsights_skip_tracking":false,"_monsterinsights_sitenote_active":false,"_monsterinsights_sitenote_note":"","_monsterinsights_sitenote_category":0},"product_brand":[],"product_cat":[12291,12711],"product_tag":[],"class_list":{"0":"post-700984","1":"product","2":"type-product","3":"status-publish","5":"product_cat-edebiyat","6":"product_cat-roman-oyku","7":"pa_cilt-ciltsiz","8":"pa_tur-kitap","9":"pa_yayinevi-can-yayinlari","10":"pa_yazar-jose-mauro-de-vasconcelos","12":"first","13":"instock","14":"sale","15":"shipping-taxable","16":"purchasable","17":"product-type-simple"},"_links":{"self":[{"href":"https:\/\/roveyayinevi.com.tr\/index.php\/wp-json\/wp\/v2\/product\/700984","targetHints":{"allow":["GET"]}}],"collection":[{"href":"https:\/\/roveyayinevi.com.tr\/index.php\/wp-json\/wp\/v2\/product"}],"about":[{"href":"https:\/\/roveyayinevi.com.tr\/index.php\/wp-json\/wp\/v2\/types\/product"}],"wp:attachment":[{"href":"https:\/\/roveyayinevi.com.tr\/index.php\/wp-json\/wp\/v2\/media?parent=700984"}],"wp:term":[{"taxonomy":"product_brand","embeddable":true,"href":"https:\/\/roveyayinevi.com.tr\/index.php\/wp-json\/wp\/v2\/product_brand?post=700984"},{"taxonomy":"product_cat","embeddable":true,"href":"https:\/\/roveyayinevi.com.tr\/index.php\/wp-json\/wp\/v2\/product_cat?post=700984"},{"taxonomy":"product_tag","embeddable":true,"href":"https:\/\/roveyayinevi.com.tr\/index.php\/wp-json\/wp\/v2\/product_tag?post=700984"}],"curies":[{"name":"wp","href":"https:\/\/api.w.org\/{rel}","templated":true}]}}