{"id":700982,"date":"2025-08-27T15:03:55","date_gmt":"2025-08-27T12:03:55","guid":{"rendered":"https:\/\/roveyayinevi.com.tr\/index.php\/urun\/cicoz\/"},"modified":"2026-04-16T02:10:08","modified_gmt":"2026-04-15T23:10:08","slug":"cicoz","status":"publish","type":"product","link":"https:\/\/roveyayinevi.com.tr\/index.php\/urun\/cicoz\/","title":{"rendered":"Cicoz"},"content":{"rendered":"<p>Annem sevmi\u015f miydi babam\u0131? \u015eimdiki a\u011fz\u0131na bakarsan seviyor. \u00c7ocuk g\u00f6zlerime dolu\u015fmu\u015f g\u00f6r\u00fcnt\u00fcler hi\u00e7 de b\u00f6yle s\u00f6ylemiyor oysa. Bir h\u0131zl\u0131 trendi benim babam; i\u00e7inde mor menek\u015felerin y\u00fczd\u00fc\u011f\u00fc, ceylan serpintilerinin se\u011firdi\u011fi, ela ye\u015fili kahverengi g\u00f6zleri vard\u0131 babam\u0131n, yata\u011f\u0131mda \u00fczerime e\u011filmi\u015f, ok kirpikleriyle an\u0131ms\u0131yorum onu. Nas\u0131l da \u00e7om\u00e7oktu kirpikleri. Bir \u00e7er\u00e7eveden bakarlard\u0131 sanki. <\/p>\n","protected":false},"excerpt":{"rendered":"<p>Annem sevmi\u015f miydi babam\u0131? \u015eimdiki a\u011fz\u0131na bakarsan seviyor. \u00c7ocuk g\u00f6zlerime dolu\u015fmu\u015f g\u00f6r\u00fcnt\u00fcler hi\u00e7 de b\u00f6yle s\u00f6ylemiyor oysa. Bir h\u0131zl\u0131 trendi benim babam; i\u00e7inde mor menek\u015felerin y\u00fczd\u00fc\u011f\u00fc,<span class=\"excerpt-hellip\"> [\u2026]<\/span><\/p>\n","protected":false},"featured_media":0,"template":"","meta":{"_monsterinsights_skip_tracking":false,"_monsterinsights_sitenote_active":false,"_monsterinsights_sitenote_note":"","_monsterinsights_sitenote_category":0},"product_brand":[],"product_cat":[12274,12284],"product_tag":[],"class_list":{"0":"post-700982","1":"product","2":"type-product","3":"status-publish","5":"product_cat-cocuk-ve-genclik-kitaplari","6":"product_cat-hikayeler","7":"pa_cilt-ciltsiz","8":"pa_tur-kitap","9":"pa_yayinevi-can-yayinlari","10":"pa_yazar-m-sadik-aslankara","12":"first","13":"instock","14":"sale","15":"shipping-taxable","16":"purchasable","17":"product-type-simple"},"_links":{"self":[{"href":"https:\/\/roveyayinevi.com.tr\/index.php\/wp-json\/wp\/v2\/product\/700982","targetHints":{"allow":["GET"]}}],"collection":[{"href":"https:\/\/roveyayinevi.com.tr\/index.php\/wp-json\/wp\/v2\/product"}],"about":[{"href":"https:\/\/roveyayinevi.com.tr\/index.php\/wp-json\/wp\/v2\/types\/product"}],"wp:attachment":[{"href":"https:\/\/roveyayinevi.com.tr\/index.php\/wp-json\/wp\/v2\/media?parent=700982"}],"wp:term":[{"taxonomy":"product_brand","embeddable":true,"href":"https:\/\/roveyayinevi.com.tr\/index.php\/wp-json\/wp\/v2\/product_brand?post=700982"},{"taxonomy":"product_cat","embeddable":true,"href":"https:\/\/roveyayinevi.com.tr\/index.php\/wp-json\/wp\/v2\/product_cat?post=700982"},{"taxonomy":"product_tag","embeddable":true,"href":"https:\/\/roveyayinevi.com.tr\/index.php\/wp-json\/wp\/v2\/product_tag?post=700982"}],"curies":[{"name":"wp","href":"https:\/\/api.w.org\/{rel}","templated":true}]}}