{"id":700980,"date":"2025-08-27T15:03:55","date_gmt":"2025-08-27T12:03:55","guid":{"rendered":"https:\/\/roveyayinevi.com.tr\/index.php\/urun\/bunlar-da-mi-insan\/"},"modified":"2026-04-16T02:10:08","modified_gmt":"2026-04-15T23:10:08","slug":"bunlar-da-mi-insan","status":"publish","type":"product","link":"https:\/\/roveyayinevi.com.tr\/index.php\/urun\/bunlar-da-mi-insan\/","title":{"rendered":"Bunlar Da M\u0131 \u0130nsan ?"},"content":{"rendered":"<p>1919&#8217;da Torino&#8217;da do\u011fan &#8220;Primo Levi&#8221;, bu kentin k\u00fc\u00e7\u00fck Yahudi toplulu\u011fu i\u00e7inde b\u00fcy\u00fcd\u00fc. Torino \u00dcniversitesi&#8217;nde kimya e\u011fitimi g\u00f6rd\u00fc. \u0130kinci D\u00fcnya Sava\u015f\u0131 s\u0131ras\u0131nda Kuzey \u0130talya&#8217;da fa\u015fizme kar\u015f\u0131 direni\u015fe ge\u00e7en arkada\u015flar\u0131na kat\u0131ld\u0131, sonra tutuklanarak Auschwitz Toplama Kamp\u0131na g\u00f6nderildi. Onca eziyete kar\u015f\u0131n hayatta kalabildi. Sava\u015f bitince yine Torino&#8217;ya d\u00f6nd\u00fc. Can Yay\u0131nlar\u0131 aras\u0131nda yay\u0131nlad\u0131\u011f\u0131m\u0131z &#8220;Bo\u011fulanlar, Kurtulanlar&#8221; adl\u0131 kitab\u0131n\u0131 yaz\u0131p bitirdikten birka\u00e7 ay sonra 11 Nisan 1987&#8217;de intihar ederek ya\u015fam\u0131na son verdi. &#8220;Bunlar da m\u0131 \u0130nsan&#8221; (1947), onun en tan\u0131nm\u0131\u015f kitaplar\u0131ndan biri. Bu kitapta &#8220;Primo Levi&#8221;, Nazi toplama kamplar\u0131nda ya\u015fad\u0131klar\u0131n\u0131, g\u00f6rd\u00fcklerini, ola\u011fan\u00fcst\u00fc bir nesnellikle anlat\u0131yor. \ufffcTan\u0131t\u0131m Metni<\/p>\n","protected":false},"excerpt":{"rendered":"<p>1919&#8217;da Torino&#8217;da do\u011fan &#8220;Primo Levi&#8221;, bu kentin k\u00fc\u00e7\u00fck Yahudi toplulu\u011fu i\u00e7inde b\u00fcy\u00fcd\u00fc. Torino \u00dcniversitesi&#8217;nde kimya e\u011fitimi g\u00f6rd\u00fc. \u0130kinci D\u00fcnya Sava\u015f\u0131 s\u0131ras\u0131nda Kuzey \u0130talya&#8217;da fa\u015fizme kar\u015f\u0131 direni\u015fe<span class=\"excerpt-hellip\"> [\u2026]<\/span><\/p>\n","protected":false},"featured_media":0,"template":"","meta":{"_monsterinsights_skip_tracking":false,"_monsterinsights_sitenote_active":false,"_monsterinsights_sitenote_note":"","_monsterinsights_sitenote_category":0},"product_brand":[],"product_cat":[13701,12291],"product_tag":[],"class_list":{"0":"post-700980","1":"product","2":"type-product","3":"status-publish","5":"product_cat-ani-mektup-gunluk","6":"product_cat-edebiyat","7":"pa_cilt-ciltsiz","8":"pa_tur-kitap","9":"pa_yayinevi-can-yayinlari","10":"pa_yazar-primo-levi","12":"first","13":"instock","14":"sale","15":"shipping-taxable","16":"purchasable","17":"product-type-simple"},"_links":{"self":[{"href":"https:\/\/roveyayinevi.com.tr\/index.php\/wp-json\/wp\/v2\/product\/700980","targetHints":{"allow":["GET"]}}],"collection":[{"href":"https:\/\/roveyayinevi.com.tr\/index.php\/wp-json\/wp\/v2\/product"}],"about":[{"href":"https:\/\/roveyayinevi.com.tr\/index.php\/wp-json\/wp\/v2\/types\/product"}],"wp:attachment":[{"href":"https:\/\/roveyayinevi.com.tr\/index.php\/wp-json\/wp\/v2\/media?parent=700980"}],"wp:term":[{"taxonomy":"product_brand","embeddable":true,"href":"https:\/\/roveyayinevi.com.tr\/index.php\/wp-json\/wp\/v2\/product_brand?post=700980"},{"taxonomy":"product_cat","embeddable":true,"href":"https:\/\/roveyayinevi.com.tr\/index.php\/wp-json\/wp\/v2\/product_cat?post=700980"},{"taxonomy":"product_tag","embeddable":true,"href":"https:\/\/roveyayinevi.com.tr\/index.php\/wp-json\/wp\/v2\/product_tag?post=700980"}],"curies":[{"name":"wp","href":"https:\/\/api.w.org\/{rel}","templated":true}]}}